{"id":136,"date":"2020-04-08T19:42:00","date_gmt":"2020-04-08T17:42:00","guid":{"rendered":"http:\/\/aycastanaflamenco.com\/?page_id=136"},"modified":"2025-08-11T13:09:53","modified_gmt":"2025-08-11T11:09:53","slug":"agenda","status":"publish","type":"page","link":"https:\/\/aycastanaflamenco.com\/index.php\/agenda\/","title":{"rendered":"Agenda"},"content":{"rendered":"\n<div id=\"mec_skin_92\" class=\"mec-wrap colorskin-custom   mec-full-calendar-wrap\">\r\n\r\n    <div class=\"mec-search-form mec-totalcal-box\">\r\n                                    <div id=\"mec_search_form_92\" >\r\n                                                                                <\/div>\r\n        <div id=\"mec_search_form_92\">\r\n                                <\/div>\r\n        <div id=\"mec_search_form_92\" class=\"mec-full-calendar-search-ends\">\r\n                            <div class=\"mec-text-input-search\"><i class=\"mec-sl-magnifier\"><\/i>\r\n                    <input type=\"search\" value=\"\" id=\"mec_sf_s_92\" placeholder=\"\" \/>\r\n                <\/div>                                        <div class=\"mec-date-search\"><input type=\"hidden\" id=\"mec-filter-none\" value=\"Tout s\u00e9lectionner\"><i class=\"mec-sl-calendar\"><\/i>\r\n                    <select id=\"mec_sf_month_92\">\r\n                        <option value=\"\">Select Month<\/option><option class=\"mec-none-item\" value=\"none\" selected=\"selected\">Tout s\u00e9lectionner<\/option><option value=\"01\">janvier<\/option><option value=\"02\">f\u00e9vrier<\/option><option value=\"03\">mars<\/option><option value=\"04\">avril<\/option><option value=\"05\">mai<\/option><option value=\"06\">juin<\/option><option value=\"07\">juillet<\/option><option value=\"08\">ao\u00fbt<\/option><option value=\"09\">septembre<\/option><option value=\"10\">octobre<\/option><option value=\"11\">novembre<\/option><option value=\"12\">d\u00e9cembre<\/option><\/select><select id=\"mec_sf_year_92\"><option class=\"mec-none-item\" value=\"none\" selected=\"selected\">Tout s\u00e9lectionner<\/option><option value=\"2020\" >2020<\/option><option value=\"2021\" >2021<\/option><option value=\"2022\" >2022<\/option><option value=\"2023\" >2023<\/option><option value=\"2024\" >2024<\/option><option value=\"2025\" >2025<\/option><option value=\"2026\" >2026<\/option><option value=\"2027\" >2027<\/option><option value=\"2028\" >2028<\/option><option value=\"2029\" >2029<\/option><option value=\"2030\" >2030<\/option><\/select><\/div>                                                <div class=\"col-md-12 mec-tab-loader\">\r\n                <div class=\"mec-totalcal-view\">\r\n                                        <span class=\"mec-totalcal-monthlyview\" data-skin=\"monthly\">Mensuelle<\/span>                    <span class=\"mec-totalcal-weeklyview\" data-skin=\"weekly\">Hebdomadaire<\/span>                    <span class=\"mec-totalcal-dailyview\" data-skin=\"daily\">Quotidienne<\/span>                    <span class=\"mec-totalcal-listview mec-totalcalview-selected\" data-skin=\"list\">Vu en liste<\/span>                    <span class=\"mec-totalcal-gridview\" data-skin=\"grid\">Grid<\/span>                    <span class=\"mec-totalcal-tileview\" data-skin=\"tile\">Tile<\/span>                <\/div>\r\n            <\/div>\r\n        <\/div>\r\n            <\/div>\r\n\r\n    <div id=\"mec_full_calendar_container_92\" class=\"mec-full-calendar-skin-container\">\r\n        <div class=\"mec-wrap mec-skin-list-container  \" id=\"mec_skin_92\">\r\n    \r\n    \r\n        <div class=\"mec-skin-list-events-container\" id=\"mec_skin_events_92\">\r\n        Pas d'\u00e9v\u00e9nement actuellement programm\u00e9.    <\/div>\r\n        \r\n        \r\n<\/div>    <\/div>\r\n\r\n<\/div>\n\n\n\n<p><\/p>\n","protected":false},"excerpt":{"rendered":"","protected":false},"author":1,"featured_media":0,"parent":0,"menu_order":0,"comment_status":"closed","ping_status":"closed","template":"","meta":{"_monsterinsights_skip_tracking":false,"_monsterinsights_sitenote_active":false,"_monsterinsights_sitenote_note":"","_monsterinsights_sitenote_category":0,"footnotes":""},"class_list":["post-136","page","type-page","status-publish","hentry"],"yoast_head":"<!-- This site is optimized with the Yoast SEO plugin v25.2 - https:\/\/yoast.com\/wordpress\/plugins\/seo\/ -->\n<title>Agenda - \u00a1 Ay Casta\u00f1a ! Flamenco<\/title>\n<meta name=\"description\" content=\"Acc\u00e9dez \u00e0 l&#039;agenda de la compagnie flamenca \u00a1 Ay Casta\u00f1a ! et d\u00e9couvrez les dates de nos prochains \u00e9v\u00e9nements (spectacles, stages...).\" \/>\n<meta name=\"robots\" content=\"index, follow, max-snippet:-1, max-image-preview:large, max-video-preview:-1\" \/>\n<link rel=\"canonical\" href=\"https:\/\/aycastanaflamenco.com\/index.php\/agenda\/\" \/>\n<meta property=\"og:locale\" content=\"fr_FR\" \/>\n<meta property=\"og:type\" content=\"article\" \/>\n<meta property=\"og:title\" content=\"Agenda - \u00a1 Ay Casta\u00f1a ! Flamenco\" \/>\n<meta property=\"og:description\" content=\"Acc\u00e9dez \u00e0 l&#039;agenda de la compagnie flamenca \u00a1 Ay Casta\u00f1a ! et d\u00e9couvrez les dates de nos prochains \u00e9v\u00e9nements (spectacles, stages...).\" \/>\n<meta property=\"og:url\" content=\"https:\/\/aycastanaflamenco.com\/index.php\/agenda\/\" \/>\n<meta property=\"og:site_name\" content=\"\u00a1 Ay Casta\u00f1a ! Flamenco\" \/>\n<meta property=\"article:modified_time\" content=\"2025-08-11T11:09:53+00:00\" \/>\n<meta name=\"twitter:card\" content=\"summary_large_image\" \/>\n<meta name=\"twitter:label1\" content=\"Dur\u00e9e de lecture estim\u00e9e\" \/>\n\t<meta name=\"twitter:data1\" content=\"1 minute\" \/>\n<script type=\"application\/ld+json\" class=\"yoast-schema-graph\">{\"@context\":\"https:\/\/schema.org\",\"@graph\":[{\"@type\":\"WebPage\",\"@id\":\"https:\/\/aycastanaflamenco.com\/index.php\/agenda\/\",\"url\":\"https:\/\/aycastanaflamenco.com\/index.php\/agenda\/\",\"name\":\"Agenda - \u00a1 Ay Casta\u00f1a ! Flamenco\",\"isPartOf\":{\"@id\":\"https:\/\/aycastanaflamenco.com\/#website\"},\"datePublished\":\"2020-04-08T17:42:00+00:00\",\"dateModified\":\"2025-08-11T11:09:53+00:00\",\"description\":\"Acc\u00e9dez \u00e0 l'agenda de la compagnie flamenca \u00a1 Ay Casta\u00f1a ! et d\u00e9couvrez les dates de nos prochains \u00e9v\u00e9nements (spectacles, stages...).\",\"breadcrumb\":{\"@id\":\"https:\/\/aycastanaflamenco.com\/index.php\/agenda\/#breadcrumb\"},\"inLanguage\":\"fr-FR\",\"potentialAction\":[{\"@type\":\"ReadAction\",\"target\":[\"https:\/\/aycastanaflamenco.com\/index.php\/agenda\/\"]}]},{\"@type\":\"BreadcrumbList\",\"@id\":\"https:\/\/aycastanaflamenco.com\/index.php\/agenda\/#breadcrumb\",\"itemListElement\":[{\"@type\":\"ListItem\",\"position\":1,\"name\":\"Accueil\"},{\"@type\":\"ListItem\",\"position\":2,\"name\":\"Agenda\"}]},{\"@type\":\"WebSite\",\"@id\":\"https:\/\/aycastanaflamenco.com\/#website\",\"url\":\"https:\/\/aycastanaflamenco.com\/\",\"name\":\"\u00a1 Ay Casta\u00f1a ! Flamenco\",\"description\":\"\",\"publisher\":{\"@id\":\"https:\/\/aycastanaflamenco.com\/#organization\"},\"potentialAction\":[{\"@type\":\"SearchAction\",\"target\":{\"@type\":\"EntryPoint\",\"urlTemplate\":\"https:\/\/aycastanaflamenco.com\/?s={search_term_string}\"},\"query-input\":{\"@type\":\"PropertyValueSpecification\",\"valueRequired\":true,\"valueName\":\"search_term_string\"}}],\"inLanguage\":\"fr-FR\"},{\"@type\":\"Organization\",\"@id\":\"https:\/\/aycastanaflamenco.com\/#organization\",\"name\":\"Ay Castana Flamenco\",\"url\":\"https:\/\/aycastanaflamenco.com\/\",\"logo\":{\"@type\":\"ImageObject\",\"inLanguage\":\"fr-FR\",\"@id\":\"https:\/\/aycastanaflamenco.com\/#\/schema\/logo\/image\/\",\"url\":\"https:\/\/aycastanaflamenco.com\/wp-content\/uploads\/2020\/04\/cropped-Logo-Playlist.png\",\"contentUrl\":\"https:\/\/aycastanaflamenco.com\/wp-content\/uploads\/2020\/04\/cropped-Logo-Playlist.png\",\"width\":500,\"height\":176,\"caption\":\"Ay Castana Flamenco\"},\"image\":{\"@id\":\"https:\/\/aycastanaflamenco.com\/#\/schema\/logo\/image\/\"}}]}<\/script>\n<!-- \/ Yoast SEO plugin. -->","yoast_head_json":{"title":"Agenda - \u00a1 Ay Casta\u00f1a ! Flamenco","description":"Acc\u00e9dez \u00e0 l'agenda de la compagnie flamenca \u00a1 Ay Casta\u00f1a ! et d\u00e9couvrez les dates de nos prochains \u00e9v\u00e9nements (spectacles, stages...).","robots":{"index":"index","follow":"follow","max-snippet":"max-snippet:-1","max-image-preview":"max-image-preview:large","max-video-preview":"max-video-preview:-1"},"canonical":"https:\/\/aycastanaflamenco.com\/index.php\/agenda\/","og_locale":"fr_FR","og_type":"article","og_title":"Agenda - \u00a1 Ay Casta\u00f1a ! Flamenco","og_description":"Acc\u00e9dez \u00e0 l'agenda de la compagnie flamenca \u00a1 Ay Casta\u00f1a ! et d\u00e9couvrez les dates de nos prochains \u00e9v\u00e9nements (spectacles, stages...).","og_url":"https:\/\/aycastanaflamenco.com\/index.php\/agenda\/","og_site_name":"\u00a1 Ay Casta\u00f1a ! Flamenco","article_modified_time":"2025-08-11T11:09:53+00:00","twitter_card":"summary_large_image","twitter_misc":{"Dur\u00e9e de lecture estim\u00e9e":"1 minute"},"schema":{"@context":"https:\/\/schema.org","@graph":[{"@type":"WebPage","@id":"https:\/\/aycastanaflamenco.com\/index.php\/agenda\/","url":"https:\/\/aycastanaflamenco.com\/index.php\/agenda\/","name":"Agenda - \u00a1 Ay Casta\u00f1a ! Flamenco","isPartOf":{"@id":"https:\/\/aycastanaflamenco.com\/#website"},"datePublished":"2020-04-08T17:42:00+00:00","dateModified":"2025-08-11T11:09:53+00:00","description":"Acc\u00e9dez \u00e0 l'agenda de la compagnie flamenca \u00a1 Ay Casta\u00f1a ! et d\u00e9couvrez les dates de nos prochains \u00e9v\u00e9nements (spectacles, stages...).","breadcrumb":{"@id":"https:\/\/aycastanaflamenco.com\/index.php\/agenda\/#breadcrumb"},"inLanguage":"fr-FR","potentialAction":[{"@type":"ReadAction","target":["https:\/\/aycastanaflamenco.com\/index.php\/agenda\/"]}]},{"@type":"BreadcrumbList","@id":"https:\/\/aycastanaflamenco.com\/index.php\/agenda\/#breadcrumb","itemListElement":[{"@type":"ListItem","position":1,"name":"Accueil"},{"@type":"ListItem","position":2,"name":"Agenda"}]},{"@type":"WebSite","@id":"https:\/\/aycastanaflamenco.com\/#website","url":"https:\/\/aycastanaflamenco.com\/","name":"\u00a1 Ay Casta\u00f1a ! Flamenco","description":"","publisher":{"@id":"https:\/\/aycastanaflamenco.com\/#organization"},"potentialAction":[{"@type":"SearchAction","target":{"@type":"EntryPoint","urlTemplate":"https:\/\/aycastanaflamenco.com\/?s={search_term_string}"},"query-input":{"@type":"PropertyValueSpecification","valueRequired":true,"valueName":"search_term_string"}}],"inLanguage":"fr-FR"},{"@type":"Organization","@id":"https:\/\/aycastanaflamenco.com\/#organization","name":"Ay Castana Flamenco","url":"https:\/\/aycastanaflamenco.com\/","logo":{"@type":"ImageObject","inLanguage":"fr-FR","@id":"https:\/\/aycastanaflamenco.com\/#\/schema\/logo\/image\/","url":"https:\/\/aycastanaflamenco.com\/wp-content\/uploads\/2020\/04\/cropped-Logo-Playlist.png","contentUrl":"https:\/\/aycastanaflamenco.com\/wp-content\/uploads\/2020\/04\/cropped-Logo-Playlist.png","width":500,"height":176,"caption":"Ay Castana Flamenco"},"image":{"@id":"https:\/\/aycastanaflamenco.com\/#\/schema\/logo\/image\/"}}]}},"_links":{"self":[{"href":"https:\/\/aycastanaflamenco.com\/index.php\/wp-json\/wp\/v2\/pages\/136","targetHints":{"allow":["GET"]}}],"collection":[{"href":"https:\/\/aycastanaflamenco.com\/index.php\/wp-json\/wp\/v2\/pages"}],"about":[{"href":"https:\/\/aycastanaflamenco.com\/index.php\/wp-json\/wp\/v2\/types\/page"}],"author":[{"embeddable":true,"href":"https:\/\/aycastanaflamenco.com\/index.php\/wp-json\/wp\/v2\/users\/1"}],"replies":[{"embeddable":true,"href":"https:\/\/aycastanaflamenco.com\/index.php\/wp-json\/wp\/v2\/comments?post=136"}],"version-history":[{"count":8,"href":"https:\/\/aycastanaflamenco.com\/index.php\/wp-json\/wp\/v2\/pages\/136\/revisions"}],"predecessor-version":[{"id":1112,"href":"https:\/\/aycastanaflamenco.com\/index.php\/wp-json\/wp\/v2\/pages\/136\/revisions\/1112"}],"wp:attachment":[{"href":"https:\/\/aycastanaflamenco.com\/index.php\/wp-json\/wp\/v2\/media?parent=136"}],"curies":[{"name":"wp","href":"https:\/\/api.w.org\/{rel}","templated":true}]}}