{"id":152,"date":"2020-04-06T13:44:40","date_gmt":"2020-04-06T11:44:40","guid":{"rendered":"http:\/\/aycastanaflamenco.com\/?page_id=61"},"modified":"2023-09-03T18:05:57","modified_gmt":"2023-09-03T16:05:57","slug":"ay-castana-compania","status":"publish","type":"page","link":"https:\/\/aycastanaflamenco.com\/index.php\/es\/ay-castana-compania\/","title":{"rendered":"\u00a1 Ay Casta\u00f1a ! Compa\u00f1\u00eda"},"content":{"rendered":"\n<hr class=\"wp-block-separator has-css-opacity\"\/>\n\n\n\n<figure class=\"wp-block-image size-large\"><img loading=\"lazy\" decoding=\"async\" width=\"1024\" height=\"768\" src=\"https:\/\/aycastanaflamenco.com\/wp-content\/uploads\/2021\/08\/IMG_E6974-1024x768.jpg\" alt=\"Spectacle Al lado tuyo R\u00e9sidence 2020\" class=\"wp-image-640\" srcset=\"https:\/\/aycastanaflamenco.com\/wp-content\/uploads\/2021\/08\/IMG_E6974-1024x768.jpg 1024w, https:\/\/aycastanaflamenco.com\/wp-content\/uploads\/2021\/08\/IMG_E6974-300x225.jpg 300w, https:\/\/aycastanaflamenco.com\/wp-content\/uploads\/2021\/08\/IMG_E6974-768x576.jpg 768w, https:\/\/aycastanaflamenco.com\/wp-content\/uploads\/2021\/08\/IMG_E6974-1536x1152.jpg 1536w, https:\/\/aycastanaflamenco.com\/wp-content\/uploads\/2021\/08\/IMG_E6974-2048x1536.jpg 2048w, https:\/\/aycastanaflamenco.com\/wp-content\/uploads\/2021\/08\/IMG_E6974-800x600.jpg 800w\" sizes=\"auto, (max-width: 1024px) 100vw, 1024px\" \/><figcaption class=\"wp-element-caption\">Spectacle Al lado tuyo R\u00e9sidence 2020<\/figcaption><\/figure>\n\n\n\n<hr class=\"wp-block-separator has-css-opacity\"\/>\n\n\n\n<p class=\"has-normal-font-size\">La Compa\u00f1\u00eda Flamenca \u00a1Ay Casta\u00f1a! nace del deseo de dos bailaoras francesas, Ad\u00e8le y Emilie, de unir su pasi\u00f3n por el flamenco y compartirla con el p\u00fablico.<\/p>\n\n\n\n<p class=\"has-normal-font-size\">Despu\u00e9s de haberse formado profesionalmente al baile flamenco en Andaluc\u00eda durante varios a\u00f1os, se re\u00fanen en Jerez de la Frontera en 2017. Su sensibilidad r\u00edtmica y su marcado entusiasmo por el cante flamenco les llevan a acercarse y trabajar con el mismo respeto profundo por este arte tradicional.<\/p>\n\n\n\n<p class=\"has-normal-font-size\">Combinando gusto y rigor, y buscando constantemente autenticidad a trav\u00e9s de su baile, tienden a experimentar nuevas formas de expresi\u00f3n de la m\u00fasica flamenca, invitando al espectador a descubrirla desde una perspectiva personal y sensible.<\/p>\n\n\n\n<hr class=\"wp-block-separator has-css-opacity\"\/>\n\n\n\n<figure class=\"wp-block-gallery has-nested-images columns-default is-cropped wp-block-gallery-1 is-layout-flex wp-block-gallery-is-layout-flex\">\n<figure class=\"wp-block-image size-large\"><img loading=\"lazy\" decoding=\"async\" width=\"1024\" height=\"683\" data-id=\"10\" src=\"https:\/\/aycastanaflamenco.com\/wp-content\/uploads\/2020\/04\/DSC9654-1024x683.jpg\" alt=\"Spectacle Manos Sonoras 35\" class=\"wp-image-10\" srcset=\"https:\/\/aycastanaflamenco.com\/wp-content\/uploads\/2020\/04\/DSC9654-1024x683.jpg 1024w, https:\/\/aycastanaflamenco.com\/wp-content\/uploads\/2020\/04\/DSC9654-300x200.jpg 300w, https:\/\/aycastanaflamenco.com\/wp-content\/uploads\/2020\/04\/DSC9654-768x513.jpg 768w, https:\/\/aycastanaflamenco.com\/wp-content\/uploads\/2020\/04\/DSC9654-1536x1025.jpg 1536w, https:\/\/aycastanaflamenco.com\/wp-content\/uploads\/2020\/04\/DSC9654-2048x1367.jpg 2048w, https:\/\/aycastanaflamenco.com\/wp-content\/uploads\/2020\/04\/DSC9654-800x534.jpg 800w\" sizes=\"auto, (max-width: 1024px) 100vw, 1024px\" \/><\/figure>\n\n\n\n<figure class=\"wp-block-image size-large\"><img loading=\"lazy\" decoding=\"async\" width=\"1024\" height=\"683\" data-id=\"619\" src=\"https:\/\/aycastanaflamenco.com\/wp-content\/uploads\/2021\/08\/DSC1315-1024x683.jpg\" alt=\"Spectacle Manos Sonoras Clavel 26012020-6\" class=\"wp-image-619\" srcset=\"https:\/\/aycastanaflamenco.com\/wp-content\/uploads\/2021\/08\/DSC1315-1024x683.jpg 1024w, https:\/\/aycastanaflamenco.com\/wp-content\/uploads\/2021\/08\/DSC1315-300x200.jpg 300w, https:\/\/aycastanaflamenco.com\/wp-content\/uploads\/2021\/08\/DSC1315-768x513.jpg 768w, https:\/\/aycastanaflamenco.com\/wp-content\/uploads\/2021\/08\/DSC1315-391x260.jpg 391w, https:\/\/aycastanaflamenco.com\/wp-content\/uploads\/2021\/08\/DSC1315-1536x1025.jpg 1536w\" sizes=\"auto, (max-width: 1024px) 100vw, 1024px\" \/><\/figure>\n\n\n\n<figure class=\"wp-block-image size-large\"><img loading=\"lazy\" decoding=\"async\" width=\"683\" height=\"1024\" data-id=\"607\" src=\"https:\/\/aycastanaflamenco.com\/wp-content\/uploads\/2021\/08\/DSC_0448-683x1024.jpg\" alt=\"Spectacle Manos Sonoras Aleph 24062021-7\" class=\"wp-image-607\" srcset=\"https:\/\/aycastanaflamenco.com\/wp-content\/uploads\/2021\/08\/DSC_0448-683x1024.jpg 683w, https:\/\/aycastanaflamenco.com\/wp-content\/uploads\/2021\/08\/DSC_0448-200x300.jpg 200w, https:\/\/aycastanaflamenco.com\/wp-content\/uploads\/2021\/08\/DSC_0448-768x1152.jpg 768w, https:\/\/aycastanaflamenco.com\/wp-content\/uploads\/2021\/08\/DSC_0448-1024x1536.jpg 1024w, https:\/\/aycastanaflamenco.com\/wp-content\/uploads\/2021\/08\/DSC_0448-1365x2048.jpg 1365w, https:\/\/aycastanaflamenco.com\/wp-content\/uploads\/2021\/08\/DSC_0448-800x1200.jpg 800w, https:\/\/aycastanaflamenco.com\/wp-content\/uploads\/2021\/08\/DSC_0448-scaled.jpg 1707w\" sizes=\"auto, (max-width: 683px) 100vw, 683px\" \/><\/figure>\n\n\n\n<figure class=\"wp-block-image size-large\"><img loading=\"lazy\" decoding=\"async\" width=\"1024\" height=\"683\" data-id=\"13\" src=\"https:\/\/aycastanaflamenco.com\/wp-content\/uploads\/2020\/04\/DSC9906-2-1024x683.jpg\" alt=\"Spectacle Manos Sonoras 32\" class=\"wp-image-13\" srcset=\"https:\/\/aycastanaflamenco.com\/wp-content\/uploads\/2020\/04\/DSC9906-2-1024x683.jpg 1024w, https:\/\/aycastanaflamenco.com\/wp-content\/uploads\/2020\/04\/DSC9906-2-300x200.jpg 300w, https:\/\/aycastanaflamenco.com\/wp-content\/uploads\/2020\/04\/DSC9906-2-768x513.jpg 768w, https:\/\/aycastanaflamenco.com\/wp-content\/uploads\/2020\/04\/DSC9906-2-1536x1025.jpg 1536w, https:\/\/aycastanaflamenco.com\/wp-content\/uploads\/2020\/04\/DSC9906-2-2048x1367.jpg 2048w, https:\/\/aycastanaflamenco.com\/wp-content\/uploads\/2020\/04\/DSC9906-2-800x534.jpg 800w\" sizes=\"auto, (max-width: 1024px) 100vw, 1024px\" \/><\/figure>\n<\/figure>\n\n\n\n<hr class=\"wp-block-separator has-css-opacity\"\/>\n\n\n\n<div class=\"wp-block-buttons is-horizontal is-content-justification-center is-layout-flex wp-container-core-buttons-is-layout-499968f5 wp-block-buttons-is-layout-flex\">\n<div class=\"wp-block-button is-style-outline is-style-outline--2\"><a class=\"wp-block-button__link has-text-color wp-element-button\" href=\"http:\/\/aycastanaflamenco.com\/index.php\/es\/las-creaciones\/\" style=\"color:#ff5757\">Nuestras creaciones<\/a><\/div>\n\n\n\n<div class=\"wp-block-button is-style-outline is-style-outline--3\"><a class=\"wp-block-button__link has-text-color wp-element-button\" href=\"http:\/\/aycastanaflamenco.com\/index.php\/es\/pongase-en-contacto-con\/\" style=\"color:#ff5757\">En contacto con nosotros<\/a><\/div>\n<\/div>\n\n\n\n<p class=\"has-very-light-gray-color has-text-color\"><\/p>\n","protected":false},"excerpt":{"rendered":"<p>La Compa\u00f1\u00eda Flamenca \u00a1Ay Casta\u00f1a! nace del deseo de dos bailaoras francesas, Ad\u00e8le y Emilie, de unir\u2026<\/p>\n","protected":false},"author":1,"featured_media":0,"parent":0,"menu_order":0,"comment_status":"closed","ping_status":"closed","template":"","meta":{"_monsterinsights_skip_tracking":false,"_monsterinsights_sitenote_active":false,"_monsterinsights_sitenote_note":"","_monsterinsights_sitenote_category":0,"footnotes":""},"class_list":["post-152","page","type-page","status-publish","hentry"],"yoast_head":"<!-- This site is optimized with the Yoast SEO plugin v25.2 - https:\/\/yoast.com\/wordpress\/plugins\/seo\/ -->\n<title>\u00a1 Ay Casta\u00f1a ! Compa\u00f1\u00eda - \u00a1 Ay Casta\u00f1a ! Flamenco<\/title>\n<meta name=\"description\" content=\"La Compa\u00f1\u00eda Flamenca \u00a1Ay Casta\u00f1a! nace del deseo de dos bailaoras francesas, Adela y Emilie, de unir su pasi\u00f3n por el flamenco.\" \/>\n<meta name=\"robots\" content=\"index, follow, max-snippet:-1, max-image-preview:large, max-video-preview:-1\" \/>\n<link rel=\"canonical\" href=\"https:\/\/aycastanaflamenco.com\/index.php\/es\/ay-castana-compania\/\" \/>\n<meta property=\"og:locale\" content=\"fr_FR\" \/>\n<meta property=\"og:type\" content=\"article\" \/>\n<meta property=\"og:title\" content=\"\u00a1 Ay Casta\u00f1a ! Compa\u00f1\u00eda - \u00a1 Ay Casta\u00f1a ! Flamenco\" \/>\n<meta property=\"og:description\" content=\"La Compa\u00f1\u00eda Flamenca \u00a1Ay Casta\u00f1a! nace del deseo de dos bailaoras francesas, Adela y Emilie, de unir su pasi\u00f3n por el flamenco.\" \/>\n<meta property=\"og:url\" content=\"https:\/\/aycastanaflamenco.com\/index.php\/es\/ay-castana-compania\/\" \/>\n<meta property=\"og:site_name\" content=\"\u00a1 Ay Casta\u00f1a ! Flamenco\" \/>\n<meta property=\"article:modified_time\" content=\"2023-09-03T16:05:57+00:00\" \/>\n<meta property=\"og:image\" content=\"https:\/\/aycastanaflamenco.com\/wp-content\/uploads\/2021\/08\/IMG_E6974-1024x768.jpg\" \/>\n<meta name=\"twitter:card\" content=\"summary_large_image\" \/>\n<meta name=\"twitter:label1\" content=\"Dur\u00e9e de lecture estim\u00e9e\" \/>\n\t<meta name=\"twitter:data1\" content=\"2 minutes\" \/>\n<script type=\"application\/ld+json\" class=\"yoast-schema-graph\">{\"@context\":\"https:\/\/schema.org\",\"@graph\":[{\"@type\":\"WebPage\",\"@id\":\"https:\/\/aycastanaflamenco.com\/index.php\/es\/ay-castana-compania\/\",\"url\":\"https:\/\/aycastanaflamenco.com\/index.php\/es\/ay-castana-compania\/\",\"name\":\"\u00a1 Ay Casta\u00f1a ! Compa\u00f1\u00eda - \u00a1 Ay Casta\u00f1a ! Flamenco\",\"isPartOf\":{\"@id\":\"https:\/\/aycastanaflamenco.com\/#website\"},\"primaryImageOfPage\":{\"@id\":\"https:\/\/aycastanaflamenco.com\/index.php\/es\/ay-castana-compania\/#primaryimage\"},\"image\":{\"@id\":\"https:\/\/aycastanaflamenco.com\/index.php\/es\/ay-castana-compania\/#primaryimage\"},\"thumbnailUrl\":\"https:\/\/aycastanaflamenco.com\/wp-content\/uploads\/2021\/08\/IMG_E6974-1024x768.jpg\",\"datePublished\":\"2020-04-06T11:44:40+00:00\",\"dateModified\":\"2023-09-03T16:05:57+00:00\",\"description\":\"La Compa\u00f1\u00eda Flamenca \u00a1Ay Casta\u00f1a! nace del deseo de dos bailaoras francesas, Adela y Emilie, de unir su pasi\u00f3n por el flamenco.\",\"breadcrumb\":{\"@id\":\"https:\/\/aycastanaflamenco.com\/index.php\/es\/ay-castana-compania\/#breadcrumb\"},\"inLanguage\":\"fr-FR\",\"potentialAction\":[{\"@type\":\"ReadAction\",\"target\":[\"https:\/\/aycastanaflamenco.com\/index.php\/es\/ay-castana-compania\/\"]}]},{\"@type\":\"ImageObject\",\"inLanguage\":\"fr-FR\",\"@id\":\"https:\/\/aycastanaflamenco.com\/index.php\/es\/ay-castana-compania\/#primaryimage\",\"url\":\"https:\/\/aycastanaflamenco.com\/wp-content\/uploads\/2021\/08\/IMG_E6974-1024x768.jpg\",\"contentUrl\":\"https:\/\/aycastanaflamenco.com\/wp-content\/uploads\/2021\/08\/IMG_E6974-1024x768.jpg\"},{\"@type\":\"BreadcrumbList\",\"@id\":\"https:\/\/aycastanaflamenco.com\/index.php\/es\/ay-castana-compania\/#breadcrumb\",\"itemListElement\":[{\"@type\":\"ListItem\",\"position\":1,\"name\":\"Accueil\"},{\"@type\":\"ListItem\",\"position\":2,\"name\":\"\u00a1 Ay Casta\u00f1a ! Compa\u00f1\u00eda\"}]},{\"@type\":\"WebSite\",\"@id\":\"https:\/\/aycastanaflamenco.com\/#website\",\"url\":\"https:\/\/aycastanaflamenco.com\/\",\"name\":\"\u00a1 Ay Casta\u00f1a ! Flamenco\",\"description\":\"\",\"publisher\":{\"@id\":\"https:\/\/aycastanaflamenco.com\/#organization\"},\"potentialAction\":[{\"@type\":\"SearchAction\",\"target\":{\"@type\":\"EntryPoint\",\"urlTemplate\":\"https:\/\/aycastanaflamenco.com\/?s={search_term_string}\"},\"query-input\":{\"@type\":\"PropertyValueSpecification\",\"valueRequired\":true,\"valueName\":\"search_term_string\"}}],\"inLanguage\":\"fr-FR\"},{\"@type\":\"Organization\",\"@id\":\"https:\/\/aycastanaflamenco.com\/#organization\",\"name\":\"Ay Castana Flamenco\",\"url\":\"https:\/\/aycastanaflamenco.com\/\",\"logo\":{\"@type\":\"ImageObject\",\"inLanguage\":\"fr-FR\",\"@id\":\"https:\/\/aycastanaflamenco.com\/#\/schema\/logo\/image\/\",\"url\":\"https:\/\/aycastanaflamenco.com\/wp-content\/uploads\/2020\/04\/cropped-Logo-Playlist.png\",\"contentUrl\":\"https:\/\/aycastanaflamenco.com\/wp-content\/uploads\/2020\/04\/cropped-Logo-Playlist.png\",\"width\":500,\"height\":176,\"caption\":\"Ay Castana Flamenco\"},\"image\":{\"@id\":\"https:\/\/aycastanaflamenco.com\/#\/schema\/logo\/image\/\"}}]}<\/script>\n<!-- \/ Yoast SEO plugin. -->","yoast_head_json":{"title":"\u00a1 Ay Casta\u00f1a ! Compa\u00f1\u00eda - \u00a1 Ay Casta\u00f1a ! Flamenco","description":"La Compa\u00f1\u00eda Flamenca \u00a1Ay Casta\u00f1a! nace del deseo de dos bailaoras francesas, Adela y Emilie, de unir su pasi\u00f3n por el flamenco.","robots":{"index":"index","follow":"follow","max-snippet":"max-snippet:-1","max-image-preview":"max-image-preview:large","max-video-preview":"max-video-preview:-1"},"canonical":"https:\/\/aycastanaflamenco.com\/index.php\/es\/ay-castana-compania\/","og_locale":"fr_FR","og_type":"article","og_title":"\u00a1 Ay Casta\u00f1a ! Compa\u00f1\u00eda - \u00a1 Ay Casta\u00f1a ! Flamenco","og_description":"La Compa\u00f1\u00eda Flamenca \u00a1Ay Casta\u00f1a! nace del deseo de dos bailaoras francesas, Adela y Emilie, de unir su pasi\u00f3n por el flamenco.","og_url":"https:\/\/aycastanaflamenco.com\/index.php\/es\/ay-castana-compania\/","og_site_name":"\u00a1 Ay Casta\u00f1a ! Flamenco","article_modified_time":"2023-09-03T16:05:57+00:00","og_image":[{"url":"https:\/\/aycastanaflamenco.com\/wp-content\/uploads\/2021\/08\/IMG_E6974-1024x768.jpg","type":"","width":"","height":""}],"twitter_card":"summary_large_image","twitter_misc":{"Dur\u00e9e de lecture estim\u00e9e":"2 minutes"},"schema":{"@context":"https:\/\/schema.org","@graph":[{"@type":"WebPage","@id":"https:\/\/aycastanaflamenco.com\/index.php\/es\/ay-castana-compania\/","url":"https:\/\/aycastanaflamenco.com\/index.php\/es\/ay-castana-compania\/","name":"\u00a1 Ay Casta\u00f1a ! Compa\u00f1\u00eda - \u00a1 Ay Casta\u00f1a ! Flamenco","isPartOf":{"@id":"https:\/\/aycastanaflamenco.com\/#website"},"primaryImageOfPage":{"@id":"https:\/\/aycastanaflamenco.com\/index.php\/es\/ay-castana-compania\/#primaryimage"},"image":{"@id":"https:\/\/aycastanaflamenco.com\/index.php\/es\/ay-castana-compania\/#primaryimage"},"thumbnailUrl":"https:\/\/aycastanaflamenco.com\/wp-content\/uploads\/2021\/08\/IMG_E6974-1024x768.jpg","datePublished":"2020-04-06T11:44:40+00:00","dateModified":"2023-09-03T16:05:57+00:00","description":"La Compa\u00f1\u00eda Flamenca \u00a1Ay Casta\u00f1a! nace del deseo de dos bailaoras francesas, Adela y Emilie, de unir su pasi\u00f3n por el flamenco.","breadcrumb":{"@id":"https:\/\/aycastanaflamenco.com\/index.php\/es\/ay-castana-compania\/#breadcrumb"},"inLanguage":"fr-FR","potentialAction":[{"@type":"ReadAction","target":["https:\/\/aycastanaflamenco.com\/index.php\/es\/ay-castana-compania\/"]}]},{"@type":"ImageObject","inLanguage":"fr-FR","@id":"https:\/\/aycastanaflamenco.com\/index.php\/es\/ay-castana-compania\/#primaryimage","url":"https:\/\/aycastanaflamenco.com\/wp-content\/uploads\/2021\/08\/IMG_E6974-1024x768.jpg","contentUrl":"https:\/\/aycastanaflamenco.com\/wp-content\/uploads\/2021\/08\/IMG_E6974-1024x768.jpg"},{"@type":"BreadcrumbList","@id":"https:\/\/aycastanaflamenco.com\/index.php\/es\/ay-castana-compania\/#breadcrumb","itemListElement":[{"@type":"ListItem","position":1,"name":"Accueil"},{"@type":"ListItem","position":2,"name":"\u00a1 Ay Casta\u00f1a ! Compa\u00f1\u00eda"}]},{"@type":"WebSite","@id":"https:\/\/aycastanaflamenco.com\/#website","url":"https:\/\/aycastanaflamenco.com\/","name":"\u00a1 Ay Casta\u00f1a ! Flamenco","description":"","publisher":{"@id":"https:\/\/aycastanaflamenco.com\/#organization"},"potentialAction":[{"@type":"SearchAction","target":{"@type":"EntryPoint","urlTemplate":"https:\/\/aycastanaflamenco.com\/?s={search_term_string}"},"query-input":{"@type":"PropertyValueSpecification","valueRequired":true,"valueName":"search_term_string"}}],"inLanguage":"fr-FR"},{"@type":"Organization","@id":"https:\/\/aycastanaflamenco.com\/#organization","name":"Ay Castana Flamenco","url":"https:\/\/aycastanaflamenco.com\/","logo":{"@type":"ImageObject","inLanguage":"fr-FR","@id":"https:\/\/aycastanaflamenco.com\/#\/schema\/logo\/image\/","url":"https:\/\/aycastanaflamenco.com\/wp-content\/uploads\/2020\/04\/cropped-Logo-Playlist.png","contentUrl":"https:\/\/aycastanaflamenco.com\/wp-content\/uploads\/2020\/04\/cropped-Logo-Playlist.png","width":500,"height":176,"caption":"Ay Castana Flamenco"},"image":{"@id":"https:\/\/aycastanaflamenco.com\/#\/schema\/logo\/image\/"}}]}},"_links":{"self":[{"href":"https:\/\/aycastanaflamenco.com\/index.php\/wp-json\/wp\/v2\/pages\/152","targetHints":{"allow":["GET"]}}],"collection":[{"href":"https:\/\/aycastanaflamenco.com\/index.php\/wp-json\/wp\/v2\/pages"}],"about":[{"href":"https:\/\/aycastanaflamenco.com\/index.php\/wp-json\/wp\/v2\/types\/page"}],"author":[{"embeddable":true,"href":"https:\/\/aycastanaflamenco.com\/index.php\/wp-json\/wp\/v2\/users\/1"}],"replies":[{"embeddable":true,"href":"https:\/\/aycastanaflamenco.com\/index.php\/wp-json\/wp\/v2\/comments?post=152"}],"version-history":[{"count":12,"href":"https:\/\/aycastanaflamenco.com\/index.php\/wp-json\/wp\/v2\/pages\/152\/revisions"}],"predecessor-version":[{"id":1028,"href":"https:\/\/aycastanaflamenco.com\/index.php\/wp-json\/wp\/v2\/pages\/152\/revisions\/1028"}],"wp:attachment":[{"href":"https:\/\/aycastanaflamenco.com\/index.php\/wp-json\/wp\/v2\/media?parent=152"}],"curies":[{"name":"wp","href":"https:\/\/api.w.org\/{rel}","templated":true}]}}