{"id":153,"date":"2020-04-06T13:45:16","date_gmt":"2020-04-06T11:45:16","guid":{"rendered":"http:\/\/aycastanaflamenco.com\/?page_id=67"},"modified":"2023-09-03T18:06:44","modified_gmt":"2023-09-03T16:06:44","slug":"adela-brugidou-2","status":"publish","type":"page","link":"https:\/\/aycastanaflamenco.com\/index.php\/es\/adela-brugidou-2\/","title":{"rendered":"Ad\u00e8le Brugidou"},"content":{"rendered":"\n<hr class=\"wp-block-separator has-css-opacity\"\/>\n\n\n<div class=\"wp-block-image\">\n<figure class=\"aligncenter size-large\"><img loading=\"lazy\" decoding=\"async\" width=\"1024\" height=\"683\" src=\"http:\/\/aycastanaflamenco.com\/wp-content\/uploads\/2020\/04\/DSC9783-1024x683.jpg\" alt=\"\" class=\"wp-image-48\" srcset=\"https:\/\/aycastanaflamenco.com\/wp-content\/uploads\/2020\/04\/DSC9783-1024x683.jpg 1024w, https:\/\/aycastanaflamenco.com\/wp-content\/uploads\/2020\/04\/DSC9783-300x200.jpg 300w, https:\/\/aycastanaflamenco.com\/wp-content\/uploads\/2020\/04\/DSC9783-768x513.jpg 768w, https:\/\/aycastanaflamenco.com\/wp-content\/uploads\/2020\/04\/DSC9783-1536x1025.jpg 1536w, https:\/\/aycastanaflamenco.com\/wp-content\/uploads\/2020\/04\/DSC9783-2048x1367.jpg 2048w, https:\/\/aycastanaflamenco.com\/wp-content\/uploads\/2020\/04\/DSC9783-800x534.jpg 800w\" sizes=\"auto, (max-width: 1024px) 100vw, 1024px\" \/><\/figure><\/div>\n\n\n<hr class=\"wp-block-separator has-css-opacity\"\/>\n\n\n\n<blockquote class=\"wp-block-quote has-text-align-center is-style-large is-layout-flow wp-block-quote-is-layout-flow\">\n<p><em>\u201cEl Flamenco es el enlace entre mis emociones m\u00e1s profundas y su expresi\u00f3n bruta. Gracias a este arte intenso, me siento viva.\u201d<\/em><\/p>\n<\/blockquote>\n\n\n\n<hr class=\"wp-block-separator has-css-opacity\"\/>\n\n\n\n<p class=\"has-normal-font-size\">Nacida en Par\u00eds, Ad\u00e8le se form\u00f3 en danza cl\u00e1sica y contempor\u00e1nea durante m\u00e1s de 15 a\u00f1os antes de descubrir el flamenco en 2010 mientras estudiaba econom\u00eda y gesti\u00f3n en la Universidad Aut\u00f3noma de Madrid.<\/p>\n\n\n\n<p class=\"has-normal-font-size\">En 2015, se traslada a Sevilla para dedicarse por completo al baile flamenco. All\u00ed se forma profesionalmente con grandes maestros (Alicia M\u00e1rquez y Ram\u00f3n Mart\u00ednez entre otros).<\/p>\n\n\n\n<p class=\"has-normal-font-size\">En 2017, llega a Jerez de la Frontera, cuna del cante flamenco, y perfecciona su estilo aut\u00e9ntico y elegante con grandes bailaores y profesores como Miguel Angel Heredia o Beatriz Morales.&nbsp;<\/p>\n\n\n\n<p class=\"has-normal-font-size\">Viviendo hoy en Sevilla, Ad\u00e8le co-gestiona un centro cultural de flamenco que da oportunidad a los j\u00f3venes artistas internacionales de actuar junto a profesionales. Ella act\u00faa e imparte clases regularmente en Francia y Espa\u00f1a pero tambi\u00e9n en toda Europa (Polonia por ejemplo).<\/p>\n\n\n\n<hr class=\"wp-block-separator has-css-opacity\"\/>\n\n\n\n<figure class=\"wp-block-gallery has-nested-images columns-default is-cropped wp-block-gallery-1 is-layout-flex wp-block-gallery-is-layout-flex\">\n<figure class=\"wp-block-image size-large\"><img loading=\"lazy\" decoding=\"async\" width=\"683\" height=\"1024\" data-id=\"57\" src=\"https:\/\/aycastanaflamenco.com\/wp-content\/uploads\/2020\/04\/DSC9893-683x1024.jpg\" alt=\"Spectacle Manos Sonoras 2\" class=\"wp-image-57\" srcset=\"https:\/\/aycastanaflamenco.com\/wp-content\/uploads\/2020\/04\/DSC9893-683x1024.jpg 683w, https:\/\/aycastanaflamenco.com\/wp-content\/uploads\/2020\/04\/DSC9893-200x300.jpg 200w, https:\/\/aycastanaflamenco.com\/wp-content\/uploads\/2020\/04\/DSC9893-768x1151.jpg 768w, https:\/\/aycastanaflamenco.com\/wp-content\/uploads\/2020\/04\/DSC9893-1025x1536.jpg 1025w, https:\/\/aycastanaflamenco.com\/wp-content\/uploads\/2020\/04\/DSC9893-1367x2048.jpg 1367w, https:\/\/aycastanaflamenco.com\/wp-content\/uploads\/2020\/04\/DSC9893-800x1199.jpg 800w, https:\/\/aycastanaflamenco.com\/wp-content\/uploads\/2020\/04\/DSC9893-scaled.jpg 1709w\" sizes=\"auto, (max-width: 683px) 100vw, 683px\" \/><\/figure>\n\n\n\n<figure class=\"wp-block-image size-large\"><img loading=\"lazy\" decoding=\"async\" width=\"683\" height=\"1024\" data-id=\"56\" src=\"https:\/\/aycastanaflamenco.com\/wp-content\/uploads\/2020\/04\/DSC9892-683x1024.jpg\" alt=\"Spectacle Manos Sonoras 3\" class=\"wp-image-56\" srcset=\"https:\/\/aycastanaflamenco.com\/wp-content\/uploads\/2020\/04\/DSC9892-683x1024.jpg 683w, https:\/\/aycastanaflamenco.com\/wp-content\/uploads\/2020\/04\/DSC9892-200x300.jpg 200w, https:\/\/aycastanaflamenco.com\/wp-content\/uploads\/2020\/04\/DSC9892-768x1151.jpg 768w, https:\/\/aycastanaflamenco.com\/wp-content\/uploads\/2020\/04\/DSC9892-1025x1536.jpg 1025w, https:\/\/aycastanaflamenco.com\/wp-content\/uploads\/2020\/04\/DSC9892-1367x2048.jpg 1367w, https:\/\/aycastanaflamenco.com\/wp-content\/uploads\/2020\/04\/DSC9892-800x1199.jpg 800w, https:\/\/aycastanaflamenco.com\/wp-content\/uploads\/2020\/04\/DSC9892-scaled.jpg 1709w\" sizes=\"auto, (max-width: 683px) 100vw, 683px\" \/><\/figure>\n\n\n\n<figure class=\"wp-block-image size-large\"><img loading=\"lazy\" decoding=\"async\" width=\"1024\" height=\"683\" data-id=\"53\" src=\"https:\/\/aycastanaflamenco.com\/wp-content\/uploads\/2020\/04\/DSC9826-1024x683.jpg\" alt=\"Spectacle Manos Sonoras 6\" class=\"wp-image-53\" srcset=\"https:\/\/aycastanaflamenco.com\/wp-content\/uploads\/2020\/04\/DSC9826-1024x683.jpg 1024w, https:\/\/aycastanaflamenco.com\/wp-content\/uploads\/2020\/04\/DSC9826-300x200.jpg 300w, https:\/\/aycastanaflamenco.com\/wp-content\/uploads\/2020\/04\/DSC9826-768x513.jpg 768w, https:\/\/aycastanaflamenco.com\/wp-content\/uploads\/2020\/04\/DSC9826-1536x1025.jpg 1536w, https:\/\/aycastanaflamenco.com\/wp-content\/uploads\/2020\/04\/DSC9826-2048x1367.jpg 2048w, https:\/\/aycastanaflamenco.com\/wp-content\/uploads\/2020\/04\/DSC9826-800x534.jpg 800w\" sizes=\"auto, (max-width: 1024px) 100vw, 1024px\" \/><\/figure>\n\n\n\n<figure class=\"wp-block-image size-large\"><img loading=\"lazy\" decoding=\"async\" width=\"1024\" height=\"683\" data-id=\"54\" src=\"https:\/\/aycastanaflamenco.com\/wp-content\/uploads\/2020\/04\/DSC9863-1024x683.jpg\" alt=\"Spectacle Manos Sonoras 5\" class=\"wp-image-54\" srcset=\"https:\/\/aycastanaflamenco.com\/wp-content\/uploads\/2020\/04\/DSC9863-1024x683.jpg 1024w, https:\/\/aycastanaflamenco.com\/wp-content\/uploads\/2020\/04\/DSC9863-300x200.jpg 300w, https:\/\/aycastanaflamenco.com\/wp-content\/uploads\/2020\/04\/DSC9863-768x513.jpg 768w, https:\/\/aycastanaflamenco.com\/wp-content\/uploads\/2020\/04\/DSC9863-1536x1025.jpg 1536w, https:\/\/aycastanaflamenco.com\/wp-content\/uploads\/2020\/04\/DSC9863-2048x1367.jpg 2048w, https:\/\/aycastanaflamenco.com\/wp-content\/uploads\/2020\/04\/DSC9863-800x534.jpg 800w\" sizes=\"auto, (max-width: 1024px) 100vw, 1024px\" \/><\/figure>\n\n\n\n<figure class=\"wp-block-image size-large\"><img loading=\"lazy\" decoding=\"async\" width=\"1024\" height=\"683\" data-id=\"52\" src=\"https:\/\/aycastanaflamenco.com\/wp-content\/uploads\/2020\/04\/DSC9813-1-1024x683.jpg\" alt=\"Spectacle Manos Sonoras 7\" class=\"wp-image-52\" srcset=\"https:\/\/aycastanaflamenco.com\/wp-content\/uploads\/2020\/04\/DSC9813-1-1024x683.jpg 1024w, https:\/\/aycastanaflamenco.com\/wp-content\/uploads\/2020\/04\/DSC9813-1-300x200.jpg 300w, https:\/\/aycastanaflamenco.com\/wp-content\/uploads\/2020\/04\/DSC9813-1-768x513.jpg 768w, https:\/\/aycastanaflamenco.com\/wp-content\/uploads\/2020\/04\/DSC9813-1-1536x1025.jpg 1536w, https:\/\/aycastanaflamenco.com\/wp-content\/uploads\/2020\/04\/DSC9813-1-2048x1367.jpg 2048w, https:\/\/aycastanaflamenco.com\/wp-content\/uploads\/2020\/04\/DSC9813-1-800x534.jpg 800w\" sizes=\"auto, (max-width: 1024px) 100vw, 1024px\" \/><\/figure>\n\n\n\n<figure class=\"wp-block-image size-large\"><img loading=\"lazy\" decoding=\"async\" width=\"1024\" height=\"683\" data-id=\"51\" src=\"https:\/\/aycastanaflamenco.com\/wp-content\/uploads\/2020\/04\/DSC9809-1024x683.jpg\" alt=\"Spectacle Manos Sonoras 8\" class=\"wp-image-51\" srcset=\"https:\/\/aycastanaflamenco.com\/wp-content\/uploads\/2020\/04\/DSC9809-1024x683.jpg 1024w, https:\/\/aycastanaflamenco.com\/wp-content\/uploads\/2020\/04\/DSC9809-300x200.jpg 300w, https:\/\/aycastanaflamenco.com\/wp-content\/uploads\/2020\/04\/DSC9809-768x513.jpg 768w, https:\/\/aycastanaflamenco.com\/wp-content\/uploads\/2020\/04\/DSC9809-1536x1025.jpg 1536w, https:\/\/aycastanaflamenco.com\/wp-content\/uploads\/2020\/04\/DSC9809-2048x1367.jpg 2048w, https:\/\/aycastanaflamenco.com\/wp-content\/uploads\/2020\/04\/DSC9809-800x534.jpg 800w\" sizes=\"auto, (max-width: 1024px) 100vw, 1024px\" \/><\/figure>\n\n\n\n<figure class=\"wp-block-image size-large\"><img loading=\"lazy\" decoding=\"async\" width=\"1024\" height=\"683\" data-id=\"47\" src=\"https:\/\/aycastanaflamenco.com\/wp-content\/uploads\/2020\/04\/DSC9772-1024x683.jpg\" alt=\"Spectacle Manos Sonoras 12\" class=\"wp-image-47\" srcset=\"https:\/\/aycastanaflamenco.com\/wp-content\/uploads\/2020\/04\/DSC9772-1024x683.jpg 1024w, https:\/\/aycastanaflamenco.com\/wp-content\/uploads\/2020\/04\/DSC9772-300x200.jpg 300w, https:\/\/aycastanaflamenco.com\/wp-content\/uploads\/2020\/04\/DSC9772-768x513.jpg 768w, https:\/\/aycastanaflamenco.com\/wp-content\/uploads\/2020\/04\/DSC9772-1536x1025.jpg 1536w, https:\/\/aycastanaflamenco.com\/wp-content\/uploads\/2020\/04\/DSC9772-2048x1367.jpg 2048w, https:\/\/aycastanaflamenco.com\/wp-content\/uploads\/2020\/04\/DSC9772-800x534.jpg 800w\" sizes=\"auto, (max-width: 1024px) 100vw, 1024px\" \/><\/figure>\n\n\n\n<figure class=\"wp-block-image size-large\"><img loading=\"lazy\" decoding=\"async\" width=\"1024\" height=\"683\" data-id=\"48\" src=\"https:\/\/aycastanaflamenco.com\/wp-content\/uploads\/2020\/04\/DSC9783-1024x683.jpg\" alt=\"Spectacle Manos Sonoras 11\" class=\"wp-image-48\" srcset=\"https:\/\/aycastanaflamenco.com\/wp-content\/uploads\/2020\/04\/DSC9783-1024x683.jpg 1024w, https:\/\/aycastanaflamenco.com\/wp-content\/uploads\/2020\/04\/DSC9783-300x200.jpg 300w, https:\/\/aycastanaflamenco.com\/wp-content\/uploads\/2020\/04\/DSC9783-768x513.jpg 768w, https:\/\/aycastanaflamenco.com\/wp-content\/uploads\/2020\/04\/DSC9783-1536x1025.jpg 1536w, https:\/\/aycastanaflamenco.com\/wp-content\/uploads\/2020\/04\/DSC9783-2048x1367.jpg 2048w, https:\/\/aycastanaflamenco.com\/wp-content\/uploads\/2020\/04\/DSC9783-800x534.jpg 800w\" sizes=\"auto, (max-width: 1024px) 100vw, 1024px\" \/><\/figure>\n\n\n\n<figure class=\"wp-block-image size-large\"><img loading=\"lazy\" decoding=\"async\" width=\"683\" height=\"1024\" data-id=\"49\" src=\"https:\/\/aycastanaflamenco.com\/wp-content\/uploads\/2020\/04\/DSC9784-683x1024.jpg\" alt=\"Spectacle Manos Sonoras 10\" class=\"wp-image-49\" srcset=\"https:\/\/aycastanaflamenco.com\/wp-content\/uploads\/2020\/04\/DSC9784-683x1024.jpg 683w, https:\/\/aycastanaflamenco.com\/wp-content\/uploads\/2020\/04\/DSC9784-200x300.jpg 200w, https:\/\/aycastanaflamenco.com\/wp-content\/uploads\/2020\/04\/DSC9784-768x1151.jpg 768w, https:\/\/aycastanaflamenco.com\/wp-content\/uploads\/2020\/04\/DSC9784-1025x1536.jpg 1025w, https:\/\/aycastanaflamenco.com\/wp-content\/uploads\/2020\/04\/DSC9784-1367x2048.jpg 1367w, https:\/\/aycastanaflamenco.com\/wp-content\/uploads\/2020\/04\/DSC9784-800x1199.jpg 800w, https:\/\/aycastanaflamenco.com\/wp-content\/uploads\/2020\/04\/DSC9784-scaled.jpg 1709w\" sizes=\"auto, (max-width: 683px) 100vw, 683px\" \/><\/figure>\n\n\n\n<figure class=\"wp-block-image size-large\"><img loading=\"lazy\" decoding=\"async\" width=\"1024\" height=\"683\" data-id=\"50\" src=\"https:\/\/aycastanaflamenco.com\/wp-content\/uploads\/2020\/04\/DSC9804-1024x683.jpg\" alt=\"Spectacle Manos Sonoras 9\" class=\"wp-image-50\" srcset=\"https:\/\/aycastanaflamenco.com\/wp-content\/uploads\/2020\/04\/DSC9804-1024x683.jpg 1024w, https:\/\/aycastanaflamenco.com\/wp-content\/uploads\/2020\/04\/DSC9804-300x200.jpg 300w, https:\/\/aycastanaflamenco.com\/wp-content\/uploads\/2020\/04\/DSC9804-768x513.jpg 768w, https:\/\/aycastanaflamenco.com\/wp-content\/uploads\/2020\/04\/DSC9804-1536x1025.jpg 1536w, https:\/\/aycastanaflamenco.com\/wp-content\/uploads\/2020\/04\/DSC9804-2048x1367.jpg 2048w, https:\/\/aycastanaflamenco.com\/wp-content\/uploads\/2020\/04\/DSC9804-800x534.jpg 800w\" sizes=\"auto, (max-width: 1024px) 100vw, 1024px\" \/><\/figure>\n<\/figure>\n\n\n\n<hr class=\"wp-block-separator has-css-opacity\"\/>\n\n\n\n<figure class=\"wp-block-embed alignright is-type-video is-provider-youtube wp-block-embed-youtube wp-embed-aspect-16-9 wp-has-aspect-ratio\"><div class=\"wp-block-embed__wrapper\">\n<iframe loading=\"lazy\" title=\"Flamenco Adela  - Extraits 2018\" width=\"640\" height=\"360\" src=\"https:\/\/www.youtube.com\/embed\/c7FrOVZSz_Q?feature=oembed\" frameborder=\"0\" allow=\"accelerometer; autoplay; clipboard-write; encrypted-media; gyroscope; picture-in-picture; web-share\" referrerpolicy=\"strict-origin-when-cross-origin\" allowfullscreen><\/iframe>\n<\/div><\/figure>\n\n\n\n<figure class=\"wp-block-embed alignleft is-type-video is-provider-youtube wp-block-embed-youtube wp-embed-aspect-16-9 wp-has-aspect-ratio\"><div class=\"wp-block-embed__wrapper\">\n<iframe loading=\"lazy\" title=\"Flamenco Adela 2018\" width=\"640\" height=\"360\" src=\"https:\/\/www.youtube.com\/embed\/sOgcE_8nRnU?feature=oembed\" frameborder=\"0\" allow=\"accelerometer; autoplay; clipboard-write; encrypted-media; gyroscope; picture-in-picture; web-share\" referrerpolicy=\"strict-origin-when-cross-origin\" allowfullscreen><\/iframe>\n<\/div><\/figure>\n\n\n\n<div class=\"wp-block-buttons is-layout-flex wp-block-buttons-is-layout-flex\"><\/div>\n\n\n\n<div class=\"wp-block-buttons is-content-justification-center is-layout-flex wp-container-core-buttons-is-layout-16018d1d wp-block-buttons-is-layout-flex\">\n<div class=\"wp-block-button is-style-outline is-style-outline--2\"><a class=\"wp-block-button__link has-text-color has-background wp-element-button\" href=\"http:\/\/aycastanaflamenco.com\/index.php\/es\/ay-castana-empresa\/\" style=\"color:#ff5757;background-color:#ffffff\">\u00ab\u00a0\u00a1Ay Casta\u00f1a!\u00a0\u00bb<\/a><\/div>\n\n\n\n<div class=\"wp-block-button is-style-outline is-style-outline--3\"><a class=\"wp-block-button__link has-text-color has-background wp-element-button\" href=\"http:\/\/aycastanaflamenco.com\/index.php\/es\/pongase-en-contacto-con\/\" style=\"color:#ff5757;background-color:#ffffff\">Contacto<\/a><\/div>\n<\/div>\n\n\n\n<hr class=\"wp-block-separator has-css-opacity\"\/>\n\n\n\n<p><\/p>\n","protected":false},"excerpt":{"rendered":"<p>\u201cEl Flamenco es el enlace entre mis emociones m\u00e1s profundas y su expresi\u00f3n bruta. Gracias a este\u2026<\/p>\n","protected":false},"author":1,"featured_media":0,"parent":0,"menu_order":0,"comment_status":"closed","ping_status":"closed","template":"","meta":{"_monsterinsights_skip_tracking":false,"_monsterinsights_sitenote_active":false,"_monsterinsights_sitenote_note":"","_monsterinsights_sitenote_category":0,"footnotes":""},"class_list":["post-153","page","type-page","status-publish","hentry"],"yoast_head":"<!-- This site is optimized with the Yoast SEO plugin v25.2 - https:\/\/yoast.com\/wordpress\/plugins\/seo\/ -->\n<title>Ad\u00e8le Brugidou - \u00a1 Ay Casta\u00f1a ! Flamenco<\/title>\n<meta name=\"description\" content=\"En 2015, Adela se traslada a Sevilla para dedicarse por completo al baile flamenco. All\u00ed se forma profesionalmente con grandes maestros.\" \/>\n<meta name=\"robots\" content=\"index, follow, max-snippet:-1, max-image-preview:large, max-video-preview:-1\" \/>\n<link rel=\"canonical\" href=\"https:\/\/aycastanaflamenco.com\/index.php\/es\/adela-brugidou-2\/\" \/>\n<meta property=\"og:locale\" content=\"fr_FR\" \/>\n<meta property=\"og:type\" content=\"article\" \/>\n<meta property=\"og:title\" content=\"Ad\u00e8le Brugidou - \u00a1 Ay Casta\u00f1a ! Flamenco\" \/>\n<meta property=\"og:description\" content=\"En 2015, Adela se traslada a Sevilla para dedicarse por completo al baile flamenco. All\u00ed se forma profesionalmente con grandes maestros.\" \/>\n<meta property=\"og:url\" content=\"https:\/\/aycastanaflamenco.com\/index.php\/es\/adela-brugidou-2\/\" \/>\n<meta property=\"og:site_name\" content=\"\u00a1 Ay Casta\u00f1a ! Flamenco\" \/>\n<meta property=\"article:modified_time\" content=\"2023-09-03T16:06:44+00:00\" \/>\n<meta property=\"og:image\" content=\"http:\/\/aycastanaflamenco.com\/wp-content\/uploads\/2020\/04\/DSC9783-1024x683.jpg\" \/>\n<meta name=\"twitter:card\" content=\"summary_large_image\" \/>\n<meta name=\"twitter:label1\" content=\"Dur\u00e9e de lecture estim\u00e9e\" \/>\n\t<meta name=\"twitter:data1\" content=\"4 minutes\" \/>\n<script type=\"application\/ld+json\" class=\"yoast-schema-graph\">{\"@context\":\"https:\/\/schema.org\",\"@graph\":[{\"@type\":\"WebPage\",\"@id\":\"https:\/\/aycastanaflamenco.com\/index.php\/es\/adela-brugidou-2\/\",\"url\":\"https:\/\/aycastanaflamenco.com\/index.php\/es\/adela-brugidou-2\/\",\"name\":\"Ad\u00e8le Brugidou - \u00a1 Ay Casta\u00f1a ! Flamenco\",\"isPartOf\":{\"@id\":\"https:\/\/aycastanaflamenco.com\/#website\"},\"primaryImageOfPage\":{\"@id\":\"https:\/\/aycastanaflamenco.com\/index.php\/es\/adela-brugidou-2\/#primaryimage\"},\"image\":{\"@id\":\"https:\/\/aycastanaflamenco.com\/index.php\/es\/adela-brugidou-2\/#primaryimage\"},\"thumbnailUrl\":\"http:\/\/aycastanaflamenco.com\/wp-content\/uploads\/2020\/04\/DSC9783-1024x683.jpg\",\"datePublished\":\"2020-04-06T11:45:16+00:00\",\"dateModified\":\"2023-09-03T16:06:44+00:00\",\"description\":\"En 2015, Adela se traslada a Sevilla para dedicarse por completo al baile flamenco. All\u00ed se forma profesionalmente con grandes maestros.\",\"breadcrumb\":{\"@id\":\"https:\/\/aycastanaflamenco.com\/index.php\/es\/adela-brugidou-2\/#breadcrumb\"},\"inLanguage\":\"fr-FR\",\"potentialAction\":[{\"@type\":\"ReadAction\",\"target\":[\"https:\/\/aycastanaflamenco.com\/index.php\/es\/adela-brugidou-2\/\"]}]},{\"@type\":\"ImageObject\",\"inLanguage\":\"fr-FR\",\"@id\":\"https:\/\/aycastanaflamenco.com\/index.php\/es\/adela-brugidou-2\/#primaryimage\",\"url\":\"http:\/\/aycastanaflamenco.com\/wp-content\/uploads\/2020\/04\/DSC9783-1024x683.jpg\",\"contentUrl\":\"http:\/\/aycastanaflamenco.com\/wp-content\/uploads\/2020\/04\/DSC9783-1024x683.jpg\"},{\"@type\":\"BreadcrumbList\",\"@id\":\"https:\/\/aycastanaflamenco.com\/index.php\/es\/adela-brugidou-2\/#breadcrumb\",\"itemListElement\":[{\"@type\":\"ListItem\",\"position\":1,\"name\":\"Accueil\"},{\"@type\":\"ListItem\",\"position\":2,\"name\":\"Ad\u00e8le Brugidou\"}]},{\"@type\":\"WebSite\",\"@id\":\"https:\/\/aycastanaflamenco.com\/#website\",\"url\":\"https:\/\/aycastanaflamenco.com\/\",\"name\":\"\u00a1 Ay Casta\u00f1a ! Flamenco\",\"description\":\"\",\"publisher\":{\"@id\":\"https:\/\/aycastanaflamenco.com\/#organization\"},\"potentialAction\":[{\"@type\":\"SearchAction\",\"target\":{\"@type\":\"EntryPoint\",\"urlTemplate\":\"https:\/\/aycastanaflamenco.com\/?s={search_term_string}\"},\"query-input\":{\"@type\":\"PropertyValueSpecification\",\"valueRequired\":true,\"valueName\":\"search_term_string\"}}],\"inLanguage\":\"fr-FR\"},{\"@type\":\"Organization\",\"@id\":\"https:\/\/aycastanaflamenco.com\/#organization\",\"name\":\"Ay Castana Flamenco\",\"url\":\"https:\/\/aycastanaflamenco.com\/\",\"logo\":{\"@type\":\"ImageObject\",\"inLanguage\":\"fr-FR\",\"@id\":\"https:\/\/aycastanaflamenco.com\/#\/schema\/logo\/image\/\",\"url\":\"https:\/\/aycastanaflamenco.com\/wp-content\/uploads\/2020\/04\/cropped-Logo-Playlist.png\",\"contentUrl\":\"https:\/\/aycastanaflamenco.com\/wp-content\/uploads\/2020\/04\/cropped-Logo-Playlist.png\",\"width\":500,\"height\":176,\"caption\":\"Ay Castana Flamenco\"},\"image\":{\"@id\":\"https:\/\/aycastanaflamenco.com\/#\/schema\/logo\/image\/\"}}]}<\/script>\n<!-- \/ Yoast SEO plugin. -->","yoast_head_json":{"title":"Ad\u00e8le Brugidou - \u00a1 Ay Casta\u00f1a ! Flamenco","description":"En 2015, Adela se traslada a Sevilla para dedicarse por completo al baile flamenco. All\u00ed se forma profesionalmente con grandes maestros.","robots":{"index":"index","follow":"follow","max-snippet":"max-snippet:-1","max-image-preview":"max-image-preview:large","max-video-preview":"max-video-preview:-1"},"canonical":"https:\/\/aycastanaflamenco.com\/index.php\/es\/adela-brugidou-2\/","og_locale":"fr_FR","og_type":"article","og_title":"Ad\u00e8le Brugidou - \u00a1 Ay Casta\u00f1a ! Flamenco","og_description":"En 2015, Adela se traslada a Sevilla para dedicarse por completo al baile flamenco. All\u00ed se forma profesionalmente con grandes maestros.","og_url":"https:\/\/aycastanaflamenco.com\/index.php\/es\/adela-brugidou-2\/","og_site_name":"\u00a1 Ay Casta\u00f1a ! Flamenco","article_modified_time":"2023-09-03T16:06:44+00:00","og_image":[{"url":"http:\/\/aycastanaflamenco.com\/wp-content\/uploads\/2020\/04\/DSC9783-1024x683.jpg","type":"","width":"","height":""}],"twitter_card":"summary_large_image","twitter_misc":{"Dur\u00e9e de lecture estim\u00e9e":"4 minutes"},"schema":{"@context":"https:\/\/schema.org","@graph":[{"@type":"WebPage","@id":"https:\/\/aycastanaflamenco.com\/index.php\/es\/adela-brugidou-2\/","url":"https:\/\/aycastanaflamenco.com\/index.php\/es\/adela-brugidou-2\/","name":"Ad\u00e8le Brugidou - \u00a1 Ay Casta\u00f1a ! Flamenco","isPartOf":{"@id":"https:\/\/aycastanaflamenco.com\/#website"},"primaryImageOfPage":{"@id":"https:\/\/aycastanaflamenco.com\/index.php\/es\/adela-brugidou-2\/#primaryimage"},"image":{"@id":"https:\/\/aycastanaflamenco.com\/index.php\/es\/adela-brugidou-2\/#primaryimage"},"thumbnailUrl":"http:\/\/aycastanaflamenco.com\/wp-content\/uploads\/2020\/04\/DSC9783-1024x683.jpg","datePublished":"2020-04-06T11:45:16+00:00","dateModified":"2023-09-03T16:06:44+00:00","description":"En 2015, Adela se traslada a Sevilla para dedicarse por completo al baile flamenco. All\u00ed se forma profesionalmente con grandes maestros.","breadcrumb":{"@id":"https:\/\/aycastanaflamenco.com\/index.php\/es\/adela-brugidou-2\/#breadcrumb"},"inLanguage":"fr-FR","potentialAction":[{"@type":"ReadAction","target":["https:\/\/aycastanaflamenco.com\/index.php\/es\/adela-brugidou-2\/"]}]},{"@type":"ImageObject","inLanguage":"fr-FR","@id":"https:\/\/aycastanaflamenco.com\/index.php\/es\/adela-brugidou-2\/#primaryimage","url":"http:\/\/aycastanaflamenco.com\/wp-content\/uploads\/2020\/04\/DSC9783-1024x683.jpg","contentUrl":"http:\/\/aycastanaflamenco.com\/wp-content\/uploads\/2020\/04\/DSC9783-1024x683.jpg"},{"@type":"BreadcrumbList","@id":"https:\/\/aycastanaflamenco.com\/index.php\/es\/adela-brugidou-2\/#breadcrumb","itemListElement":[{"@type":"ListItem","position":1,"name":"Accueil"},{"@type":"ListItem","position":2,"name":"Ad\u00e8le Brugidou"}]},{"@type":"WebSite","@id":"https:\/\/aycastanaflamenco.com\/#website","url":"https:\/\/aycastanaflamenco.com\/","name":"\u00a1 Ay Casta\u00f1a ! Flamenco","description":"","publisher":{"@id":"https:\/\/aycastanaflamenco.com\/#organization"},"potentialAction":[{"@type":"SearchAction","target":{"@type":"EntryPoint","urlTemplate":"https:\/\/aycastanaflamenco.com\/?s={search_term_string}"},"query-input":{"@type":"PropertyValueSpecification","valueRequired":true,"valueName":"search_term_string"}}],"inLanguage":"fr-FR"},{"@type":"Organization","@id":"https:\/\/aycastanaflamenco.com\/#organization","name":"Ay Castana Flamenco","url":"https:\/\/aycastanaflamenco.com\/","logo":{"@type":"ImageObject","inLanguage":"fr-FR","@id":"https:\/\/aycastanaflamenco.com\/#\/schema\/logo\/image\/","url":"https:\/\/aycastanaflamenco.com\/wp-content\/uploads\/2020\/04\/cropped-Logo-Playlist.png","contentUrl":"https:\/\/aycastanaflamenco.com\/wp-content\/uploads\/2020\/04\/cropped-Logo-Playlist.png","width":500,"height":176,"caption":"Ay Castana Flamenco"},"image":{"@id":"https:\/\/aycastanaflamenco.com\/#\/schema\/logo\/image\/"}}]}},"_links":{"self":[{"href":"https:\/\/aycastanaflamenco.com\/index.php\/wp-json\/wp\/v2\/pages\/153","targetHints":{"allow":["GET"]}}],"collection":[{"href":"https:\/\/aycastanaflamenco.com\/index.php\/wp-json\/wp\/v2\/pages"}],"about":[{"href":"https:\/\/aycastanaflamenco.com\/index.php\/wp-json\/wp\/v2\/types\/page"}],"author":[{"embeddable":true,"href":"https:\/\/aycastanaflamenco.com\/index.php\/wp-json\/wp\/v2\/users\/1"}],"replies":[{"embeddable":true,"href":"https:\/\/aycastanaflamenco.com\/index.php\/wp-json\/wp\/v2\/comments?post=153"}],"version-history":[{"count":11,"href":"https:\/\/aycastanaflamenco.com\/index.php\/wp-json\/wp\/v2\/pages\/153\/revisions"}],"predecessor-version":[{"id":1029,"href":"https:\/\/aycastanaflamenco.com\/index.php\/wp-json\/wp\/v2\/pages\/153\/revisions\/1029"}],"wp:attachment":[{"href":"https:\/\/aycastanaflamenco.com\/index.php\/wp-json\/wp\/v2\/media?parent=153"}],"curies":[{"name":"wp","href":"https:\/\/api.w.org\/{rel}","templated":true}]}}