{"id":161,"date":"2020-04-06T13:45:08","date_gmt":"2020-04-06T11:45:08","guid":{"rendered":"http:\/\/aycastanaflamenco.com\/?page_id=65"},"modified":"2020-05-01T13:05:42","modified_gmt":"2020-05-01T11:05:42","slug":"emilie-pathenay-2","status":"publish","type":"page","link":"https:\/\/aycastanaflamenco.com\/index.php\/es\/emilie-pathenay-2\/","title":{"rendered":"Emilie Pathenay"},"content":{"rendered":"\n<div class=\"wp-block-image\"><figure class=\"aligncenter size-large\"><img loading=\"lazy\" decoding=\"async\" width=\"1024\" height=\"683\" src=\"http:\/\/aycastanaflamenco.com\/wp-content\/uploads\/2020\/04\/DSC9739-1024x683.jpg\" alt=\"\" class=\"wp-image-46\" srcset=\"https:\/\/aycastanaflamenco.com\/wp-content\/uploads\/2020\/04\/DSC9739-1024x683.jpg 1024w, https:\/\/aycastanaflamenco.com\/wp-content\/uploads\/2020\/04\/DSC9739-300x200.jpg 300w, https:\/\/aycastanaflamenco.com\/wp-content\/uploads\/2020\/04\/DSC9739-768x513.jpg 768w, https:\/\/aycastanaflamenco.com\/wp-content\/uploads\/2020\/04\/DSC9739-1536x1025.jpg 1536w, https:\/\/aycastanaflamenco.com\/wp-content\/uploads\/2020\/04\/DSC9739-2048x1367.jpg 2048w, https:\/\/aycastanaflamenco.com\/wp-content\/uploads\/2020\/04\/DSC9739-800x534.jpg 800w\" sizes=\"auto, (max-width: 1024px) 100vw, 1024px\" \/><\/figure><\/div>\n\n\n\n<hr class=\"wp-block-separator\"\/>\n\n\n\n<blockquote class=\"wp-block-quote has-text-align-center is-style-large is-layout-flow wp-block-quote-is-layout-flow\"><p><em>\u201c Es porque me permite vivir mi musicalidad a trav\u00e9s de mi cuerpo que el flamenco me ha ense\u00f1ado a llevar mi alma fuera de ella misma.\u201d<\/em><\/p><\/blockquote>\n\n\n\n<p class=\"has-normal-font-size\">Nacida en Par\u00eds, Emilie Pathenay se inicia a la danza y a la m\u00fasica desde muy joven, principalmente gracias a la pr\u00e1ctica del piano y el aprendizaje del ballet.<\/p>\n\n\n\n<p class=\"has-normal-font-size\">Es cuando tiene 18 a\u00f1os que descubre el flamenco, pero es s\u00f3lo despu\u00e9s de sus estudios en danza y en artes pl\u00e1sticas que decide ir a Jerez de la Frontera, cuna del flamenco y tierra de adopci\u00f3n que no dejar\u00e1 hasta 9 a\u00f1os despu\u00e9s.<\/p>\n\n\n\n<p class=\"has-normal-font-size\">Formada en Jerez y Sevilla con grandes maestros (Manuela Carpio, Mercedes Ruiz, Juana Amaya, El Oruco, Miguel \u00c1ngel Heredia entre otros), es ante todo observando, escuchando y sumergi\u00e9ndose en la vida andaluza que trata de captar y empaparse de la esencia de este arte.<\/p>\n\n\n\n<p class=\"has-normal-font-size\">Artista dedicada, Emilie gana el primer premio de un concurso organizado en Jerez en 2017 durante el importante Festival de Flamenco, y ya ha actuado y ense\u00f1ado a trav\u00e9s de Europa (Espa\u00f1a, Francia, Hungr\u00eda, B\u00e9lgica y Suiza).<\/p>\n\n\n\n<p class=\"has-normal-font-size\">De vuelta a Par\u00eds en 2018, poco a poco se hace un hueco en la comunidad flamenca, tratando de compartir su afici\u00f3n y su experiencia tanto en el escenario como a trav\u00e9s de la ense\u00f1anza.<\/p>\n\n\n\n<hr class=\"wp-block-separator\"\/>\n\n\n\n<figure class=\"wp-block-gallery columns-3 is-cropped wp-block-gallery-1 is-layout-flex wp-block-gallery-is-layout-flex\"><ul class=\"blocks-gallery-grid\"><li class=\"blocks-gallery-item\"><figure><img loading=\"lazy\" decoding=\"async\" width=\"1024\" height=\"683\" src=\"http:\/\/aycastanaflamenco.com\/wp-content\/uploads\/2020\/04\/DSC9739-1024x683.jpg\" alt=\"\" data-id=\"46\" data-full-url=\"http:\/\/aycastanaflamenco.com\/wp-content\/uploads\/2020\/04\/DSC9739-scaled.jpg\" data-link=\"http:\/\/aycastanaflamenco.com\/_dsc9739\/\" class=\"wp-image-46\" srcset=\"https:\/\/aycastanaflamenco.com\/wp-content\/uploads\/2020\/04\/DSC9739-1024x683.jpg 1024w, https:\/\/aycastanaflamenco.com\/wp-content\/uploads\/2020\/04\/DSC9739-300x200.jpg 300w, https:\/\/aycastanaflamenco.com\/wp-content\/uploads\/2020\/04\/DSC9739-768x513.jpg 768w, https:\/\/aycastanaflamenco.com\/wp-content\/uploads\/2020\/04\/DSC9739-1536x1025.jpg 1536w, https:\/\/aycastanaflamenco.com\/wp-content\/uploads\/2020\/04\/DSC9739-2048x1367.jpg 2048w, https:\/\/aycastanaflamenco.com\/wp-content\/uploads\/2020\/04\/DSC9739-800x534.jpg 800w\" sizes=\"auto, (max-width: 1024px) 100vw, 1024px\" \/><\/figure><\/li><li class=\"blocks-gallery-item\"><figure><img loading=\"lazy\" decoding=\"async\" width=\"1024\" height=\"683\" src=\"http:\/\/aycastanaflamenco.com\/wp-content\/uploads\/2020\/04\/DSC9734-1024x683.jpg\" alt=\"\" data-id=\"45\" data-full-url=\"http:\/\/aycastanaflamenco.com\/wp-content\/uploads\/2020\/04\/DSC9734-scaled.jpg\" data-link=\"http:\/\/aycastanaflamenco.com\/_dsc9734\/\" class=\"wp-image-45\" srcset=\"https:\/\/aycastanaflamenco.com\/wp-content\/uploads\/2020\/04\/DSC9734-1024x683.jpg 1024w, https:\/\/aycastanaflamenco.com\/wp-content\/uploads\/2020\/04\/DSC9734-300x200.jpg 300w, https:\/\/aycastanaflamenco.com\/wp-content\/uploads\/2020\/04\/DSC9734-768x513.jpg 768w, https:\/\/aycastanaflamenco.com\/wp-content\/uploads\/2020\/04\/DSC9734-1536x1025.jpg 1536w, https:\/\/aycastanaflamenco.com\/wp-content\/uploads\/2020\/04\/DSC9734-2048x1367.jpg 2048w, https:\/\/aycastanaflamenco.com\/wp-content\/uploads\/2020\/04\/DSC9734-800x534.jpg 800w\" sizes=\"auto, (max-width: 1024px) 100vw, 1024px\" \/><\/figure><\/li><li class=\"blocks-gallery-item\"><figure><img loading=\"lazy\" decoding=\"async\" width=\"1024\" height=\"683\" src=\"http:\/\/aycastanaflamenco.com\/wp-content\/uploads\/2020\/04\/DSC9729-1024x683.jpg\" alt=\"\" data-id=\"44\" data-full-url=\"http:\/\/aycastanaflamenco.com\/wp-content\/uploads\/2020\/04\/DSC9729-scaled.jpg\" data-link=\"http:\/\/aycastanaflamenco.com\/_dsc9729\/\" class=\"wp-image-44\" srcset=\"https:\/\/aycastanaflamenco.com\/wp-content\/uploads\/2020\/04\/DSC9729-1024x683.jpg 1024w, https:\/\/aycastanaflamenco.com\/wp-content\/uploads\/2020\/04\/DSC9729-300x200.jpg 300w, https:\/\/aycastanaflamenco.com\/wp-content\/uploads\/2020\/04\/DSC9729-768x513.jpg 768w, https:\/\/aycastanaflamenco.com\/wp-content\/uploads\/2020\/04\/DSC9729-1536x1025.jpg 1536w\" sizes=\"auto, (max-width: 1024px) 100vw, 1024px\" \/><\/figure><\/li><li class=\"blocks-gallery-item\"><figure><img loading=\"lazy\" decoding=\"async\" width=\"1024\" height=\"683\" src=\"http:\/\/aycastanaflamenco.com\/wp-content\/uploads\/2020\/04\/DSC9726-1024x683.jpg\" alt=\"\" data-id=\"43\" data-full-url=\"http:\/\/aycastanaflamenco.com\/wp-content\/uploads\/2020\/04\/DSC9726-scaled.jpg\" data-link=\"http:\/\/aycastanaflamenco.com\/_dsc9726\/\" class=\"wp-image-43\" srcset=\"https:\/\/aycastanaflamenco.com\/wp-content\/uploads\/2020\/04\/DSC9726-1024x683.jpg 1024w, https:\/\/aycastanaflamenco.com\/wp-content\/uploads\/2020\/04\/DSC9726-300x200.jpg 300w, https:\/\/aycastanaflamenco.com\/wp-content\/uploads\/2020\/04\/DSC9726-768x513.jpg 768w, https:\/\/aycastanaflamenco.com\/wp-content\/uploads\/2020\/04\/DSC9726-1536x1025.jpg 1536w, https:\/\/aycastanaflamenco.com\/wp-content\/uploads\/2020\/04\/DSC9726-2048x1367.jpg 2048w, https:\/\/aycastanaflamenco.com\/wp-content\/uploads\/2020\/04\/DSC9726-800x534.jpg 800w\" sizes=\"auto, (max-width: 1024px) 100vw, 1024px\" \/><\/figure><\/li><li class=\"blocks-gallery-item\"><figure><img loading=\"lazy\" decoding=\"async\" width=\"1024\" height=\"683\" src=\"http:\/\/aycastanaflamenco.com\/wp-content\/uploads\/2020\/04\/DSC9680-1024x683.jpg\" alt=\"\" data-id=\"39\" data-full-url=\"http:\/\/aycastanaflamenco.com\/wp-content\/uploads\/2020\/04\/DSC9680-scaled.jpg\" data-link=\"http:\/\/aycastanaflamenco.com\/_dsc9680\/\" class=\"wp-image-39\" srcset=\"https:\/\/aycastanaflamenco.com\/wp-content\/uploads\/2020\/04\/DSC9680-1024x683.jpg 1024w, https:\/\/aycastanaflamenco.com\/wp-content\/uploads\/2020\/04\/DSC9680-300x200.jpg 300w, https:\/\/aycastanaflamenco.com\/wp-content\/uploads\/2020\/04\/DSC9680-768x513.jpg 768w, https:\/\/aycastanaflamenco.com\/wp-content\/uploads\/2020\/04\/DSC9680-1536x1025.jpg 1536w, https:\/\/aycastanaflamenco.com\/wp-content\/uploads\/2020\/04\/DSC9680-2048x1367.jpg 2048w, https:\/\/aycastanaflamenco.com\/wp-content\/uploads\/2020\/04\/DSC9680-800x534.jpg 800w\" sizes=\"auto, (max-width: 1024px) 100vw, 1024px\" \/><\/figure><\/li><li class=\"blocks-gallery-item\"><figure><img loading=\"lazy\" decoding=\"async\" width=\"1024\" height=\"683\" src=\"http:\/\/aycastanaflamenco.com\/wp-content\/uploads\/2020\/04\/DSC9682-1-1024x683.jpg\" alt=\"\" data-id=\"40\" data-full-url=\"http:\/\/aycastanaflamenco.com\/wp-content\/uploads\/2020\/04\/DSC9682-1-scaled.jpg\" data-link=\"http:\/\/aycastanaflamenco.com\/_dsc9682-2\/\" class=\"wp-image-40\" srcset=\"https:\/\/aycastanaflamenco.com\/wp-content\/uploads\/2020\/04\/DSC9682-1-1024x683.jpg 1024w, https:\/\/aycastanaflamenco.com\/wp-content\/uploads\/2020\/04\/DSC9682-1-300x200.jpg 300w, https:\/\/aycastanaflamenco.com\/wp-content\/uploads\/2020\/04\/DSC9682-1-768x513.jpg 768w, https:\/\/aycastanaflamenco.com\/wp-content\/uploads\/2020\/04\/DSC9682-1-1536x1025.jpg 1536w, https:\/\/aycastanaflamenco.com\/wp-content\/uploads\/2020\/04\/DSC9682-1-2048x1367.jpg 2048w, https:\/\/aycastanaflamenco.com\/wp-content\/uploads\/2020\/04\/DSC9682-1-800x534.jpg 800w\" sizes=\"auto, (max-width: 1024px) 100vw, 1024px\" \/><\/figure><\/li><li class=\"blocks-gallery-item\"><figure><img loading=\"lazy\" decoding=\"async\" width=\"1024\" height=\"683\" src=\"http:\/\/aycastanaflamenco.com\/wp-content\/uploads\/2020\/04\/DSC9689-1-1024x683.jpg\" alt=\"\" data-id=\"41\" data-full-url=\"http:\/\/aycastanaflamenco.com\/wp-content\/uploads\/2020\/04\/DSC9689-1-scaled.jpg\" data-link=\"http:\/\/aycastanaflamenco.com\/_dsc9689-2\/\" class=\"wp-image-41\" srcset=\"https:\/\/aycastanaflamenco.com\/wp-content\/uploads\/2020\/04\/DSC9689-1-1024x683.jpg 1024w, https:\/\/aycastanaflamenco.com\/wp-content\/uploads\/2020\/04\/DSC9689-1-300x200.jpg 300w, https:\/\/aycastanaflamenco.com\/wp-content\/uploads\/2020\/04\/DSC9689-1-768x513.jpg 768w, https:\/\/aycastanaflamenco.com\/wp-content\/uploads\/2020\/04\/DSC9689-1-1536x1025.jpg 1536w, https:\/\/aycastanaflamenco.com\/wp-content\/uploads\/2020\/04\/DSC9689-1-2048x1367.jpg 2048w, https:\/\/aycastanaflamenco.com\/wp-content\/uploads\/2020\/04\/DSC9689-1-800x534.jpg 800w\" sizes=\"auto, (max-width: 1024px) 100vw, 1024px\" \/><\/figure><\/li><li class=\"blocks-gallery-item\"><figure><img loading=\"lazy\" decoding=\"async\" width=\"1024\" height=\"683\" src=\"http:\/\/aycastanaflamenco.com\/wp-content\/uploads\/2020\/04\/DSC9723-1024x683.jpg\" alt=\"\" data-id=\"42\" data-full-url=\"http:\/\/aycastanaflamenco.com\/wp-content\/uploads\/2020\/04\/DSC9723-scaled.jpg\" data-link=\"http:\/\/aycastanaflamenco.com\/_dsc9723\/\" class=\"wp-image-42\" srcset=\"https:\/\/aycastanaflamenco.com\/wp-content\/uploads\/2020\/04\/DSC9723-1024x683.jpg 1024w, https:\/\/aycastanaflamenco.com\/wp-content\/uploads\/2020\/04\/DSC9723-300x200.jpg 300w, https:\/\/aycastanaflamenco.com\/wp-content\/uploads\/2020\/04\/DSC9723-768x513.jpg 768w, https:\/\/aycastanaflamenco.com\/wp-content\/uploads\/2020\/04\/DSC9723-1536x1025.jpg 1536w, https:\/\/aycastanaflamenco.com\/wp-content\/uploads\/2020\/04\/DSC9723-2048x1367.jpg 2048w, https:\/\/aycastanaflamenco.com\/wp-content\/uploads\/2020\/04\/DSC9723-800x534.jpg 800w\" sizes=\"auto, (max-width: 1024px) 100vw, 1024px\" \/><\/figure><\/li><li class=\"blocks-gallery-item\"><figure><img loading=\"lazy\" decoding=\"async\" width=\"1024\" height=\"683\" src=\"http:\/\/aycastanaflamenco.com\/wp-content\/uploads\/2020\/04\/DSC9659-1024x683.jpg\" alt=\"\" data-id=\"35\" data-full-url=\"http:\/\/aycastanaflamenco.com\/wp-content\/uploads\/2020\/04\/DSC9659-scaled.jpg\" data-link=\"http:\/\/aycastanaflamenco.com\/_dsc9659\/\" class=\"wp-image-35\" srcset=\"https:\/\/aycastanaflamenco.com\/wp-content\/uploads\/2020\/04\/DSC9659-1024x683.jpg 1024w, https:\/\/aycastanaflamenco.com\/wp-content\/uploads\/2020\/04\/DSC9659-300x200.jpg 300w, https:\/\/aycastanaflamenco.com\/wp-content\/uploads\/2020\/04\/DSC9659-768x513.jpg 768w, https:\/\/aycastanaflamenco.com\/wp-content\/uploads\/2020\/04\/DSC9659-1536x1025.jpg 1536w, https:\/\/aycastanaflamenco.com\/wp-content\/uploads\/2020\/04\/DSC9659-2048x1367.jpg 2048w, https:\/\/aycastanaflamenco.com\/wp-content\/uploads\/2020\/04\/DSC9659-800x534.jpg 800w\" sizes=\"auto, (max-width: 1024px) 100vw, 1024px\" \/><\/figure><\/li><\/ul><\/figure>\n\n\n\n<hr class=\"wp-block-separator\"\/>\n\n\n\n<figure class=\"wp-block-embed-youtube alignleft wp-block-embed is-type-video is-provider-youtube wp-embed-aspect-16-9 wp-has-aspect-ratio\"><div class=\"wp-block-embed__wrapper\">\n<iframe loading=\"lazy\" title=\"Emilie Pathenay - Th\u00e9\u00e2tre Aleph\" width=\"640\" height=\"360\" src=\"https:\/\/www.youtube.com\/embed\/km9Mmd9FWMY?feature=oembed\" frameborder=\"0\" allow=\"accelerometer; autoplay; clipboard-write; encrypted-media; gyroscope; picture-in-picture; web-share\" referrerpolicy=\"strict-origin-when-cross-origin\" allowfullscreen><\/iframe>\n<\/div><\/figure>\n\n\n\n<figure class=\"wp-block-embed-youtube alignright wp-block-embed is-type-video is-provider-youtube wp-embed-aspect-16-9 wp-has-aspect-ratio\"><div class=\"wp-block-embed__wrapper\">\n<iframe loading=\"lazy\" title=\"Emilie Pathenay - Siguiriyas - Improvi&#039;bar\" width=\"640\" height=\"360\" src=\"https:\/\/www.youtube.com\/embed\/IoYlIw-oI4g?feature=oembed\" frameborder=\"0\" allow=\"accelerometer; autoplay; clipboard-write; encrypted-media; gyroscope; picture-in-picture; web-share\" referrerpolicy=\"strict-origin-when-cross-origin\" allowfullscreen><\/iframe>\n<\/div><\/figure>\n\n\n\n<div class=\"wp-block-buttons aligncenter is-layout-flex wp-block-buttons-is-layout-flex\">\n<div class=\"wp-block-button is-style-outline is-style-outline--2\"><a class=\"wp-block-button__link has-text-color has-background\" href=\"http:\/\/aycastanaflamenco.com\/index.php\/es\/ay-castana-empresa\/\" style=\"background-color:#ffffff;color:#ff5757\">\u00ab\u00a0\u00a1Ay Casta\u00f1a!\u00a0\u00bb<\/a><\/div>\n\n\n\n<div class=\"wp-block-button is-style-outline is-style-outline--3\"><a class=\"wp-block-button__link has-text-color has-background\" href=\"http:\/\/aycastanaflamenco.com\/index.php\/es\/pongase-en-contacto-con\/\" style=\"background-color:#ffffff;color:#ff5757\">Contacto<\/a><\/div>\n<\/div>\n\n\n\n<hr class=\"wp-block-separator\"\/>\n\n\n\n<div class=\"wp-block-buttons aligncenter is-layout-flex wp-block-buttons-is-layout-flex\"><\/div>\n","protected":false},"excerpt":{"rendered":"<p>\u201c Es porque me permite vivir mi musicalidad a trav\u00e9s de mi cuerpo que el flamenco me\u2026<\/p>\n","protected":false},"author":1,"featured_media":0,"parent":0,"menu_order":0,"comment_status":"closed","ping_status":"closed","template":"","meta":{"_monsterinsights_skip_tracking":false,"_monsterinsights_sitenote_active":false,"_monsterinsights_sitenote_note":"","_monsterinsights_sitenote_category":0,"footnotes":""},"class_list":["post-161","page","type-page","status-publish","hentry"],"yoast_head":"<!-- This site is optimized with the Yoast SEO plugin v25.2 - https:\/\/yoast.com\/wordpress\/plugins\/seo\/ -->\n<title>Emilie Pathenay - \u00a1 Ay Casta\u00f1a ! Flamenco<\/title>\n<meta name=\"description\" content=\"Formada en Jerez y Sevilla con grandes maestros durante 9 a\u00f1os, Emilie Pathenay ha actuado y ense\u00f1ado el baile flamenco a trav\u00e9s de Europa.\" \/>\n<meta name=\"robots\" content=\"index, follow, max-snippet:-1, max-image-preview:large, max-video-preview:-1\" \/>\n<link rel=\"canonical\" href=\"https:\/\/aycastanaflamenco.com\/index.php\/es\/emilie-pathenay-2\/\" \/>\n<meta property=\"og:locale\" content=\"fr_FR\" \/>\n<meta property=\"og:type\" content=\"article\" \/>\n<meta property=\"og:title\" content=\"Emilie Pathenay - \u00a1 Ay Casta\u00f1a ! Flamenco\" \/>\n<meta property=\"og:description\" content=\"Formada en Jerez y Sevilla con grandes maestros durante 9 a\u00f1os, Emilie Pathenay ha actuado y ense\u00f1ado el baile flamenco a trav\u00e9s de Europa.\" \/>\n<meta property=\"og:url\" content=\"https:\/\/aycastanaflamenco.com\/index.php\/es\/emilie-pathenay-2\/\" \/>\n<meta property=\"og:site_name\" content=\"\u00a1 Ay Casta\u00f1a ! Flamenco\" \/>\n<meta property=\"article:modified_time\" content=\"2020-05-01T11:05:42+00:00\" \/>\n<meta property=\"og:image\" content=\"http:\/\/aycastanaflamenco.com\/wp-content\/uploads\/2020\/04\/DSC9739-1024x683.jpg\" \/>\n<meta name=\"twitter:card\" content=\"summary_large_image\" \/>\n<meta name=\"twitter:label1\" content=\"Dur\u00e9e de lecture estim\u00e9e\" \/>\n\t<meta name=\"twitter:data1\" content=\"1 minute\" \/>\n<script type=\"application\/ld+json\" class=\"yoast-schema-graph\">{\"@context\":\"https:\/\/schema.org\",\"@graph\":[{\"@type\":\"WebPage\",\"@id\":\"https:\/\/aycastanaflamenco.com\/index.php\/es\/emilie-pathenay-2\/\",\"url\":\"https:\/\/aycastanaflamenco.com\/index.php\/es\/emilie-pathenay-2\/\",\"name\":\"Emilie Pathenay - \u00a1 Ay Casta\u00f1a ! Flamenco\",\"isPartOf\":{\"@id\":\"https:\/\/aycastanaflamenco.com\/#website\"},\"primaryImageOfPage\":{\"@id\":\"https:\/\/aycastanaflamenco.com\/index.php\/es\/emilie-pathenay-2\/#primaryimage\"},\"image\":{\"@id\":\"https:\/\/aycastanaflamenco.com\/index.php\/es\/emilie-pathenay-2\/#primaryimage\"},\"thumbnailUrl\":\"http:\/\/aycastanaflamenco.com\/wp-content\/uploads\/2020\/04\/DSC9739-1024x683.jpg\",\"datePublished\":\"2020-04-06T11:45:08+00:00\",\"dateModified\":\"2020-05-01T11:05:42+00:00\",\"description\":\"Formada en Jerez y Sevilla con grandes maestros durante 9 a\u00f1os, Emilie Pathenay ha actuado y ense\u00f1ado el baile flamenco a trav\u00e9s de Europa.\",\"breadcrumb\":{\"@id\":\"https:\/\/aycastanaflamenco.com\/index.php\/es\/emilie-pathenay-2\/#breadcrumb\"},\"inLanguage\":\"fr-FR\",\"potentialAction\":[{\"@type\":\"ReadAction\",\"target\":[\"https:\/\/aycastanaflamenco.com\/index.php\/es\/emilie-pathenay-2\/\"]}]},{\"@type\":\"ImageObject\",\"inLanguage\":\"fr-FR\",\"@id\":\"https:\/\/aycastanaflamenco.com\/index.php\/es\/emilie-pathenay-2\/#primaryimage\",\"url\":\"http:\/\/aycastanaflamenco.com\/wp-content\/uploads\/2020\/04\/DSC9739-1024x683.jpg\",\"contentUrl\":\"http:\/\/aycastanaflamenco.com\/wp-content\/uploads\/2020\/04\/DSC9739-1024x683.jpg\"},{\"@type\":\"BreadcrumbList\",\"@id\":\"https:\/\/aycastanaflamenco.com\/index.php\/es\/emilie-pathenay-2\/#breadcrumb\",\"itemListElement\":[{\"@type\":\"ListItem\",\"position\":1,\"name\":\"Accueil\"},{\"@type\":\"ListItem\",\"position\":2,\"name\":\"Emilie Pathenay\"}]},{\"@type\":\"WebSite\",\"@id\":\"https:\/\/aycastanaflamenco.com\/#website\",\"url\":\"https:\/\/aycastanaflamenco.com\/\",\"name\":\"\u00a1 Ay Casta\u00f1a ! Flamenco\",\"description\":\"\",\"publisher\":{\"@id\":\"https:\/\/aycastanaflamenco.com\/#organization\"},\"potentialAction\":[{\"@type\":\"SearchAction\",\"target\":{\"@type\":\"EntryPoint\",\"urlTemplate\":\"https:\/\/aycastanaflamenco.com\/?s={search_term_string}\"},\"query-input\":{\"@type\":\"PropertyValueSpecification\",\"valueRequired\":true,\"valueName\":\"search_term_string\"}}],\"inLanguage\":\"fr-FR\"},{\"@type\":\"Organization\",\"@id\":\"https:\/\/aycastanaflamenco.com\/#organization\",\"name\":\"Ay Castana Flamenco\",\"url\":\"https:\/\/aycastanaflamenco.com\/\",\"logo\":{\"@type\":\"ImageObject\",\"inLanguage\":\"fr-FR\",\"@id\":\"https:\/\/aycastanaflamenco.com\/#\/schema\/logo\/image\/\",\"url\":\"https:\/\/aycastanaflamenco.com\/wp-content\/uploads\/2020\/04\/cropped-Logo-Playlist.png\",\"contentUrl\":\"https:\/\/aycastanaflamenco.com\/wp-content\/uploads\/2020\/04\/cropped-Logo-Playlist.png\",\"width\":500,\"height\":176,\"caption\":\"Ay Castana Flamenco\"},\"image\":{\"@id\":\"https:\/\/aycastanaflamenco.com\/#\/schema\/logo\/image\/\"}}]}<\/script>\n<!-- \/ Yoast SEO plugin. -->","yoast_head_json":{"title":"Emilie Pathenay - \u00a1 Ay Casta\u00f1a ! Flamenco","description":"Formada en Jerez y Sevilla con grandes maestros durante 9 a\u00f1os, Emilie Pathenay ha actuado y ense\u00f1ado el baile flamenco a trav\u00e9s de Europa.","robots":{"index":"index","follow":"follow","max-snippet":"max-snippet:-1","max-image-preview":"max-image-preview:large","max-video-preview":"max-video-preview:-1"},"canonical":"https:\/\/aycastanaflamenco.com\/index.php\/es\/emilie-pathenay-2\/","og_locale":"fr_FR","og_type":"article","og_title":"Emilie Pathenay - \u00a1 Ay Casta\u00f1a ! Flamenco","og_description":"Formada en Jerez y Sevilla con grandes maestros durante 9 a\u00f1os, Emilie Pathenay ha actuado y ense\u00f1ado el baile flamenco a trav\u00e9s de Europa.","og_url":"https:\/\/aycastanaflamenco.com\/index.php\/es\/emilie-pathenay-2\/","og_site_name":"\u00a1 Ay Casta\u00f1a ! Flamenco","article_modified_time":"2020-05-01T11:05:42+00:00","og_image":[{"url":"http:\/\/aycastanaflamenco.com\/wp-content\/uploads\/2020\/04\/DSC9739-1024x683.jpg","type":"","width":"","height":""}],"twitter_card":"summary_large_image","twitter_misc":{"Dur\u00e9e de lecture estim\u00e9e":"1 minute"},"schema":{"@context":"https:\/\/schema.org","@graph":[{"@type":"WebPage","@id":"https:\/\/aycastanaflamenco.com\/index.php\/es\/emilie-pathenay-2\/","url":"https:\/\/aycastanaflamenco.com\/index.php\/es\/emilie-pathenay-2\/","name":"Emilie Pathenay - \u00a1 Ay Casta\u00f1a ! Flamenco","isPartOf":{"@id":"https:\/\/aycastanaflamenco.com\/#website"},"primaryImageOfPage":{"@id":"https:\/\/aycastanaflamenco.com\/index.php\/es\/emilie-pathenay-2\/#primaryimage"},"image":{"@id":"https:\/\/aycastanaflamenco.com\/index.php\/es\/emilie-pathenay-2\/#primaryimage"},"thumbnailUrl":"http:\/\/aycastanaflamenco.com\/wp-content\/uploads\/2020\/04\/DSC9739-1024x683.jpg","datePublished":"2020-04-06T11:45:08+00:00","dateModified":"2020-05-01T11:05:42+00:00","description":"Formada en Jerez y Sevilla con grandes maestros durante 9 a\u00f1os, Emilie Pathenay ha actuado y ense\u00f1ado el baile flamenco a trav\u00e9s de Europa.","breadcrumb":{"@id":"https:\/\/aycastanaflamenco.com\/index.php\/es\/emilie-pathenay-2\/#breadcrumb"},"inLanguage":"fr-FR","potentialAction":[{"@type":"ReadAction","target":["https:\/\/aycastanaflamenco.com\/index.php\/es\/emilie-pathenay-2\/"]}]},{"@type":"ImageObject","inLanguage":"fr-FR","@id":"https:\/\/aycastanaflamenco.com\/index.php\/es\/emilie-pathenay-2\/#primaryimage","url":"http:\/\/aycastanaflamenco.com\/wp-content\/uploads\/2020\/04\/DSC9739-1024x683.jpg","contentUrl":"http:\/\/aycastanaflamenco.com\/wp-content\/uploads\/2020\/04\/DSC9739-1024x683.jpg"},{"@type":"BreadcrumbList","@id":"https:\/\/aycastanaflamenco.com\/index.php\/es\/emilie-pathenay-2\/#breadcrumb","itemListElement":[{"@type":"ListItem","position":1,"name":"Accueil"},{"@type":"ListItem","position":2,"name":"Emilie Pathenay"}]},{"@type":"WebSite","@id":"https:\/\/aycastanaflamenco.com\/#website","url":"https:\/\/aycastanaflamenco.com\/","name":"\u00a1 Ay Casta\u00f1a ! Flamenco","description":"","publisher":{"@id":"https:\/\/aycastanaflamenco.com\/#organization"},"potentialAction":[{"@type":"SearchAction","target":{"@type":"EntryPoint","urlTemplate":"https:\/\/aycastanaflamenco.com\/?s={search_term_string}"},"query-input":{"@type":"PropertyValueSpecification","valueRequired":true,"valueName":"search_term_string"}}],"inLanguage":"fr-FR"},{"@type":"Organization","@id":"https:\/\/aycastanaflamenco.com\/#organization","name":"Ay Castana Flamenco","url":"https:\/\/aycastanaflamenco.com\/","logo":{"@type":"ImageObject","inLanguage":"fr-FR","@id":"https:\/\/aycastanaflamenco.com\/#\/schema\/logo\/image\/","url":"https:\/\/aycastanaflamenco.com\/wp-content\/uploads\/2020\/04\/cropped-Logo-Playlist.png","contentUrl":"https:\/\/aycastanaflamenco.com\/wp-content\/uploads\/2020\/04\/cropped-Logo-Playlist.png","width":500,"height":176,"caption":"Ay Castana Flamenco"},"image":{"@id":"https:\/\/aycastanaflamenco.com\/#\/schema\/logo\/image\/"}}]}},"_links":{"self":[{"href":"https:\/\/aycastanaflamenco.com\/index.php\/wp-json\/wp\/v2\/pages\/161","targetHints":{"allow":["GET"]}}],"collection":[{"href":"https:\/\/aycastanaflamenco.com\/index.php\/wp-json\/wp\/v2\/pages"}],"about":[{"href":"https:\/\/aycastanaflamenco.com\/index.php\/wp-json\/wp\/v2\/types\/page"}],"author":[{"embeddable":true,"href":"https:\/\/aycastanaflamenco.com\/index.php\/wp-json\/wp\/v2\/users\/1"}],"replies":[{"embeddable":true,"href":"https:\/\/aycastanaflamenco.com\/index.php\/wp-json\/wp\/v2\/comments?post=161"}],"version-history":[{"count":10,"href":"https:\/\/aycastanaflamenco.com\/index.php\/wp-json\/wp\/v2\/pages\/161\/revisions"}],"predecessor-version":[{"id":487,"href":"https:\/\/aycastanaflamenco.com\/index.php\/wp-json\/wp\/v2\/pages\/161\/revisions\/487"}],"wp:attachment":[{"href":"https:\/\/aycastanaflamenco.com\/index.php\/wp-json\/wp\/v2\/media?parent=161"}],"curies":[{"name":"wp","href":"https:\/\/api.w.org\/{rel}","templated":true}]}}