{"id":61,"date":"2020-04-06T13:44:40","date_gmt":"2020-04-06T11:44:40","guid":{"rendered":"http:\/\/aycastanaflamenco.com\/?page_id=61"},"modified":"2025-08-08T18:06:17","modified_gmt":"2025-08-08T16:06:17","slug":"ay-castana-compagnie","status":"publish","type":"page","link":"https:\/\/aycastanaflamenco.com\/index.php\/ay-castana-compagnie\/","title":{"rendered":"\u00a1 Ay Casta\u00f1a ! Compagnie"},"content":{"rendered":"\n<hr class=\"wp-block-separator has-css-opacity\"\/>\n\n\n\n<figure class=\"wp-block-image size-large\"><img loading=\"lazy\" decoding=\"async\" width=\"1024\" height=\"683\" src=\"https:\/\/aycastanaflamenco.com\/wp-content\/uploads\/2025\/08\/Flamenco-AE-8-1-1024x683.jpg\" alt=\"\" class=\"wp-image-1095\" srcset=\"https:\/\/aycastanaflamenco.com\/wp-content\/uploads\/2025\/08\/Flamenco-AE-8-1-1024x683.jpg 1024w, https:\/\/aycastanaflamenco.com\/wp-content\/uploads\/2025\/08\/Flamenco-AE-8-1-300x200.jpg 300w, https:\/\/aycastanaflamenco.com\/wp-content\/uploads\/2025\/08\/Flamenco-AE-8-1-768x512.jpg 768w, https:\/\/aycastanaflamenco.com\/wp-content\/uploads\/2025\/08\/Flamenco-AE-8-1-391x260.jpg 391w\" sizes=\"auto, (max-width: 1024px) 100vw, 1024px\" \/><\/figure>\n\n\n\n<hr class=\"wp-block-separator has-css-opacity\"\/>\n\n\n\n<p class=\"has-normal-font-size\">La compagnie flamenca \u00a1 Ay Casta\u00f1a ! na\u00eet de la volont\u00e9 de deux danseuses fran\u00e7aises, Ad\u00e8le et Emilie, d\u2019unir leur passion pour le flamenco et leur d\u00e9sir de la partager avec le public.<\/p>\n\n\n\n<p class=\"has-normal-font-size\">Apr\u00e8s s\u2019\u00eatre form\u00e9es professionnellement au baile flamenco en Andalousie pendant plusieurs ann\u00e9es, elles se rencontrent \u00e0 Jerez de la Frontera en 2017. Leur sensibilit\u00e9 rythmique et leur engouement marqu\u00e9 pour le chant flamenco les am\u00e8nent \u00e0 se rapprocher et \u00e0 travailler dans un m\u00eame souci de respect pour cet art traditionnel.<\/p>\n\n\n\n<p class=\"has-normal-font-size\">Conjuguant plaisir et rigueur, et en constante recherche d\u2019authenticit\u00e9 \u00e0 travers leur danse, elles tendent \u00e0 exp\u00e9rimenter de nouvelles formes d\u2019expression de la musique flamenca, invitant le spectateur \u00e0 la (re)d\u00e9couvrir sous un angle personnel et sensible.<\/p>\n\n\n\n<hr class=\"wp-block-separator has-css-opacity\"\/>\n\n\n\n<figure class=\"wp-block-gallery has-nested-images columns-default is-cropped wp-block-gallery-1 is-layout-flex wp-block-gallery-is-layout-flex\">\n<figure class=\"wp-block-image size-large\"><img loading=\"lazy\" decoding=\"async\" width=\"1024\" height=\"683\" data-id=\"10\" src=\"https:\/\/aycastanaflamenco.com\/wp-content\/uploads\/2020\/04\/DSC9654-1024x683.jpg\" alt=\"Spectacle Manos Sonoras 35\" class=\"wp-image-10\" srcset=\"https:\/\/aycastanaflamenco.com\/wp-content\/uploads\/2020\/04\/DSC9654-1024x683.jpg 1024w, https:\/\/aycastanaflamenco.com\/wp-content\/uploads\/2020\/04\/DSC9654-300x200.jpg 300w, https:\/\/aycastanaflamenco.com\/wp-content\/uploads\/2020\/04\/DSC9654-768x513.jpg 768w, https:\/\/aycastanaflamenco.com\/wp-content\/uploads\/2020\/04\/DSC9654-1536x1025.jpg 1536w, https:\/\/aycastanaflamenco.com\/wp-content\/uploads\/2020\/04\/DSC9654-2048x1367.jpg 2048w, https:\/\/aycastanaflamenco.com\/wp-content\/uploads\/2020\/04\/DSC9654-800x534.jpg 800w\" sizes=\"auto, (max-width: 1024px) 100vw, 1024px\" \/><\/figure>\n\n\n\n<figure class=\"wp-block-image size-large\"><img loading=\"lazy\" decoding=\"async\" width=\"1024\" height=\"683\" data-id=\"619\" src=\"https:\/\/aycastanaflamenco.com\/wp-content\/uploads\/2021\/08\/DSC1315-1024x683.jpg\" alt=\"Spectacle Manos Sonoras Clavel 26012020-6\" class=\"wp-image-619\" srcset=\"https:\/\/aycastanaflamenco.com\/wp-content\/uploads\/2021\/08\/DSC1315-1024x683.jpg 1024w, https:\/\/aycastanaflamenco.com\/wp-content\/uploads\/2021\/08\/DSC1315-300x200.jpg 300w, https:\/\/aycastanaflamenco.com\/wp-content\/uploads\/2021\/08\/DSC1315-768x513.jpg 768w, https:\/\/aycastanaflamenco.com\/wp-content\/uploads\/2021\/08\/DSC1315-391x260.jpg 391w, https:\/\/aycastanaflamenco.com\/wp-content\/uploads\/2021\/08\/DSC1315-1536x1025.jpg 1536w\" sizes=\"auto, (max-width: 1024px) 100vw, 1024px\" \/><\/figure>\n\n\n\n<figure class=\"wp-block-image size-large\"><img loading=\"lazy\" decoding=\"async\" width=\"683\" height=\"1024\" data-id=\"607\" src=\"https:\/\/aycastanaflamenco.com\/wp-content\/uploads\/2021\/08\/DSC_0448-683x1024.jpg\" alt=\"Spectacle Manos Sonoras Aleph 24062021-7\" class=\"wp-image-607\" srcset=\"https:\/\/aycastanaflamenco.com\/wp-content\/uploads\/2021\/08\/DSC_0448-683x1024.jpg 683w, https:\/\/aycastanaflamenco.com\/wp-content\/uploads\/2021\/08\/DSC_0448-200x300.jpg 200w, https:\/\/aycastanaflamenco.com\/wp-content\/uploads\/2021\/08\/DSC_0448-768x1152.jpg 768w, https:\/\/aycastanaflamenco.com\/wp-content\/uploads\/2021\/08\/DSC_0448-1024x1536.jpg 1024w, https:\/\/aycastanaflamenco.com\/wp-content\/uploads\/2021\/08\/DSC_0448-1365x2048.jpg 1365w, https:\/\/aycastanaflamenco.com\/wp-content\/uploads\/2021\/08\/DSC_0448-800x1200.jpg 800w, https:\/\/aycastanaflamenco.com\/wp-content\/uploads\/2021\/08\/DSC_0448-scaled.jpg 1707w\" sizes=\"auto, (max-width: 683px) 100vw, 683px\" \/><\/figure>\n\n\n\n<figure class=\"wp-block-image size-large\"><img loading=\"lazy\" decoding=\"async\" width=\"1024\" height=\"683\" data-id=\"13\" src=\"https:\/\/aycastanaflamenco.com\/wp-content\/uploads\/2020\/04\/DSC9906-2-1024x683.jpg\" alt=\"Spectacle Manos Sonoras 32\" class=\"wp-image-13\" srcset=\"https:\/\/aycastanaflamenco.com\/wp-content\/uploads\/2020\/04\/DSC9906-2-1024x683.jpg 1024w, https:\/\/aycastanaflamenco.com\/wp-content\/uploads\/2020\/04\/DSC9906-2-300x200.jpg 300w, https:\/\/aycastanaflamenco.com\/wp-content\/uploads\/2020\/04\/DSC9906-2-768x513.jpg 768w, https:\/\/aycastanaflamenco.com\/wp-content\/uploads\/2020\/04\/DSC9906-2-1536x1025.jpg 1536w, https:\/\/aycastanaflamenco.com\/wp-content\/uploads\/2020\/04\/DSC9906-2-2048x1367.jpg 2048w, https:\/\/aycastanaflamenco.com\/wp-content\/uploads\/2020\/04\/DSC9906-2-800x534.jpg 800w\" sizes=\"auto, (max-width: 1024px) 100vw, 1024px\" \/><\/figure>\n<\/figure>\n\n\n\n<hr class=\"wp-block-separator has-css-opacity\"\/>\n\n\n\n<p><\/p>\n\n\n\n<p><\/p>\n\n\n\n<div class=\"wp-block-buttons is-horizontal is-content-justification-center is-layout-flex wp-container-core-buttons-is-layout-499968f5 wp-block-buttons-is-layout-flex\">\n<div class=\"wp-block-button is-style-outline is-style-outline--2\"><a class=\"wp-block-button__link has-text-color has-background wp-element-button\" href=\"http:\/\/aycastanaflamenco.com\/index.php\/les-creations\/\" style=\"color:#ff5757;background-color:#ffffff\">Nos creations<\/a><\/div>\n\n\n\n<div class=\"wp-block-button is-style-outline is-style-outline--3\"><a class=\"wp-block-button__link has-text-color has-background wp-element-button\" href=\"http:\/\/aycastanaflamenco.com\/index.php\/contact\/\" style=\"color:#ff5757;background-color:#ffffff\">Nous contacter<\/a><\/div>\n<\/div>\n\n\n\n<p><\/p>\n","protected":false},"excerpt":{"rendered":"<p>La compagnie flamenca \u00a1 Ay Casta\u00f1a ! na\u00eet de la volont\u00e9 de deux danseuses fran\u00e7aises, Ad\u00e8le et\u2026<\/p>\n","protected":false},"author":1,"featured_media":58,"parent":0,"menu_order":0,"comment_status":"closed","ping_status":"closed","template":"","meta":{"_monsterinsights_skip_tracking":false,"_monsterinsights_sitenote_active":false,"_monsterinsights_sitenote_note":"","_monsterinsights_sitenote_category":0,"footnotes":""},"class_list":["post-61","page","type-page","status-publish","has-post-thumbnail","hentry"],"yoast_head":"<!-- This site is optimized with the Yoast SEO plugin v25.2 - https:\/\/yoast.com\/wordpress\/plugins\/seo\/ -->\n<title>\u00a1 Ay Casta\u00f1a ! Compagnie - \u00a1 Ay Casta\u00f1a ! Flamenco<\/title>\n<meta name=\"description\" content=\"La compagnie flamenca \u00a1 Ay Casta\u00f1a ! na\u00eet de la volont\u00e9 de deux danseuses fran\u00e7aises, Adela et Emilie, d&#039;unir leur passion pour le flamenco.\" \/>\n<meta name=\"robots\" content=\"index, follow, max-snippet:-1, max-image-preview:large, max-video-preview:-1\" \/>\n<link rel=\"canonical\" href=\"https:\/\/aycastanaflamenco.com\/index.php\/ay-castana-compagnie\/\" \/>\n<meta property=\"og:locale\" content=\"fr_FR\" \/>\n<meta property=\"og:type\" content=\"article\" \/>\n<meta property=\"og:title\" content=\"\u00a1 Ay Casta\u00f1a ! Compagnie - \u00a1 Ay Casta\u00f1a ! Flamenco\" \/>\n<meta property=\"og:description\" content=\"La compagnie flamenca \u00a1 Ay Casta\u00f1a ! na\u00eet de la volont\u00e9 de deux danseuses fran\u00e7aises, Adela et Emilie, d&#039;unir leur passion pour le flamenco.\" \/>\n<meta property=\"og:url\" content=\"https:\/\/aycastanaflamenco.com\/index.php\/ay-castana-compagnie\/\" \/>\n<meta property=\"og:site_name\" content=\"\u00a1 Ay Casta\u00f1a ! Flamenco\" \/>\n<meta property=\"article:modified_time\" content=\"2025-08-08T16:06:17+00:00\" \/>\n<meta property=\"og:image\" content=\"https:\/\/aycastanaflamenco.com\/wp-content\/uploads\/2020\/04\/DSC9906-2-1-scaled.jpg\" \/>\n\t<meta property=\"og:image:width\" content=\"2560\" \/>\n\t<meta property=\"og:image:height\" content=\"1709\" \/>\n\t<meta property=\"og:image:type\" content=\"image\/jpeg\" \/>\n<meta name=\"twitter:card\" content=\"summary_large_image\" \/>\n<meta name=\"twitter:label1\" content=\"Dur\u00e9e de lecture estim\u00e9e\" \/>\n\t<meta name=\"twitter:data1\" content=\"2 minutes\" \/>\n<script type=\"application\/ld+json\" class=\"yoast-schema-graph\">{\"@context\":\"https:\/\/schema.org\",\"@graph\":[{\"@type\":\"WebPage\",\"@id\":\"https:\/\/aycastanaflamenco.com\/index.php\/ay-castana-compagnie\/\",\"url\":\"https:\/\/aycastanaflamenco.com\/index.php\/ay-castana-compagnie\/\",\"name\":\"\u00a1 Ay Casta\u00f1a ! Compagnie - \u00a1 Ay Casta\u00f1a ! Flamenco\",\"isPartOf\":{\"@id\":\"https:\/\/aycastanaflamenco.com\/#website\"},\"primaryImageOfPage\":{\"@id\":\"https:\/\/aycastanaflamenco.com\/index.php\/ay-castana-compagnie\/#primaryimage\"},\"image\":{\"@id\":\"https:\/\/aycastanaflamenco.com\/index.php\/ay-castana-compagnie\/#primaryimage\"},\"thumbnailUrl\":\"https:\/\/aycastanaflamenco.com\/wp-content\/uploads\/2020\/04\/DSC9906-2-1-scaled.jpg\",\"datePublished\":\"2020-04-06T11:44:40+00:00\",\"dateModified\":\"2025-08-08T16:06:17+00:00\",\"description\":\"La compagnie flamenca \u00a1 Ay Casta\u00f1a ! na\u00eet de la volont\u00e9 de deux danseuses fran\u00e7aises, Adela et Emilie, d'unir leur passion pour le flamenco.\",\"breadcrumb\":{\"@id\":\"https:\/\/aycastanaflamenco.com\/index.php\/ay-castana-compagnie\/#breadcrumb\"},\"inLanguage\":\"fr-FR\",\"potentialAction\":[{\"@type\":\"ReadAction\",\"target\":[\"https:\/\/aycastanaflamenco.com\/index.php\/ay-castana-compagnie\/\"]}]},{\"@type\":\"ImageObject\",\"inLanguage\":\"fr-FR\",\"@id\":\"https:\/\/aycastanaflamenco.com\/index.php\/ay-castana-compagnie\/#primaryimage\",\"url\":\"https:\/\/aycastanaflamenco.com\/wp-content\/uploads\/2020\/04\/DSC9906-2-1-scaled.jpg\",\"contentUrl\":\"https:\/\/aycastanaflamenco.com\/wp-content\/uploads\/2020\/04\/DSC9906-2-1-scaled.jpg\",\"width\":2560,\"height\":1709,\"caption\":\"\u00a1 Ay Casta\u00f1a ! Compagnie\"},{\"@type\":\"BreadcrumbList\",\"@id\":\"https:\/\/aycastanaflamenco.com\/index.php\/ay-castana-compagnie\/#breadcrumb\",\"itemListElement\":[{\"@type\":\"ListItem\",\"position\":1,\"name\":\"Accueil\"},{\"@type\":\"ListItem\",\"position\":2,\"name\":\"\u00a1 Ay Casta\u00f1a ! Compagnie\"}]},{\"@type\":\"WebSite\",\"@id\":\"https:\/\/aycastanaflamenco.com\/#website\",\"url\":\"https:\/\/aycastanaflamenco.com\/\",\"name\":\"\u00a1 Ay Casta\u00f1a ! Flamenco\",\"description\":\"\",\"publisher\":{\"@id\":\"https:\/\/aycastanaflamenco.com\/#organization\"},\"potentialAction\":[{\"@type\":\"SearchAction\",\"target\":{\"@type\":\"EntryPoint\",\"urlTemplate\":\"https:\/\/aycastanaflamenco.com\/?s={search_term_string}\"},\"query-input\":{\"@type\":\"PropertyValueSpecification\",\"valueRequired\":true,\"valueName\":\"search_term_string\"}}],\"inLanguage\":\"fr-FR\"},{\"@type\":\"Organization\",\"@id\":\"https:\/\/aycastanaflamenco.com\/#organization\",\"name\":\"Ay Castana Flamenco\",\"url\":\"https:\/\/aycastanaflamenco.com\/\",\"logo\":{\"@type\":\"ImageObject\",\"inLanguage\":\"fr-FR\",\"@id\":\"https:\/\/aycastanaflamenco.com\/#\/schema\/logo\/image\/\",\"url\":\"https:\/\/aycastanaflamenco.com\/wp-content\/uploads\/2020\/04\/cropped-Logo-Playlist.png\",\"contentUrl\":\"https:\/\/aycastanaflamenco.com\/wp-content\/uploads\/2020\/04\/cropped-Logo-Playlist.png\",\"width\":500,\"height\":176,\"caption\":\"Ay Castana Flamenco\"},\"image\":{\"@id\":\"https:\/\/aycastanaflamenco.com\/#\/schema\/logo\/image\/\"}}]}<\/script>\n<!-- \/ Yoast SEO plugin. -->","yoast_head_json":{"title":"\u00a1 Ay Casta\u00f1a ! Compagnie - \u00a1 Ay Casta\u00f1a ! Flamenco","description":"La compagnie flamenca \u00a1 Ay Casta\u00f1a ! na\u00eet de la volont\u00e9 de deux danseuses fran\u00e7aises, Adela et Emilie, d'unir leur passion pour le flamenco.","robots":{"index":"index","follow":"follow","max-snippet":"max-snippet:-1","max-image-preview":"max-image-preview:large","max-video-preview":"max-video-preview:-1"},"canonical":"https:\/\/aycastanaflamenco.com\/index.php\/ay-castana-compagnie\/","og_locale":"fr_FR","og_type":"article","og_title":"\u00a1 Ay Casta\u00f1a ! Compagnie - \u00a1 Ay Casta\u00f1a ! Flamenco","og_description":"La compagnie flamenca \u00a1 Ay Casta\u00f1a ! na\u00eet de la volont\u00e9 de deux danseuses fran\u00e7aises, Adela et Emilie, d'unir leur passion pour le flamenco.","og_url":"https:\/\/aycastanaflamenco.com\/index.php\/ay-castana-compagnie\/","og_site_name":"\u00a1 Ay Casta\u00f1a ! Flamenco","article_modified_time":"2025-08-08T16:06:17+00:00","og_image":[{"width":2560,"height":1709,"url":"https:\/\/aycastanaflamenco.com\/wp-content\/uploads\/2020\/04\/DSC9906-2-1-scaled.jpg","type":"image\/jpeg"}],"twitter_card":"summary_large_image","twitter_misc":{"Dur\u00e9e de lecture estim\u00e9e":"2 minutes"},"schema":{"@context":"https:\/\/schema.org","@graph":[{"@type":"WebPage","@id":"https:\/\/aycastanaflamenco.com\/index.php\/ay-castana-compagnie\/","url":"https:\/\/aycastanaflamenco.com\/index.php\/ay-castana-compagnie\/","name":"\u00a1 Ay Casta\u00f1a ! Compagnie - \u00a1 Ay Casta\u00f1a ! Flamenco","isPartOf":{"@id":"https:\/\/aycastanaflamenco.com\/#website"},"primaryImageOfPage":{"@id":"https:\/\/aycastanaflamenco.com\/index.php\/ay-castana-compagnie\/#primaryimage"},"image":{"@id":"https:\/\/aycastanaflamenco.com\/index.php\/ay-castana-compagnie\/#primaryimage"},"thumbnailUrl":"https:\/\/aycastanaflamenco.com\/wp-content\/uploads\/2020\/04\/DSC9906-2-1-scaled.jpg","datePublished":"2020-04-06T11:44:40+00:00","dateModified":"2025-08-08T16:06:17+00:00","description":"La compagnie flamenca \u00a1 Ay Casta\u00f1a ! na\u00eet de la volont\u00e9 de deux danseuses fran\u00e7aises, Adela et Emilie, d'unir leur passion pour le flamenco.","breadcrumb":{"@id":"https:\/\/aycastanaflamenco.com\/index.php\/ay-castana-compagnie\/#breadcrumb"},"inLanguage":"fr-FR","potentialAction":[{"@type":"ReadAction","target":["https:\/\/aycastanaflamenco.com\/index.php\/ay-castana-compagnie\/"]}]},{"@type":"ImageObject","inLanguage":"fr-FR","@id":"https:\/\/aycastanaflamenco.com\/index.php\/ay-castana-compagnie\/#primaryimage","url":"https:\/\/aycastanaflamenco.com\/wp-content\/uploads\/2020\/04\/DSC9906-2-1-scaled.jpg","contentUrl":"https:\/\/aycastanaflamenco.com\/wp-content\/uploads\/2020\/04\/DSC9906-2-1-scaled.jpg","width":2560,"height":1709,"caption":"\u00a1 Ay Casta\u00f1a ! Compagnie"},{"@type":"BreadcrumbList","@id":"https:\/\/aycastanaflamenco.com\/index.php\/ay-castana-compagnie\/#breadcrumb","itemListElement":[{"@type":"ListItem","position":1,"name":"Accueil"},{"@type":"ListItem","position":2,"name":"\u00a1 Ay Casta\u00f1a ! Compagnie"}]},{"@type":"WebSite","@id":"https:\/\/aycastanaflamenco.com\/#website","url":"https:\/\/aycastanaflamenco.com\/","name":"\u00a1 Ay Casta\u00f1a ! Flamenco","description":"","publisher":{"@id":"https:\/\/aycastanaflamenco.com\/#organization"},"potentialAction":[{"@type":"SearchAction","target":{"@type":"EntryPoint","urlTemplate":"https:\/\/aycastanaflamenco.com\/?s={search_term_string}"},"query-input":{"@type":"PropertyValueSpecification","valueRequired":true,"valueName":"search_term_string"}}],"inLanguage":"fr-FR"},{"@type":"Organization","@id":"https:\/\/aycastanaflamenco.com\/#organization","name":"Ay Castana Flamenco","url":"https:\/\/aycastanaflamenco.com\/","logo":{"@type":"ImageObject","inLanguage":"fr-FR","@id":"https:\/\/aycastanaflamenco.com\/#\/schema\/logo\/image\/","url":"https:\/\/aycastanaflamenco.com\/wp-content\/uploads\/2020\/04\/cropped-Logo-Playlist.png","contentUrl":"https:\/\/aycastanaflamenco.com\/wp-content\/uploads\/2020\/04\/cropped-Logo-Playlist.png","width":500,"height":176,"caption":"Ay Castana Flamenco"},"image":{"@id":"https:\/\/aycastanaflamenco.com\/#\/schema\/logo\/image\/"}}]}},"_links":{"self":[{"href":"https:\/\/aycastanaflamenco.com\/index.php\/wp-json\/wp\/v2\/pages\/61","targetHints":{"allow":["GET"]}}],"collection":[{"href":"https:\/\/aycastanaflamenco.com\/index.php\/wp-json\/wp\/v2\/pages"}],"about":[{"href":"https:\/\/aycastanaflamenco.com\/index.php\/wp-json\/wp\/v2\/types\/page"}],"author":[{"embeddable":true,"href":"https:\/\/aycastanaflamenco.com\/index.php\/wp-json\/wp\/v2\/users\/1"}],"replies":[{"embeddable":true,"href":"https:\/\/aycastanaflamenco.com\/index.php\/wp-json\/wp\/v2\/comments?post=61"}],"version-history":[{"count":21,"href":"https:\/\/aycastanaflamenco.com\/index.php\/wp-json\/wp\/v2\/pages\/61\/revisions"}],"predecessor-version":[{"id":1096,"href":"https:\/\/aycastanaflamenco.com\/index.php\/wp-json\/wp\/v2\/pages\/61\/revisions\/1096"}],"wp:featuredmedia":[{"embeddable":true,"href":"https:\/\/aycastanaflamenco.com\/index.php\/wp-json\/wp\/v2\/media\/58"}],"wp:attachment":[{"href":"https:\/\/aycastanaflamenco.com\/index.php\/wp-json\/wp\/v2\/media?parent=61"}],"curies":[{"name":"wp","href":"https:\/\/api.w.org\/{rel}","templated":true}]}}