{"id":63,"date":"2020-04-06T13:44:52","date_gmt":"2020-04-06T11:44:52","guid":{"rendered":"http:\/\/aycastanaflamenco.com\/?page_id=63"},"modified":"2023-09-03T18:02:55","modified_gmt":"2023-09-03T16:02:55","slug":"spectacle-manos-sonoras","status":"publish","type":"page","link":"https:\/\/aycastanaflamenco.com\/index.php\/spectacle-manos-sonoras\/","title":{"rendered":"Spectacle Manos Sonoras"},"content":{"rendered":"\n<hr class=\"wp-block-separator has-css-opacity\"\/>\n\n\n\n<p class=\"has-normal-font-size\">Propos\u00e9 par la Compagnie Flamenca \u00a1 Ay Casta\u00f1a !, Manos Sonoras est un spectacle qui fait la part belle aux mains, vecteurs de l\u2019expression flamenca dans sa plus grande complexit\u00e9.<\/p>\n\n\n\n<p class=\"has-normal-font-size\">Tant\u00f4t percussives, tant\u00f4t l\u2019\u00e9cho de la guitare et du chant \u00e0 travers le mouvement de la danseuse, elles tendent un arc entre musicalit\u00e9 et gr\u00e2ce, entre force et douceur.<\/p>\n\n\n\n<p class=\"has-normal-font-size\">Explorant, enrichissant toujours plus les possibilit\u00e9s de cr\u00e9ation rythmique avec leurs corps, les danseuses cherchent ainsi \u00e0 r\u00e9veiller, en celui\/celle qui \u00e9coute\/regarde, des sensations profondes et insoup\u00e7onn\u00e9es.<\/p>\n\n\n\n<p><\/p>\n\n\n\n<hr class=\"wp-block-separator has-css-opacity\"\/>\n\n\n\n<div class=\"wp-block-file aligncenter\"><a href=\"http:\/\/aycastanaflamenco.com\/wp-content\/uploads\/2020\/04\/Fiche-technique-Cie-Flamenca-\u00a1-Ay-Casta\u00f1a-.pdf\" class=\"wp-block-file__button wp-element-button\" download>T\u00e9l\u00e9charger notre fiche technique<\/a><\/div>\n\n\n\n<hr class=\"wp-block-separator has-css-opacity\"\/>\n\n\n\n<figure class=\"wp-block-gallery aligncenter has-nested-images columns-default is-cropped wp-block-gallery-1 is-layout-flex wp-block-gallery-is-layout-flex\">\n<figure class=\"wp-block-image size-large\"><a href=\"https:\/\/aycastanaflamenco.com\/wp-content\/uploads\/2020\/04\/DSC9906-2-1-scaled.jpg\"><img loading=\"lazy\" decoding=\"async\" width=\"1024\" height=\"683\" data-id=\"58\" src=\"https:\/\/aycastanaflamenco.com\/wp-content\/uploads\/2020\/04\/DSC9906-2-1-1024x683.jpg\" alt=\"\u00a1 Ay Casta\u00f1a ! Compagnie\" class=\"wp-image-58\" srcset=\"https:\/\/aycastanaflamenco.com\/wp-content\/uploads\/2020\/04\/DSC9906-2-1-1024x683.jpg 1024w, https:\/\/aycastanaflamenco.com\/wp-content\/uploads\/2020\/04\/DSC9906-2-1-300x200.jpg 300w, https:\/\/aycastanaflamenco.com\/wp-content\/uploads\/2020\/04\/DSC9906-2-1-768x513.jpg 768w, https:\/\/aycastanaflamenco.com\/wp-content\/uploads\/2020\/04\/DSC9906-2-1-1536x1025.jpg 1536w, https:\/\/aycastanaflamenco.com\/wp-content\/uploads\/2020\/04\/DSC9906-2-1-2048x1367.jpg 2048w, https:\/\/aycastanaflamenco.com\/wp-content\/uploads\/2020\/04\/DSC9906-2-1-800x534.jpg 800w\" sizes=\"auto, (max-width: 1024px) 100vw, 1024px\" \/><\/a><\/figure>\n\n\n\n<figure class=\"wp-block-image size-large\"><a href=\"https:\/\/aycastanaflamenco.com\/wp-content\/uploads\/2020\/04\/DSC9888-1-scaled.jpg\"><img loading=\"lazy\" decoding=\"async\" width=\"1024\" height=\"683\" data-id=\"55\" src=\"https:\/\/aycastanaflamenco.com\/wp-content\/uploads\/2020\/04\/DSC9888-1-1024x683.jpg\" alt=\"Spectacle Manos Sonoras 4\" class=\"wp-image-55\" srcset=\"https:\/\/aycastanaflamenco.com\/wp-content\/uploads\/2020\/04\/DSC9888-1-1024x683.jpg 1024w, https:\/\/aycastanaflamenco.com\/wp-content\/uploads\/2020\/04\/DSC9888-1-300x200.jpg 300w, https:\/\/aycastanaflamenco.com\/wp-content\/uploads\/2020\/04\/DSC9888-1-768x513.jpg 768w, https:\/\/aycastanaflamenco.com\/wp-content\/uploads\/2020\/04\/DSC9888-1-1536x1025.jpg 1536w, https:\/\/aycastanaflamenco.com\/wp-content\/uploads\/2020\/04\/DSC9888-1-2048x1367.jpg 2048w, https:\/\/aycastanaflamenco.com\/wp-content\/uploads\/2020\/04\/DSC9888-1-800x534.jpg 800w\" sizes=\"auto, (max-width: 1024px) 100vw, 1024px\" \/><\/a><\/figure>\n\n\n\n<figure class=\"wp-block-image size-large\"><a href=\"https:\/\/aycastanaflamenco.com\/wp-content\/uploads\/2020\/04\/DSC9863-scaled.jpg\"><img loading=\"lazy\" decoding=\"async\" width=\"1024\" height=\"683\" data-id=\"54\" src=\"https:\/\/aycastanaflamenco.com\/wp-content\/uploads\/2020\/04\/DSC9863-1024x683.jpg\" alt=\"Spectacle Manos Sonoras 5\" class=\"wp-image-54\" srcset=\"https:\/\/aycastanaflamenco.com\/wp-content\/uploads\/2020\/04\/DSC9863-1024x683.jpg 1024w, https:\/\/aycastanaflamenco.com\/wp-content\/uploads\/2020\/04\/DSC9863-300x200.jpg 300w, https:\/\/aycastanaflamenco.com\/wp-content\/uploads\/2020\/04\/DSC9863-768x513.jpg 768w, https:\/\/aycastanaflamenco.com\/wp-content\/uploads\/2020\/04\/DSC9863-1536x1025.jpg 1536w, https:\/\/aycastanaflamenco.com\/wp-content\/uploads\/2020\/04\/DSC9863-2048x1367.jpg 2048w, https:\/\/aycastanaflamenco.com\/wp-content\/uploads\/2020\/04\/DSC9863-800x534.jpg 800w\" sizes=\"auto, (max-width: 1024px) 100vw, 1024px\" \/><\/a><\/figure>\n\n\n\n<figure class=\"wp-block-image size-large\"><a href=\"https:\/\/aycastanaflamenco.com\/wp-content\/uploads\/2020\/04\/DSC9772-scaled.jpg\"><img loading=\"lazy\" decoding=\"async\" width=\"1024\" height=\"683\" data-id=\"47\" src=\"https:\/\/aycastanaflamenco.com\/wp-content\/uploads\/2020\/04\/DSC9772-1024x683.jpg\" alt=\"Spectacle Manos Sonoras 12\" class=\"wp-image-47\" srcset=\"https:\/\/aycastanaflamenco.com\/wp-content\/uploads\/2020\/04\/DSC9772-1024x683.jpg 1024w, https:\/\/aycastanaflamenco.com\/wp-content\/uploads\/2020\/04\/DSC9772-300x200.jpg 300w, https:\/\/aycastanaflamenco.com\/wp-content\/uploads\/2020\/04\/DSC9772-768x513.jpg 768w, https:\/\/aycastanaflamenco.com\/wp-content\/uploads\/2020\/04\/DSC9772-1536x1025.jpg 1536w, https:\/\/aycastanaflamenco.com\/wp-content\/uploads\/2020\/04\/DSC9772-2048x1367.jpg 2048w, https:\/\/aycastanaflamenco.com\/wp-content\/uploads\/2020\/04\/DSC9772-800x534.jpg 800w\" sizes=\"auto, (max-width: 1024px) 100vw, 1024px\" \/><\/a><\/figure>\n\n\n\n<figure class=\"wp-block-image size-large\"><a href=\"https:\/\/aycastanaflamenco.com\/wp-content\/uploads\/2020\/04\/DSC9734-scaled.jpg\"><img loading=\"lazy\" decoding=\"async\" width=\"1024\" height=\"683\" data-id=\"45\" src=\"https:\/\/aycastanaflamenco.com\/wp-content\/uploads\/2020\/04\/DSC9734-1024x683.jpg\" alt=\"Spectacle Manos Sonoras 14\" class=\"wp-image-45\" srcset=\"https:\/\/aycastanaflamenco.com\/wp-content\/uploads\/2020\/04\/DSC9734-1024x683.jpg 1024w, https:\/\/aycastanaflamenco.com\/wp-content\/uploads\/2020\/04\/DSC9734-300x200.jpg 300w, https:\/\/aycastanaflamenco.com\/wp-content\/uploads\/2020\/04\/DSC9734-768x513.jpg 768w, https:\/\/aycastanaflamenco.com\/wp-content\/uploads\/2020\/04\/DSC9734-1536x1025.jpg 1536w, https:\/\/aycastanaflamenco.com\/wp-content\/uploads\/2020\/04\/DSC9734-2048x1367.jpg 2048w, https:\/\/aycastanaflamenco.com\/wp-content\/uploads\/2020\/04\/DSC9734-800x534.jpg 800w\" sizes=\"auto, (max-width: 1024px) 100vw, 1024px\" \/><\/a><\/figure>\n\n\n\n<figure class=\"wp-block-image size-large\"><a href=\"https:\/\/aycastanaflamenco.com\/wp-content\/uploads\/2020\/04\/DSC9680-scaled.jpg\"><img loading=\"lazy\" decoding=\"async\" width=\"1024\" height=\"683\" data-id=\"39\" src=\"https:\/\/aycastanaflamenco.com\/wp-content\/uploads\/2020\/04\/DSC9680-1024x683.jpg\" alt=\"Spectacle Manos Sonoras 20\" class=\"wp-image-39\" srcset=\"https:\/\/aycastanaflamenco.com\/wp-content\/uploads\/2020\/04\/DSC9680-1024x683.jpg 1024w, https:\/\/aycastanaflamenco.com\/wp-content\/uploads\/2020\/04\/DSC9680-300x200.jpg 300w, https:\/\/aycastanaflamenco.com\/wp-content\/uploads\/2020\/04\/DSC9680-768x513.jpg 768w, https:\/\/aycastanaflamenco.com\/wp-content\/uploads\/2020\/04\/DSC9680-1536x1025.jpg 1536w, https:\/\/aycastanaflamenco.com\/wp-content\/uploads\/2020\/04\/DSC9680-2048x1367.jpg 2048w, https:\/\/aycastanaflamenco.com\/wp-content\/uploads\/2020\/04\/DSC9680-800x534.jpg 800w\" sizes=\"auto, (max-width: 1024px) 100vw, 1024px\" \/><\/a><\/figure>\n\n\n\n<figure class=\"wp-block-image size-large\"><a href=\"https:\/\/aycastanaflamenco.com\/wp-content\/uploads\/2020\/04\/DSC9723-scaled.jpg\"><img loading=\"lazy\" decoding=\"async\" width=\"1024\" height=\"683\" data-id=\"42\" src=\"https:\/\/aycastanaflamenco.com\/wp-content\/uploads\/2020\/04\/DSC9723-1024x683.jpg\" alt=\"Spectacle Manos Sonoras 17\" class=\"wp-image-42\" srcset=\"https:\/\/aycastanaflamenco.com\/wp-content\/uploads\/2020\/04\/DSC9723-1024x683.jpg 1024w, https:\/\/aycastanaflamenco.com\/wp-content\/uploads\/2020\/04\/DSC9723-300x200.jpg 300w, https:\/\/aycastanaflamenco.com\/wp-content\/uploads\/2020\/04\/DSC9723-768x513.jpg 768w, https:\/\/aycastanaflamenco.com\/wp-content\/uploads\/2020\/04\/DSC9723-1536x1025.jpg 1536w, https:\/\/aycastanaflamenco.com\/wp-content\/uploads\/2020\/04\/DSC9723-2048x1367.jpg 2048w, https:\/\/aycastanaflamenco.com\/wp-content\/uploads\/2020\/04\/DSC9723-800x534.jpg 800w\" sizes=\"auto, (max-width: 1024px) 100vw, 1024px\" \/><\/a><\/figure>\n\n\n\n<figure class=\"wp-block-image size-large\"><a href=\"https:\/\/aycastanaflamenco.com\/wp-content\/uploads\/2020\/04\/DSC9666-1-scaled.jpg\"><img loading=\"lazy\" decoding=\"async\" width=\"1024\" height=\"683\" data-id=\"38\" src=\"https:\/\/aycastanaflamenco.com\/wp-content\/uploads\/2020\/04\/DSC9666-1-1024x683.jpg\" alt=\"Spectacle Manos Sonoras 21\" class=\"wp-image-38\" srcset=\"https:\/\/aycastanaflamenco.com\/wp-content\/uploads\/2020\/04\/DSC9666-1-1024x683.jpg 1024w, https:\/\/aycastanaflamenco.com\/wp-content\/uploads\/2020\/04\/DSC9666-1-300x200.jpg 300w, https:\/\/aycastanaflamenco.com\/wp-content\/uploads\/2020\/04\/DSC9666-1-768x513.jpg 768w, https:\/\/aycastanaflamenco.com\/wp-content\/uploads\/2020\/04\/DSC9666-1-1536x1025.jpg 1536w, https:\/\/aycastanaflamenco.com\/wp-content\/uploads\/2020\/04\/DSC9666-1-2048x1367.jpg 2048w, https:\/\/aycastanaflamenco.com\/wp-content\/uploads\/2020\/04\/DSC9666-1-800x534.jpg 800w\" sizes=\"auto, (max-width: 1024px) 100vw, 1024px\" \/><\/a><\/figure>\n\n\n\n<figure class=\"wp-block-image size-large\"><a href=\"https:\/\/aycastanaflamenco.com\/wp-content\/uploads\/2020\/04\/DSC9662-scaled.jpg\"><img loading=\"lazy\" decoding=\"async\" width=\"1024\" height=\"683\" data-id=\"36\" src=\"https:\/\/aycastanaflamenco.com\/wp-content\/uploads\/2020\/04\/DSC9662-1024x683.jpg\" alt=\"Spectacle Manos Sonoras 23\" class=\"wp-image-36\" srcset=\"https:\/\/aycastanaflamenco.com\/wp-content\/uploads\/2020\/04\/DSC9662-1024x683.jpg 1024w, https:\/\/aycastanaflamenco.com\/wp-content\/uploads\/2020\/04\/DSC9662-300x200.jpg 300w, https:\/\/aycastanaflamenco.com\/wp-content\/uploads\/2020\/04\/DSC9662-768x513.jpg 768w, https:\/\/aycastanaflamenco.com\/wp-content\/uploads\/2020\/04\/DSC9662-1536x1025.jpg 1536w\" sizes=\"auto, (max-width: 1024px) 100vw, 1024px\" \/><\/a><\/figure>\n\n\n\n<figure class=\"wp-block-image size-large\"><a href=\"https:\/\/aycastanaflamenco.com\/wp-content\/uploads\/2020\/04\/DSC9654-1-scaled.jpg\"><img loading=\"lazy\" decoding=\"async\" width=\"1024\" height=\"683\" data-id=\"33\" src=\"https:\/\/aycastanaflamenco.com\/wp-content\/uploads\/2020\/04\/DSC9654-1-1024x683.jpg\" alt=\"Spectacle Manos Sonoras 26\" class=\"wp-image-33\" srcset=\"https:\/\/aycastanaflamenco.com\/wp-content\/uploads\/2020\/04\/DSC9654-1-1024x683.jpg 1024w, https:\/\/aycastanaflamenco.com\/wp-content\/uploads\/2020\/04\/DSC9654-1-300x200.jpg 300w, https:\/\/aycastanaflamenco.com\/wp-content\/uploads\/2020\/04\/DSC9654-1-768x513.jpg 768w, https:\/\/aycastanaflamenco.com\/wp-content\/uploads\/2020\/04\/DSC9654-1-1536x1025.jpg 1536w, https:\/\/aycastanaflamenco.com\/wp-content\/uploads\/2020\/04\/DSC9654-1-2048x1367.jpg 2048w, https:\/\/aycastanaflamenco.com\/wp-content\/uploads\/2020\/04\/DSC9654-1-800x534.jpg 800w\" sizes=\"auto, (max-width: 1024px) 100vw, 1024px\" \/><\/a><\/figure>\n<\/figure>\n\n\n\n<hr class=\"wp-block-separator has-css-opacity\"\/>\n\n\n\n<figure class=\"wp-block-embed aligncenter is-type-video is-provider-youtube wp-block-embed-youtube wp-embed-aspect-16-9 wp-has-aspect-ratio\"><div class=\"wp-block-embed__wrapper\">\n<iframe loading=\"lazy\" title=\"Cie Flamenca \u00a1 Ay Casta\u00f1a ! - &quot;Manos Sonoras&quot; Teaser 2019\" width=\"640\" height=\"360\" src=\"https:\/\/www.youtube.com\/embed\/8uC_mv8NNP4?feature=oembed\" frameborder=\"0\" allow=\"accelerometer; autoplay; clipboard-write; encrypted-media; gyroscope; picture-in-picture; web-share\" referrerpolicy=\"strict-origin-when-cross-origin\" allowfullscreen><\/iframe>\n<\/div><\/figure>\n\n\n\n<div class=\"wp-block-buttons is-horizontal is-content-justification-center is-layout-flex wp-container-core-buttons-is-layout-499968f5 wp-block-buttons-is-layout-flex\">\n<div class=\"wp-block-button is-style-outline is-style-outline--2\"><a class=\"wp-block-button__link has-text-color has-background wp-element-button\" href=\"http:\/\/aycastanaflamenco.com\/index.php\/contact\/\" style=\"color:#ff5757;background-color:#ffffff\">Nous contacter<\/a><\/div>\n<\/div>\n\n\n\n<hr class=\"wp-block-separator has-css-opacity\"\/>\n\n\n\n<p><\/p>\n","protected":false},"excerpt":{"rendered":"<p>Propos\u00e9 par la Compagnie Flamenca \u00a1 Ay Casta\u00f1a !, Manos Sonoras est un spectacle qui fait la\u2026<\/p>\n","protected":false},"author":1,"featured_media":0,"parent":0,"menu_order":0,"comment_status":"closed","ping_status":"closed","template":"","meta":{"_monsterinsights_skip_tracking":false,"_monsterinsights_sitenote_active":false,"_monsterinsights_sitenote_note":"","_monsterinsights_sitenote_category":0,"footnotes":""},"class_list":["post-63","page","type-page","status-publish","hentry"],"yoast_head":"<!-- This site is optimized with the Yoast SEO plugin v25.2 - https:\/\/yoast.com\/wordpress\/plugins\/seo\/ -->\n<title>Spectacle Manos Sonoras - \u00a1 Ay Casta\u00f1a ! Flamenco<\/title>\n<meta name=\"description\" content=\"A travers ses cr\u00e9ations, la compagnie \u00a1 Ay Casta\u00f1a ! tend \u00e0 exp\u00e9rimenter de nouvelles formes d&#039;expression de la musique flamenca.\" \/>\n<meta name=\"robots\" content=\"index, follow, max-snippet:-1, max-image-preview:large, max-video-preview:-1\" \/>\n<link rel=\"canonical\" href=\"https:\/\/aycastanaflamenco.com\/index.php\/spectacle-manos-sonoras\/\" \/>\n<meta property=\"og:locale\" content=\"fr_FR\" \/>\n<meta property=\"og:type\" content=\"article\" \/>\n<meta property=\"og:title\" content=\"Spectacle Manos Sonoras - \u00a1 Ay Casta\u00f1a ! Flamenco\" \/>\n<meta property=\"og:description\" content=\"A travers ses cr\u00e9ations, la compagnie \u00a1 Ay Casta\u00f1a ! tend \u00e0 exp\u00e9rimenter de nouvelles formes d&#039;expression de la musique flamenca.\" \/>\n<meta property=\"og:url\" content=\"https:\/\/aycastanaflamenco.com\/index.php\/spectacle-manos-sonoras\/\" \/>\n<meta property=\"og:site_name\" content=\"\u00a1 Ay Casta\u00f1a ! Flamenco\" \/>\n<meta property=\"article:modified_time\" content=\"2023-09-03T16:02:55+00:00\" \/>\n<meta property=\"og:image\" content=\"https:\/\/aycastanaflamenco.com\/wp-content\/uploads\/2020\/04\/DSC9906-2-1-1024x683.jpg\" \/>\n<meta name=\"twitter:card\" content=\"summary_large_image\" \/>\n<meta name=\"twitter:label1\" content=\"Dur\u00e9e de lecture estim\u00e9e\" \/>\n\t<meta name=\"twitter:data1\" content=\"3 minutes\" \/>\n<script type=\"application\/ld+json\" class=\"yoast-schema-graph\">{\"@context\":\"https:\/\/schema.org\",\"@graph\":[{\"@type\":\"WebPage\",\"@id\":\"https:\/\/aycastanaflamenco.com\/index.php\/spectacle-manos-sonoras\/\",\"url\":\"https:\/\/aycastanaflamenco.com\/index.php\/spectacle-manos-sonoras\/\",\"name\":\"Spectacle Manos Sonoras - \u00a1 Ay Casta\u00f1a ! Flamenco\",\"isPartOf\":{\"@id\":\"https:\/\/aycastanaflamenco.com\/#website\"},\"primaryImageOfPage\":{\"@id\":\"https:\/\/aycastanaflamenco.com\/index.php\/spectacle-manos-sonoras\/#primaryimage\"},\"image\":{\"@id\":\"https:\/\/aycastanaflamenco.com\/index.php\/spectacle-manos-sonoras\/#primaryimage\"},\"thumbnailUrl\":\"https:\/\/aycastanaflamenco.com\/wp-content\/uploads\/2020\/04\/DSC9906-2-1-1024x683.jpg\",\"datePublished\":\"2020-04-06T11:44:52+00:00\",\"dateModified\":\"2023-09-03T16:02:55+00:00\",\"description\":\"A travers ses cr\u00e9ations, la compagnie \u00a1 Ay Casta\u00f1a ! tend \u00e0 exp\u00e9rimenter de nouvelles formes d'expression de la musique flamenca.\",\"breadcrumb\":{\"@id\":\"https:\/\/aycastanaflamenco.com\/index.php\/spectacle-manos-sonoras\/#breadcrumb\"},\"inLanguage\":\"fr-FR\",\"potentialAction\":[{\"@type\":\"ReadAction\",\"target\":[\"https:\/\/aycastanaflamenco.com\/index.php\/spectacle-manos-sonoras\/\"]}]},{\"@type\":\"ImageObject\",\"inLanguage\":\"fr-FR\",\"@id\":\"https:\/\/aycastanaflamenco.com\/index.php\/spectacle-manos-sonoras\/#primaryimage\",\"url\":\"https:\/\/aycastanaflamenco.com\/wp-content\/uploads\/2020\/04\/DSC9906-2-1-1024x683.jpg\",\"contentUrl\":\"https:\/\/aycastanaflamenco.com\/wp-content\/uploads\/2020\/04\/DSC9906-2-1-1024x683.jpg\"},{\"@type\":\"BreadcrumbList\",\"@id\":\"https:\/\/aycastanaflamenco.com\/index.php\/spectacle-manos-sonoras\/#breadcrumb\",\"itemListElement\":[{\"@type\":\"ListItem\",\"position\":1,\"name\":\"Accueil\"},{\"@type\":\"ListItem\",\"position\":2,\"name\":\"Spectacle Manos Sonoras\"}]},{\"@type\":\"WebSite\",\"@id\":\"https:\/\/aycastanaflamenco.com\/#website\",\"url\":\"https:\/\/aycastanaflamenco.com\/\",\"name\":\"\u00a1 Ay Casta\u00f1a ! Flamenco\",\"description\":\"\",\"publisher\":{\"@id\":\"https:\/\/aycastanaflamenco.com\/#organization\"},\"potentialAction\":[{\"@type\":\"SearchAction\",\"target\":{\"@type\":\"EntryPoint\",\"urlTemplate\":\"https:\/\/aycastanaflamenco.com\/?s={search_term_string}\"},\"query-input\":{\"@type\":\"PropertyValueSpecification\",\"valueRequired\":true,\"valueName\":\"search_term_string\"}}],\"inLanguage\":\"fr-FR\"},{\"@type\":\"Organization\",\"@id\":\"https:\/\/aycastanaflamenco.com\/#organization\",\"name\":\"Ay Castana Flamenco\",\"url\":\"https:\/\/aycastanaflamenco.com\/\",\"logo\":{\"@type\":\"ImageObject\",\"inLanguage\":\"fr-FR\",\"@id\":\"https:\/\/aycastanaflamenco.com\/#\/schema\/logo\/image\/\",\"url\":\"https:\/\/aycastanaflamenco.com\/wp-content\/uploads\/2020\/04\/cropped-Logo-Playlist.png\",\"contentUrl\":\"https:\/\/aycastanaflamenco.com\/wp-content\/uploads\/2020\/04\/cropped-Logo-Playlist.png\",\"width\":500,\"height\":176,\"caption\":\"Ay Castana Flamenco\"},\"image\":{\"@id\":\"https:\/\/aycastanaflamenco.com\/#\/schema\/logo\/image\/\"}}]}<\/script>\n<!-- \/ Yoast SEO plugin. -->","yoast_head_json":{"title":"Spectacle Manos Sonoras - \u00a1 Ay Casta\u00f1a ! Flamenco","description":"A travers ses cr\u00e9ations, la compagnie \u00a1 Ay Casta\u00f1a ! tend \u00e0 exp\u00e9rimenter de nouvelles formes d'expression de la musique flamenca.","robots":{"index":"index","follow":"follow","max-snippet":"max-snippet:-1","max-image-preview":"max-image-preview:large","max-video-preview":"max-video-preview:-1"},"canonical":"https:\/\/aycastanaflamenco.com\/index.php\/spectacle-manos-sonoras\/","og_locale":"fr_FR","og_type":"article","og_title":"Spectacle Manos Sonoras - \u00a1 Ay Casta\u00f1a ! Flamenco","og_description":"A travers ses cr\u00e9ations, la compagnie \u00a1 Ay Casta\u00f1a ! tend \u00e0 exp\u00e9rimenter de nouvelles formes d'expression de la musique flamenca.","og_url":"https:\/\/aycastanaflamenco.com\/index.php\/spectacle-manos-sonoras\/","og_site_name":"\u00a1 Ay Casta\u00f1a ! Flamenco","article_modified_time":"2023-09-03T16:02:55+00:00","og_image":[{"url":"https:\/\/aycastanaflamenco.com\/wp-content\/uploads\/2020\/04\/DSC9906-2-1-1024x683.jpg","type":"","width":"","height":""}],"twitter_card":"summary_large_image","twitter_misc":{"Dur\u00e9e de lecture estim\u00e9e":"3 minutes"},"schema":{"@context":"https:\/\/schema.org","@graph":[{"@type":"WebPage","@id":"https:\/\/aycastanaflamenco.com\/index.php\/spectacle-manos-sonoras\/","url":"https:\/\/aycastanaflamenco.com\/index.php\/spectacle-manos-sonoras\/","name":"Spectacle Manos Sonoras - \u00a1 Ay Casta\u00f1a ! Flamenco","isPartOf":{"@id":"https:\/\/aycastanaflamenco.com\/#website"},"primaryImageOfPage":{"@id":"https:\/\/aycastanaflamenco.com\/index.php\/spectacle-manos-sonoras\/#primaryimage"},"image":{"@id":"https:\/\/aycastanaflamenco.com\/index.php\/spectacle-manos-sonoras\/#primaryimage"},"thumbnailUrl":"https:\/\/aycastanaflamenco.com\/wp-content\/uploads\/2020\/04\/DSC9906-2-1-1024x683.jpg","datePublished":"2020-04-06T11:44:52+00:00","dateModified":"2023-09-03T16:02:55+00:00","description":"A travers ses cr\u00e9ations, la compagnie \u00a1 Ay Casta\u00f1a ! tend \u00e0 exp\u00e9rimenter de nouvelles formes d'expression de la musique flamenca.","breadcrumb":{"@id":"https:\/\/aycastanaflamenco.com\/index.php\/spectacle-manos-sonoras\/#breadcrumb"},"inLanguage":"fr-FR","potentialAction":[{"@type":"ReadAction","target":["https:\/\/aycastanaflamenco.com\/index.php\/spectacle-manos-sonoras\/"]}]},{"@type":"ImageObject","inLanguage":"fr-FR","@id":"https:\/\/aycastanaflamenco.com\/index.php\/spectacle-manos-sonoras\/#primaryimage","url":"https:\/\/aycastanaflamenco.com\/wp-content\/uploads\/2020\/04\/DSC9906-2-1-1024x683.jpg","contentUrl":"https:\/\/aycastanaflamenco.com\/wp-content\/uploads\/2020\/04\/DSC9906-2-1-1024x683.jpg"},{"@type":"BreadcrumbList","@id":"https:\/\/aycastanaflamenco.com\/index.php\/spectacle-manos-sonoras\/#breadcrumb","itemListElement":[{"@type":"ListItem","position":1,"name":"Accueil"},{"@type":"ListItem","position":2,"name":"Spectacle Manos Sonoras"}]},{"@type":"WebSite","@id":"https:\/\/aycastanaflamenco.com\/#website","url":"https:\/\/aycastanaflamenco.com\/","name":"\u00a1 Ay Casta\u00f1a ! Flamenco","description":"","publisher":{"@id":"https:\/\/aycastanaflamenco.com\/#organization"},"potentialAction":[{"@type":"SearchAction","target":{"@type":"EntryPoint","urlTemplate":"https:\/\/aycastanaflamenco.com\/?s={search_term_string}"},"query-input":{"@type":"PropertyValueSpecification","valueRequired":true,"valueName":"search_term_string"}}],"inLanguage":"fr-FR"},{"@type":"Organization","@id":"https:\/\/aycastanaflamenco.com\/#organization","name":"Ay Castana Flamenco","url":"https:\/\/aycastanaflamenco.com\/","logo":{"@type":"ImageObject","inLanguage":"fr-FR","@id":"https:\/\/aycastanaflamenco.com\/#\/schema\/logo\/image\/","url":"https:\/\/aycastanaflamenco.com\/wp-content\/uploads\/2020\/04\/cropped-Logo-Playlist.png","contentUrl":"https:\/\/aycastanaflamenco.com\/wp-content\/uploads\/2020\/04\/cropped-Logo-Playlist.png","width":500,"height":176,"caption":"Ay Castana Flamenco"},"image":{"@id":"https:\/\/aycastanaflamenco.com\/#\/schema\/logo\/image\/"}}]}},"_links":{"self":[{"href":"https:\/\/aycastanaflamenco.com\/index.php\/wp-json\/wp\/v2\/pages\/63","targetHints":{"allow":["GET"]}}],"collection":[{"href":"https:\/\/aycastanaflamenco.com\/index.php\/wp-json\/wp\/v2\/pages"}],"about":[{"href":"https:\/\/aycastanaflamenco.com\/index.php\/wp-json\/wp\/v2\/types\/page"}],"author":[{"embeddable":true,"href":"https:\/\/aycastanaflamenco.com\/index.php\/wp-json\/wp\/v2\/users\/1"}],"replies":[{"embeddable":true,"href":"https:\/\/aycastanaflamenco.com\/index.php\/wp-json\/wp\/v2\/comments?post=63"}],"version-history":[{"count":10,"href":"https:\/\/aycastanaflamenco.com\/index.php\/wp-json\/wp\/v2\/pages\/63\/revisions"}],"predecessor-version":[{"id":1027,"href":"https:\/\/aycastanaflamenco.com\/index.php\/wp-json\/wp\/v2\/pages\/63\/revisions\/1027"}],"wp:attachment":[{"href":"https:\/\/aycastanaflamenco.com\/index.php\/wp-json\/wp\/v2\/media?parent=63"}],"curies":[{"name":"wp","href":"https:\/\/api.w.org\/{rel}","templated":true}]}}