{"id":65,"date":"2020-04-06T13:45:08","date_gmt":"2020-04-06T11:45:08","guid":{"rendered":"http:\/\/aycastanaflamenco.com\/?page_id=65"},"modified":"2020-05-01T13:05:26","modified_gmt":"2020-05-01T11:05:26","slug":"emilie-pathenay","status":"publish","type":"page","link":"https:\/\/aycastanaflamenco.com\/index.php\/emilie-pathenay\/","title":{"rendered":"Emilie Pathenay"},"content":{"rendered":"\n<div class=\"wp-block-image\"><figure class=\"aligncenter size-large\"><img loading=\"lazy\" decoding=\"async\" width=\"1024\" height=\"683\" src=\"http:\/\/aycastanaflamenco.com\/wp-content\/uploads\/2020\/04\/DSC9739-1024x683.jpg\" alt=\"\" class=\"wp-image-46\" srcset=\"https:\/\/aycastanaflamenco.com\/wp-content\/uploads\/2020\/04\/DSC9739-1024x683.jpg 1024w, https:\/\/aycastanaflamenco.com\/wp-content\/uploads\/2020\/04\/DSC9739-300x200.jpg 300w, https:\/\/aycastanaflamenco.com\/wp-content\/uploads\/2020\/04\/DSC9739-768x513.jpg 768w, https:\/\/aycastanaflamenco.com\/wp-content\/uploads\/2020\/04\/DSC9739-1536x1025.jpg 1536w, https:\/\/aycastanaflamenco.com\/wp-content\/uploads\/2020\/04\/DSC9739-2048x1367.jpg 2048w, https:\/\/aycastanaflamenco.com\/wp-content\/uploads\/2020\/04\/DSC9739-800x534.jpg 800w\" sizes=\"auto, (max-width: 1024px) 100vw, 1024px\" \/><\/figure><\/div>\n\n\n\n<hr class=\"wp-block-separator\"\/>\n\n\n\n<blockquote class=\"wp-block-quote has-text-align-center is-style-large is-layout-flow wp-block-quote-is-layout-flow\"><p><em>\u201c C\u2019est en me permettant de vivre ma musicalit\u00e9 \u00e0 travers mon corps que le flamenco m\u2019a appris \u00e0 transporter mon \u00e2me au-del\u00e0 d\u2019elle-m\u00eame.\u201d<\/em><\/p><\/blockquote>\n\n\n\n<hr class=\"wp-block-separator\"\/>\n\n\n\n<p class=\"has-normal-font-size\">Originaire de la r\u00e9gion parisienne, Emilie Pathenay est initi\u00e9e \u00e0 la musique et \u00e0 la danse d\u00e8s son plus jeune \u00e2ge, notamment par la pratique du piano et l\u2019apprentissage de la danse classique.<\/p>\n\n\n\n<p class=\"has-normal-font-size\">C\u2019est \u00e0 l\u2019\u00e2ge de 18 ans qu\u2019elle d\u00e9couvre le flamenco, mais ce n\u2019est qu\u2019apr\u00e8s des \u00e9tudes en danse et en arts plastiques qu\u2019elle d\u00e9cide de se rendre \u00e0 Jerez de la Frontera, berceau du flamenco et terre d\u2019adoption qu\u2019elle ne quittera que 9 ans plus tard.<\/p>\n\n\n\n<p class=\"has-normal-font-size\">Form\u00e9e \u00e0 Jerez et S\u00e9ville aupr\u00e8s de grands maestros (Manuela Carpio, Mercedes Ruiz, Juana Amaya, El Oruco, Miguel Angel Heredia entre autres), c\u2019est avant tout en observant, en \u00e9coutant et en s\u2019immergeant dans la vie andalouse qu\u2019elle cherche \u00e0 capter et s\u2019impr\u00e9gner de l\u2019essence m\u00eame de cet art.<\/p>\n\n\n\n<p class=\"has-normal-font-size\">Artiste d\u00e9vou\u00e9e, Emilie remporte le premier prix d\u2019un concours de flamenco organis\u00e9 \u00e0 Jerez en 2017 lors de l\u2019important Festival de Flamenco, et s\u2019est d\u00e9j\u00e0 produite et a enseign\u00e9 \u00e0 travers l\u2019Europe (Espagne, France, Hongrie, Belgique et Suisse).<\/p>\n\n\n\n<p class=\"has-normal-font-size\">De retour \u00e0 Paris en 2018, elle se fait peu \u00e0 peu une place au sein de la communaut\u00e9 flamenca, cherchant \u00e0 partager sa passion et son exp\u00e9rience autant sur sc\u00e8ne qu\u2019\u00e0 travers l\u2019enseignement.<\/p>\n\n\n\n<hr class=\"wp-block-separator\"\/>\n\n\n\n<figure class=\"wp-block-gallery columns-3 is-cropped wp-block-gallery-1 is-layout-flex wp-block-gallery-is-layout-flex\"><ul class=\"blocks-gallery-grid\"><li class=\"blocks-gallery-item\"><figure><img loading=\"lazy\" decoding=\"async\" width=\"1024\" height=\"683\" src=\"http:\/\/aycastanaflamenco.com\/wp-content\/uploads\/2020\/04\/DSC9739-1024x683.jpg\" alt=\"\" data-id=\"46\" data-full-url=\"http:\/\/aycastanaflamenco.com\/wp-content\/uploads\/2020\/04\/DSC9739-scaled.jpg\" data-link=\"http:\/\/aycastanaflamenco.com\/_dsc9739\/\" class=\"wp-image-46\" srcset=\"https:\/\/aycastanaflamenco.com\/wp-content\/uploads\/2020\/04\/DSC9739-1024x683.jpg 1024w, https:\/\/aycastanaflamenco.com\/wp-content\/uploads\/2020\/04\/DSC9739-300x200.jpg 300w, https:\/\/aycastanaflamenco.com\/wp-content\/uploads\/2020\/04\/DSC9739-768x513.jpg 768w, https:\/\/aycastanaflamenco.com\/wp-content\/uploads\/2020\/04\/DSC9739-1536x1025.jpg 1536w, https:\/\/aycastanaflamenco.com\/wp-content\/uploads\/2020\/04\/DSC9739-2048x1367.jpg 2048w, https:\/\/aycastanaflamenco.com\/wp-content\/uploads\/2020\/04\/DSC9739-800x534.jpg 800w\" sizes=\"auto, (max-width: 1024px) 100vw, 1024px\" \/><\/figure><\/li><li class=\"blocks-gallery-item\"><figure><img loading=\"lazy\" decoding=\"async\" width=\"1024\" height=\"683\" src=\"http:\/\/aycastanaflamenco.com\/wp-content\/uploads\/2020\/04\/DSC9734-1024x683.jpg\" alt=\"\" data-id=\"45\" data-full-url=\"http:\/\/aycastanaflamenco.com\/wp-content\/uploads\/2020\/04\/DSC9734-scaled.jpg\" data-link=\"http:\/\/aycastanaflamenco.com\/_dsc9734\/\" class=\"wp-image-45\" srcset=\"https:\/\/aycastanaflamenco.com\/wp-content\/uploads\/2020\/04\/DSC9734-1024x683.jpg 1024w, https:\/\/aycastanaflamenco.com\/wp-content\/uploads\/2020\/04\/DSC9734-300x200.jpg 300w, https:\/\/aycastanaflamenco.com\/wp-content\/uploads\/2020\/04\/DSC9734-768x513.jpg 768w, https:\/\/aycastanaflamenco.com\/wp-content\/uploads\/2020\/04\/DSC9734-1536x1025.jpg 1536w, https:\/\/aycastanaflamenco.com\/wp-content\/uploads\/2020\/04\/DSC9734-2048x1367.jpg 2048w, https:\/\/aycastanaflamenco.com\/wp-content\/uploads\/2020\/04\/DSC9734-800x534.jpg 800w\" sizes=\"auto, (max-width: 1024px) 100vw, 1024px\" \/><\/figure><\/li><li class=\"blocks-gallery-item\"><figure><img loading=\"lazy\" decoding=\"async\" width=\"1024\" height=\"683\" src=\"http:\/\/aycastanaflamenco.com\/wp-content\/uploads\/2020\/04\/DSC9729-1024x683.jpg\" alt=\"\" data-id=\"44\" data-full-url=\"http:\/\/aycastanaflamenco.com\/wp-content\/uploads\/2020\/04\/DSC9729-scaled.jpg\" data-link=\"http:\/\/aycastanaflamenco.com\/_dsc9729\/\" class=\"wp-image-44\" srcset=\"https:\/\/aycastanaflamenco.com\/wp-content\/uploads\/2020\/04\/DSC9729-1024x683.jpg 1024w, https:\/\/aycastanaflamenco.com\/wp-content\/uploads\/2020\/04\/DSC9729-300x200.jpg 300w, https:\/\/aycastanaflamenco.com\/wp-content\/uploads\/2020\/04\/DSC9729-768x513.jpg 768w, https:\/\/aycastanaflamenco.com\/wp-content\/uploads\/2020\/04\/DSC9729-1536x1025.jpg 1536w\" sizes=\"auto, (max-width: 1024px) 100vw, 1024px\" \/><\/figure><\/li><li class=\"blocks-gallery-item\"><figure><img loading=\"lazy\" decoding=\"async\" width=\"1024\" height=\"683\" src=\"http:\/\/aycastanaflamenco.com\/wp-content\/uploads\/2020\/04\/DSC9726-1024x683.jpg\" alt=\"\" data-id=\"43\" data-full-url=\"http:\/\/aycastanaflamenco.com\/wp-content\/uploads\/2020\/04\/DSC9726-scaled.jpg\" data-link=\"http:\/\/aycastanaflamenco.com\/_dsc9726\/\" class=\"wp-image-43\" srcset=\"https:\/\/aycastanaflamenco.com\/wp-content\/uploads\/2020\/04\/DSC9726-1024x683.jpg 1024w, https:\/\/aycastanaflamenco.com\/wp-content\/uploads\/2020\/04\/DSC9726-300x200.jpg 300w, https:\/\/aycastanaflamenco.com\/wp-content\/uploads\/2020\/04\/DSC9726-768x513.jpg 768w, https:\/\/aycastanaflamenco.com\/wp-content\/uploads\/2020\/04\/DSC9726-1536x1025.jpg 1536w, https:\/\/aycastanaflamenco.com\/wp-content\/uploads\/2020\/04\/DSC9726-2048x1367.jpg 2048w, https:\/\/aycastanaflamenco.com\/wp-content\/uploads\/2020\/04\/DSC9726-800x534.jpg 800w\" sizes=\"auto, (max-width: 1024px) 100vw, 1024px\" \/><\/figure><\/li><li class=\"blocks-gallery-item\"><figure><img loading=\"lazy\" decoding=\"async\" width=\"1024\" height=\"683\" src=\"http:\/\/aycastanaflamenco.com\/wp-content\/uploads\/2020\/04\/DSC9680-1024x683.jpg\" alt=\"\" data-id=\"39\" data-full-url=\"http:\/\/aycastanaflamenco.com\/wp-content\/uploads\/2020\/04\/DSC9680-scaled.jpg\" data-link=\"http:\/\/aycastanaflamenco.com\/_dsc9680\/\" class=\"wp-image-39\" srcset=\"https:\/\/aycastanaflamenco.com\/wp-content\/uploads\/2020\/04\/DSC9680-1024x683.jpg 1024w, https:\/\/aycastanaflamenco.com\/wp-content\/uploads\/2020\/04\/DSC9680-300x200.jpg 300w, https:\/\/aycastanaflamenco.com\/wp-content\/uploads\/2020\/04\/DSC9680-768x513.jpg 768w, https:\/\/aycastanaflamenco.com\/wp-content\/uploads\/2020\/04\/DSC9680-1536x1025.jpg 1536w, https:\/\/aycastanaflamenco.com\/wp-content\/uploads\/2020\/04\/DSC9680-2048x1367.jpg 2048w, https:\/\/aycastanaflamenco.com\/wp-content\/uploads\/2020\/04\/DSC9680-800x534.jpg 800w\" sizes=\"auto, (max-width: 1024px) 100vw, 1024px\" \/><\/figure><\/li><li class=\"blocks-gallery-item\"><figure><img loading=\"lazy\" decoding=\"async\" width=\"1024\" height=\"683\" src=\"http:\/\/aycastanaflamenco.com\/wp-content\/uploads\/2020\/04\/DSC9682-1-1024x683.jpg\" alt=\"\" data-id=\"40\" data-full-url=\"http:\/\/aycastanaflamenco.com\/wp-content\/uploads\/2020\/04\/DSC9682-1-scaled.jpg\" data-link=\"http:\/\/aycastanaflamenco.com\/_dsc9682-2\/\" class=\"wp-image-40\" srcset=\"https:\/\/aycastanaflamenco.com\/wp-content\/uploads\/2020\/04\/DSC9682-1-1024x683.jpg 1024w, https:\/\/aycastanaflamenco.com\/wp-content\/uploads\/2020\/04\/DSC9682-1-300x200.jpg 300w, https:\/\/aycastanaflamenco.com\/wp-content\/uploads\/2020\/04\/DSC9682-1-768x513.jpg 768w, https:\/\/aycastanaflamenco.com\/wp-content\/uploads\/2020\/04\/DSC9682-1-1536x1025.jpg 1536w, https:\/\/aycastanaflamenco.com\/wp-content\/uploads\/2020\/04\/DSC9682-1-2048x1367.jpg 2048w, https:\/\/aycastanaflamenco.com\/wp-content\/uploads\/2020\/04\/DSC9682-1-800x534.jpg 800w\" sizes=\"auto, (max-width: 1024px) 100vw, 1024px\" \/><\/figure><\/li><li class=\"blocks-gallery-item\"><figure><img loading=\"lazy\" decoding=\"async\" width=\"1024\" height=\"683\" src=\"http:\/\/aycastanaflamenco.com\/wp-content\/uploads\/2020\/04\/DSC9689-1-1024x683.jpg\" alt=\"\" data-id=\"41\" data-full-url=\"http:\/\/aycastanaflamenco.com\/wp-content\/uploads\/2020\/04\/DSC9689-1-scaled.jpg\" data-link=\"http:\/\/aycastanaflamenco.com\/_dsc9689-2\/\" class=\"wp-image-41\" srcset=\"https:\/\/aycastanaflamenco.com\/wp-content\/uploads\/2020\/04\/DSC9689-1-1024x683.jpg 1024w, https:\/\/aycastanaflamenco.com\/wp-content\/uploads\/2020\/04\/DSC9689-1-300x200.jpg 300w, https:\/\/aycastanaflamenco.com\/wp-content\/uploads\/2020\/04\/DSC9689-1-768x513.jpg 768w, https:\/\/aycastanaflamenco.com\/wp-content\/uploads\/2020\/04\/DSC9689-1-1536x1025.jpg 1536w, https:\/\/aycastanaflamenco.com\/wp-content\/uploads\/2020\/04\/DSC9689-1-2048x1367.jpg 2048w, https:\/\/aycastanaflamenco.com\/wp-content\/uploads\/2020\/04\/DSC9689-1-800x534.jpg 800w\" sizes=\"auto, (max-width: 1024px) 100vw, 1024px\" \/><\/figure><\/li><li class=\"blocks-gallery-item\"><figure><img loading=\"lazy\" decoding=\"async\" width=\"1024\" height=\"683\" src=\"http:\/\/aycastanaflamenco.com\/wp-content\/uploads\/2020\/04\/DSC9723-1024x683.jpg\" alt=\"\" data-id=\"42\" data-full-url=\"http:\/\/aycastanaflamenco.com\/wp-content\/uploads\/2020\/04\/DSC9723-scaled.jpg\" data-link=\"http:\/\/aycastanaflamenco.com\/_dsc9723\/\" class=\"wp-image-42\" srcset=\"https:\/\/aycastanaflamenco.com\/wp-content\/uploads\/2020\/04\/DSC9723-1024x683.jpg 1024w, https:\/\/aycastanaflamenco.com\/wp-content\/uploads\/2020\/04\/DSC9723-300x200.jpg 300w, https:\/\/aycastanaflamenco.com\/wp-content\/uploads\/2020\/04\/DSC9723-768x513.jpg 768w, https:\/\/aycastanaflamenco.com\/wp-content\/uploads\/2020\/04\/DSC9723-1536x1025.jpg 1536w, https:\/\/aycastanaflamenco.com\/wp-content\/uploads\/2020\/04\/DSC9723-2048x1367.jpg 2048w, https:\/\/aycastanaflamenco.com\/wp-content\/uploads\/2020\/04\/DSC9723-800x534.jpg 800w\" sizes=\"auto, (max-width: 1024px) 100vw, 1024px\" \/><\/figure><\/li><li class=\"blocks-gallery-item\"><figure><img loading=\"lazy\" decoding=\"async\" width=\"1024\" height=\"683\" src=\"http:\/\/aycastanaflamenco.com\/wp-content\/uploads\/2020\/04\/DSC9659-1024x683.jpg\" alt=\"\" data-id=\"35\" data-full-url=\"http:\/\/aycastanaflamenco.com\/wp-content\/uploads\/2020\/04\/DSC9659-scaled.jpg\" data-link=\"http:\/\/aycastanaflamenco.com\/_dsc9659\/\" class=\"wp-image-35\" srcset=\"https:\/\/aycastanaflamenco.com\/wp-content\/uploads\/2020\/04\/DSC9659-1024x683.jpg 1024w, https:\/\/aycastanaflamenco.com\/wp-content\/uploads\/2020\/04\/DSC9659-300x200.jpg 300w, https:\/\/aycastanaflamenco.com\/wp-content\/uploads\/2020\/04\/DSC9659-768x513.jpg 768w, https:\/\/aycastanaflamenco.com\/wp-content\/uploads\/2020\/04\/DSC9659-1536x1025.jpg 1536w, https:\/\/aycastanaflamenco.com\/wp-content\/uploads\/2020\/04\/DSC9659-2048x1367.jpg 2048w, https:\/\/aycastanaflamenco.com\/wp-content\/uploads\/2020\/04\/DSC9659-800x534.jpg 800w\" sizes=\"auto, (max-width: 1024px) 100vw, 1024px\" \/><\/figure><\/li><\/ul><\/figure>\n\n\n\n<hr class=\"wp-block-separator\"\/>\n\n\n\n<figure class=\"wp-block-embed-youtube alignleft wp-block-embed is-type-video is-provider-youtube wp-embed-aspect-16-9 wp-has-aspect-ratio\"><div class=\"wp-block-embed__wrapper\">\n<iframe loading=\"lazy\" title=\"Emilie Pathenay - Th\u00e9\u00e2tre Aleph\" width=\"640\" height=\"360\" src=\"https:\/\/www.youtube.com\/embed\/km9Mmd9FWMY?feature=oembed\" frameborder=\"0\" allow=\"accelerometer; autoplay; clipboard-write; encrypted-media; gyroscope; picture-in-picture; web-share\" referrerpolicy=\"strict-origin-when-cross-origin\" allowfullscreen><\/iframe>\n<\/div><\/figure>\n\n\n\n<figure class=\"wp-block-embed-youtube alignright wp-block-embed is-type-video is-provider-youtube wp-embed-aspect-16-9 wp-has-aspect-ratio\"><div class=\"wp-block-embed__wrapper\">\n<iframe loading=\"lazy\" title=\"Emilie Pathenay - Siguiriyas - Improvi&#039;bar\" width=\"640\" height=\"360\" src=\"https:\/\/www.youtube.com\/embed\/IoYlIw-oI4g?feature=oembed\" frameborder=\"0\" allow=\"accelerometer; autoplay; clipboard-write; encrypted-media; gyroscope; picture-in-picture; web-share\" referrerpolicy=\"strict-origin-when-cross-origin\" allowfullscreen><\/iframe>\n<\/div><\/figure>\n\n\n\n<div class=\"wp-block-buttons aligncenter is-layout-flex wp-block-buttons-is-layout-flex\">\n<div class=\"wp-block-button is-style-outline is-style-outline--2\"><a class=\"wp-block-button__link has-text-color has-background\" href=\"http:\/\/aycastanaflamenco.com\/index.php\/ay-castana-compagnie\/\" style=\"background-color:#ffffff;color:#ff5757\">\u00a1 Ay Casta\u00f1a !<\/a><\/div>\n\n\n\n<div class=\"wp-block-button is-style-outline is-style-outline--3\"><a class=\"wp-block-button__link has-text-color has-background\" href=\"http:\/\/aycastanaflamenco.com\/index.php\/contact\/\" style=\"background-color:#ffffff;color:#ff5757\">Nous contacter<\/a><\/div>\n<\/div>\n\n\n\n<hr class=\"wp-block-separator\"\/>\n\n\n\n<div class=\"wp-block-buttons aligncenter is-layout-flex wp-block-buttons-is-layout-flex\"><\/div>\n","protected":false},"excerpt":{"rendered":"<p>\u201c C\u2019est en me permettant de vivre ma musicalit\u00e9 \u00e0 travers mon corps que le flamenco m\u2019a\u2026<\/p>\n","protected":false},"author":1,"featured_media":0,"parent":0,"menu_order":0,"comment_status":"closed","ping_status":"closed","template":"","meta":{"_monsterinsights_skip_tracking":false,"_monsterinsights_sitenote_active":false,"_monsterinsights_sitenote_note":"","_monsterinsights_sitenote_category":0,"footnotes":""},"class_list":["post-65","page","type-page","status-publish","hentry"],"yoast_head":"<!-- This site is optimized with the Yoast SEO plugin v25.2 - https:\/\/yoast.com\/wordpress\/plugins\/seo\/ -->\n<title>Emilie Pathenay - \u00a1 Ay Casta\u00f1a ! Flamenco<\/title>\n<meta name=\"description\" content=\"Form\u00e9e \u00e0 Jerez et S\u00e9ville aupr\u00e8s de grands maestros pendant 9 ans, Emilie Pathenay s&#039;est produite et a enseign\u00e9 le baile flamenco \u00e0 travers l&#039;Europe.\" \/>\n<meta name=\"robots\" content=\"index, follow, max-snippet:-1, max-image-preview:large, max-video-preview:-1\" \/>\n<link rel=\"canonical\" href=\"https:\/\/aycastanaflamenco.com\/index.php\/emilie-pathenay\/\" \/>\n<meta property=\"og:locale\" content=\"fr_FR\" \/>\n<meta property=\"og:type\" content=\"article\" \/>\n<meta property=\"og:title\" content=\"Emilie Pathenay - \u00a1 Ay Casta\u00f1a ! Flamenco\" \/>\n<meta property=\"og:description\" content=\"Form\u00e9e \u00e0 Jerez et S\u00e9ville aupr\u00e8s de grands maestros pendant 9 ans, Emilie Pathenay s&#039;est produite et a enseign\u00e9 le baile flamenco \u00e0 travers l&#039;Europe.\" \/>\n<meta property=\"og:url\" content=\"https:\/\/aycastanaflamenco.com\/index.php\/emilie-pathenay\/\" \/>\n<meta property=\"og:site_name\" content=\"\u00a1 Ay Casta\u00f1a ! Flamenco\" \/>\n<meta property=\"article:modified_time\" content=\"2020-05-01T11:05:26+00:00\" \/>\n<meta property=\"og:image\" content=\"http:\/\/aycastanaflamenco.com\/wp-content\/uploads\/2020\/04\/DSC9739-1024x683.jpg\" \/>\n<meta name=\"twitter:card\" content=\"summary_large_image\" \/>\n<meta name=\"twitter:label1\" content=\"Dur\u00e9e de lecture estim\u00e9e\" \/>\n\t<meta name=\"twitter:data1\" content=\"1 minute\" \/>\n<script type=\"application\/ld+json\" class=\"yoast-schema-graph\">{\"@context\":\"https:\/\/schema.org\",\"@graph\":[{\"@type\":\"WebPage\",\"@id\":\"https:\/\/aycastanaflamenco.com\/index.php\/emilie-pathenay\/\",\"url\":\"https:\/\/aycastanaflamenco.com\/index.php\/emilie-pathenay\/\",\"name\":\"Emilie Pathenay - \u00a1 Ay Casta\u00f1a ! Flamenco\",\"isPartOf\":{\"@id\":\"https:\/\/aycastanaflamenco.com\/#website\"},\"primaryImageOfPage\":{\"@id\":\"https:\/\/aycastanaflamenco.com\/index.php\/emilie-pathenay\/#primaryimage\"},\"image\":{\"@id\":\"https:\/\/aycastanaflamenco.com\/index.php\/emilie-pathenay\/#primaryimage\"},\"thumbnailUrl\":\"http:\/\/aycastanaflamenco.com\/wp-content\/uploads\/2020\/04\/DSC9739-1024x683.jpg\",\"datePublished\":\"2020-04-06T11:45:08+00:00\",\"dateModified\":\"2020-05-01T11:05:26+00:00\",\"description\":\"Form\u00e9e \u00e0 Jerez et S\u00e9ville aupr\u00e8s de grands maestros pendant 9 ans, Emilie Pathenay s'est produite et a enseign\u00e9 le baile flamenco \u00e0 travers l'Europe.\",\"breadcrumb\":{\"@id\":\"https:\/\/aycastanaflamenco.com\/index.php\/emilie-pathenay\/#breadcrumb\"},\"inLanguage\":\"fr-FR\",\"potentialAction\":[{\"@type\":\"ReadAction\",\"target\":[\"https:\/\/aycastanaflamenco.com\/index.php\/emilie-pathenay\/\"]}]},{\"@type\":\"ImageObject\",\"inLanguage\":\"fr-FR\",\"@id\":\"https:\/\/aycastanaflamenco.com\/index.php\/emilie-pathenay\/#primaryimage\",\"url\":\"http:\/\/aycastanaflamenco.com\/wp-content\/uploads\/2020\/04\/DSC9739-1024x683.jpg\",\"contentUrl\":\"http:\/\/aycastanaflamenco.com\/wp-content\/uploads\/2020\/04\/DSC9739-1024x683.jpg\"},{\"@type\":\"BreadcrumbList\",\"@id\":\"https:\/\/aycastanaflamenco.com\/index.php\/emilie-pathenay\/#breadcrumb\",\"itemListElement\":[{\"@type\":\"ListItem\",\"position\":1,\"name\":\"Accueil\"},{\"@type\":\"ListItem\",\"position\":2,\"name\":\"Emilie Pathenay\"}]},{\"@type\":\"WebSite\",\"@id\":\"https:\/\/aycastanaflamenco.com\/#website\",\"url\":\"https:\/\/aycastanaflamenco.com\/\",\"name\":\"\u00a1 Ay Casta\u00f1a ! Flamenco\",\"description\":\"\",\"publisher\":{\"@id\":\"https:\/\/aycastanaflamenco.com\/#organization\"},\"potentialAction\":[{\"@type\":\"SearchAction\",\"target\":{\"@type\":\"EntryPoint\",\"urlTemplate\":\"https:\/\/aycastanaflamenco.com\/?s={search_term_string}\"},\"query-input\":{\"@type\":\"PropertyValueSpecification\",\"valueRequired\":true,\"valueName\":\"search_term_string\"}}],\"inLanguage\":\"fr-FR\"},{\"@type\":\"Organization\",\"@id\":\"https:\/\/aycastanaflamenco.com\/#organization\",\"name\":\"Ay Castana Flamenco\",\"url\":\"https:\/\/aycastanaflamenco.com\/\",\"logo\":{\"@type\":\"ImageObject\",\"inLanguage\":\"fr-FR\",\"@id\":\"https:\/\/aycastanaflamenco.com\/#\/schema\/logo\/image\/\",\"url\":\"https:\/\/aycastanaflamenco.com\/wp-content\/uploads\/2020\/04\/cropped-Logo-Playlist.png\",\"contentUrl\":\"https:\/\/aycastanaflamenco.com\/wp-content\/uploads\/2020\/04\/cropped-Logo-Playlist.png\",\"width\":500,\"height\":176,\"caption\":\"Ay Castana Flamenco\"},\"image\":{\"@id\":\"https:\/\/aycastanaflamenco.com\/#\/schema\/logo\/image\/\"}}]}<\/script>\n<!-- \/ Yoast SEO plugin. -->","yoast_head_json":{"title":"Emilie Pathenay - \u00a1 Ay Casta\u00f1a ! Flamenco","description":"Form\u00e9e \u00e0 Jerez et S\u00e9ville aupr\u00e8s de grands maestros pendant 9 ans, Emilie Pathenay s'est produite et a enseign\u00e9 le baile flamenco \u00e0 travers l'Europe.","robots":{"index":"index","follow":"follow","max-snippet":"max-snippet:-1","max-image-preview":"max-image-preview:large","max-video-preview":"max-video-preview:-1"},"canonical":"https:\/\/aycastanaflamenco.com\/index.php\/emilie-pathenay\/","og_locale":"fr_FR","og_type":"article","og_title":"Emilie Pathenay - \u00a1 Ay Casta\u00f1a ! Flamenco","og_description":"Form\u00e9e \u00e0 Jerez et S\u00e9ville aupr\u00e8s de grands maestros pendant 9 ans, Emilie Pathenay s'est produite et a enseign\u00e9 le baile flamenco \u00e0 travers l'Europe.","og_url":"https:\/\/aycastanaflamenco.com\/index.php\/emilie-pathenay\/","og_site_name":"\u00a1 Ay Casta\u00f1a ! Flamenco","article_modified_time":"2020-05-01T11:05:26+00:00","og_image":[{"url":"http:\/\/aycastanaflamenco.com\/wp-content\/uploads\/2020\/04\/DSC9739-1024x683.jpg","type":"","width":"","height":""}],"twitter_card":"summary_large_image","twitter_misc":{"Dur\u00e9e de lecture estim\u00e9e":"1 minute"},"schema":{"@context":"https:\/\/schema.org","@graph":[{"@type":"WebPage","@id":"https:\/\/aycastanaflamenco.com\/index.php\/emilie-pathenay\/","url":"https:\/\/aycastanaflamenco.com\/index.php\/emilie-pathenay\/","name":"Emilie Pathenay - \u00a1 Ay Casta\u00f1a ! Flamenco","isPartOf":{"@id":"https:\/\/aycastanaflamenco.com\/#website"},"primaryImageOfPage":{"@id":"https:\/\/aycastanaflamenco.com\/index.php\/emilie-pathenay\/#primaryimage"},"image":{"@id":"https:\/\/aycastanaflamenco.com\/index.php\/emilie-pathenay\/#primaryimage"},"thumbnailUrl":"http:\/\/aycastanaflamenco.com\/wp-content\/uploads\/2020\/04\/DSC9739-1024x683.jpg","datePublished":"2020-04-06T11:45:08+00:00","dateModified":"2020-05-01T11:05:26+00:00","description":"Form\u00e9e \u00e0 Jerez et S\u00e9ville aupr\u00e8s de grands maestros pendant 9 ans, Emilie Pathenay s'est produite et a enseign\u00e9 le baile flamenco \u00e0 travers l'Europe.","breadcrumb":{"@id":"https:\/\/aycastanaflamenco.com\/index.php\/emilie-pathenay\/#breadcrumb"},"inLanguage":"fr-FR","potentialAction":[{"@type":"ReadAction","target":["https:\/\/aycastanaflamenco.com\/index.php\/emilie-pathenay\/"]}]},{"@type":"ImageObject","inLanguage":"fr-FR","@id":"https:\/\/aycastanaflamenco.com\/index.php\/emilie-pathenay\/#primaryimage","url":"http:\/\/aycastanaflamenco.com\/wp-content\/uploads\/2020\/04\/DSC9739-1024x683.jpg","contentUrl":"http:\/\/aycastanaflamenco.com\/wp-content\/uploads\/2020\/04\/DSC9739-1024x683.jpg"},{"@type":"BreadcrumbList","@id":"https:\/\/aycastanaflamenco.com\/index.php\/emilie-pathenay\/#breadcrumb","itemListElement":[{"@type":"ListItem","position":1,"name":"Accueil"},{"@type":"ListItem","position":2,"name":"Emilie Pathenay"}]},{"@type":"WebSite","@id":"https:\/\/aycastanaflamenco.com\/#website","url":"https:\/\/aycastanaflamenco.com\/","name":"\u00a1 Ay Casta\u00f1a ! Flamenco","description":"","publisher":{"@id":"https:\/\/aycastanaflamenco.com\/#organization"},"potentialAction":[{"@type":"SearchAction","target":{"@type":"EntryPoint","urlTemplate":"https:\/\/aycastanaflamenco.com\/?s={search_term_string}"},"query-input":{"@type":"PropertyValueSpecification","valueRequired":true,"valueName":"search_term_string"}}],"inLanguage":"fr-FR"},{"@type":"Organization","@id":"https:\/\/aycastanaflamenco.com\/#organization","name":"Ay Castana Flamenco","url":"https:\/\/aycastanaflamenco.com\/","logo":{"@type":"ImageObject","inLanguage":"fr-FR","@id":"https:\/\/aycastanaflamenco.com\/#\/schema\/logo\/image\/","url":"https:\/\/aycastanaflamenco.com\/wp-content\/uploads\/2020\/04\/cropped-Logo-Playlist.png","contentUrl":"https:\/\/aycastanaflamenco.com\/wp-content\/uploads\/2020\/04\/cropped-Logo-Playlist.png","width":500,"height":176,"caption":"Ay Castana Flamenco"},"image":{"@id":"https:\/\/aycastanaflamenco.com\/#\/schema\/logo\/image\/"}}]}},"_links":{"self":[{"href":"https:\/\/aycastanaflamenco.com\/index.php\/wp-json\/wp\/v2\/pages\/65","targetHints":{"allow":["GET"]}}],"collection":[{"href":"https:\/\/aycastanaflamenco.com\/index.php\/wp-json\/wp\/v2\/pages"}],"about":[{"href":"https:\/\/aycastanaflamenco.com\/index.php\/wp-json\/wp\/v2\/types\/page"}],"author":[{"embeddable":true,"href":"https:\/\/aycastanaflamenco.com\/index.php\/wp-json\/wp\/v2\/users\/1"}],"replies":[{"embeddable":true,"href":"https:\/\/aycastanaflamenco.com\/index.php\/wp-json\/wp\/v2\/comments?post=65"}],"version-history":[{"count":12,"href":"https:\/\/aycastanaflamenco.com\/index.php\/wp-json\/wp\/v2\/pages\/65\/revisions"}],"predecessor-version":[{"id":529,"href":"https:\/\/aycastanaflamenco.com\/index.php\/wp-json\/wp\/v2\/pages\/65\/revisions\/529"}],"wp:attachment":[{"href":"https:\/\/aycastanaflamenco.com\/index.php\/wp-json\/wp\/v2\/media?parent=65"}],"curies":[{"name":"wp","href":"https:\/\/api.w.org\/{rel}","templated":true}]}}