{"id":655,"date":"2021-08-31T11:09:36","date_gmt":"2021-08-31T09:09:36","guid":{"rendered":"https:\/\/aycastanaflamenco.com\/?page_id=655"},"modified":"2022-01-18T11:44:44","modified_gmt":"2022-01-18T10:44:44","slug":"spectacle-al-lado-tuyo","status":"publish","type":"page","link":"https:\/\/aycastanaflamenco.com\/index.php\/spectacle-al-lado-tuyo\/","title":{"rendered":"Spectacle Al lado tuyo"},"content":{"rendered":"\n<hr class=\"wp-block-separator\"\/>\n\n\n\n<p>Propos\u00e9 par la Compagnie ! Ay Casta\u00f1a !, le spectacle Al lado tuyo (\u00ab A tes c\u00f4t\u00e9s \u00bb) se veut \u00eatre une r\u00e9flexion sur l\u2019importance des liens qui nous unissent, dans un contexte o\u00f9 nos relations sont boulevers\u00e9es.<\/p>\n\n\n\n<p>L\u2019id\u00e9e \u00e9merge naturellement au moment des retrouvailles artistiques tant attendues de la compagnie suite au premier confinement.<\/p>\n\n\n\n<p>Il s\u2019agit d\u2019un spectacle de flamenco traditionnel m\u00ealant danse, chant, guitare et palmas. Son caract\u00e8re \u00e0 la fois brut et po\u00e9tique repose sur une connexion sans commune mesure entre les quatre artistes qui le composent.<\/p>\n\n\n\n<p>Alors m\u00eame que l\u2019id\u00e9e de proximit\u00e9 est fragilis\u00e9e voire bannie, l\u2019espace sc\u00e9nique appara\u00eet comme un lieu essentiel de partage et d\u2019\u00e9changes, et c\u2019est \u00e0 travers un spectacle intime que les danseuses et leurs musiciens ont souhait\u00e9 signer leurs retrouvailles avec leur public.<\/p>\n\n\n\n<hr class=\"wp-block-separator\"\/>\n\n\n\n<figure class=\"wp-block-gallery columns-3 is-cropped wp-block-gallery-1 is-layout-flex wp-block-gallery-is-layout-flex\"><ul class=\"blocks-gallery-grid\"><li class=\"blocks-gallery-item\"><figure><a href=\"https:\/\/aycastanaflamenco.com\/wp-content\/uploads\/2021\/08\/IMG_E0934-scaled.jpg\"><img loading=\"lazy\" decoding=\"async\" width=\"768\" height=\"1024\" src=\"https:\/\/aycastanaflamenco.com\/wp-content\/uploads\/2021\/08\/IMG_E0934-768x1024.jpg\" alt=\"Sortie de r\u00e9sidence Al lado tuyo 2020 1\" data-id=\"658\" data-full-url=\"https:\/\/aycastanaflamenco.com\/wp-content\/uploads\/2021\/08\/IMG_E0934-scaled.jpg\" data-link=\"https:\/\/aycastanaflamenco.com\/img_e0934\/\" class=\"wp-image-658\" srcset=\"https:\/\/aycastanaflamenco.com\/wp-content\/uploads\/2021\/08\/IMG_E0934-768x1024.jpg 768w, https:\/\/aycastanaflamenco.com\/wp-content\/uploads\/2021\/08\/IMG_E0934-225x300.jpg 225w, https:\/\/aycastanaflamenco.com\/wp-content\/uploads\/2021\/08\/IMG_E0934-300x400.jpg 300w, https:\/\/aycastanaflamenco.com\/wp-content\/uploads\/2021\/08\/IMG_E0934-1152x1536.jpg 1152w, https:\/\/aycastanaflamenco.com\/wp-content\/uploads\/2021\/08\/IMG_E0934-1536x2048.jpg 1536w, https:\/\/aycastanaflamenco.com\/wp-content\/uploads\/2021\/08\/IMG_E0934-800x1067.jpg 800w, https:\/\/aycastanaflamenco.com\/wp-content\/uploads\/2021\/08\/IMG_E0934-scaled.jpg 1920w\" sizes=\"auto, (max-width: 768px) 100vw, 768px\" \/><\/a><\/figure><\/li><li class=\"blocks-gallery-item\"><figure><a href=\"https:\/\/aycastanaflamenco.com\/wp-content\/uploads\/2021\/08\/IMG_E1084-scaled.jpg\"><img loading=\"lazy\" decoding=\"async\" width=\"768\" height=\"1024\" src=\"https:\/\/aycastanaflamenco.com\/wp-content\/uploads\/2021\/08\/IMG_E1084-768x1024.jpg\" alt=\"Sortie de r\u00e9sidence Al lado tuyo 2020 4\" data-id=\"661\" data-full-url=\"https:\/\/aycastanaflamenco.com\/wp-content\/uploads\/2021\/08\/IMG_E1084-scaled.jpg\" data-link=\"https:\/\/aycastanaflamenco.com\/img_e1084\/\" class=\"wp-image-661\" srcset=\"https:\/\/aycastanaflamenco.com\/wp-content\/uploads\/2021\/08\/IMG_E1084-768x1024.jpg 768w, https:\/\/aycastanaflamenco.com\/wp-content\/uploads\/2021\/08\/IMG_E1084-225x300.jpg 225w, https:\/\/aycastanaflamenco.com\/wp-content\/uploads\/2021\/08\/IMG_E1084-300x400.jpg 300w, https:\/\/aycastanaflamenco.com\/wp-content\/uploads\/2021\/08\/IMG_E1084-1152x1536.jpg 1152w, https:\/\/aycastanaflamenco.com\/wp-content\/uploads\/2021\/08\/IMG_E1084-1536x2048.jpg 1536w, https:\/\/aycastanaflamenco.com\/wp-content\/uploads\/2021\/08\/IMG_E1084-800x1067.jpg 800w, https:\/\/aycastanaflamenco.com\/wp-content\/uploads\/2021\/08\/IMG_E1084-scaled.jpg 1920w\" sizes=\"auto, (max-width: 768px) 100vw, 768px\" \/><\/a><\/figure><\/li><li class=\"blocks-gallery-item\"><figure><a href=\"https:\/\/aycastanaflamenco.com\/wp-content\/uploads\/2021\/08\/IMG_E6925-scaled.jpg\"><img loading=\"lazy\" decoding=\"async\" width=\"1024\" height=\"768\" src=\"https:\/\/aycastanaflamenco.com\/wp-content\/uploads\/2021\/08\/IMG_E6925-1024x768.jpg\" alt=\"R\u00e9sidence Al lado tuyo 2020 5\" data-id=\"667\" data-full-url=\"https:\/\/aycastanaflamenco.com\/wp-content\/uploads\/2021\/08\/IMG_E6925-scaled.jpg\" data-link=\"https:\/\/aycastanaflamenco.com\/img_e6925\/\" class=\"wp-image-667\" srcset=\"https:\/\/aycastanaflamenco.com\/wp-content\/uploads\/2021\/08\/IMG_E6925-1024x768.jpg 1024w, https:\/\/aycastanaflamenco.com\/wp-content\/uploads\/2021\/08\/IMG_E6925-300x225.jpg 300w, https:\/\/aycastanaflamenco.com\/wp-content\/uploads\/2021\/08\/IMG_E6925-768x576.jpg 768w, https:\/\/aycastanaflamenco.com\/wp-content\/uploads\/2021\/08\/IMG_E6925-1536x1152.jpg 1536w, https:\/\/aycastanaflamenco.com\/wp-content\/uploads\/2021\/08\/IMG_E6925-2048x1536.jpg 2048w, https:\/\/aycastanaflamenco.com\/wp-content\/uploads\/2021\/08\/IMG_E6925-800x600.jpg 800w\" sizes=\"auto, (max-width: 1024px) 100vw, 1024px\" \/><\/a><\/figure><\/li><li class=\"blocks-gallery-item\"><figure><a href=\"https:\/\/aycastanaflamenco.com\/wp-content\/uploads\/2021\/08\/IMG_E1077-scaled.jpg\"><img loading=\"lazy\" decoding=\"async\" width=\"768\" height=\"1024\" src=\"https:\/\/aycastanaflamenco.com\/wp-content\/uploads\/2021\/08\/IMG_E1077-768x1024.jpg\" alt=\"Sortie de r\u00e9sidence Al lado tuyo 2020 3\" data-id=\"660\" data-full-url=\"https:\/\/aycastanaflamenco.com\/wp-content\/uploads\/2021\/08\/IMG_E1077-scaled.jpg\" data-link=\"https:\/\/aycastanaflamenco.com\/img_e1077\/\" class=\"wp-image-660\" srcset=\"https:\/\/aycastanaflamenco.com\/wp-content\/uploads\/2021\/08\/IMG_E1077-768x1024.jpg 768w, https:\/\/aycastanaflamenco.com\/wp-content\/uploads\/2021\/08\/IMG_E1077-225x300.jpg 225w, https:\/\/aycastanaflamenco.com\/wp-content\/uploads\/2021\/08\/IMG_E1077-300x400.jpg 300w, https:\/\/aycastanaflamenco.com\/wp-content\/uploads\/2021\/08\/IMG_E1077-1152x1536.jpg 1152w, https:\/\/aycastanaflamenco.com\/wp-content\/uploads\/2021\/08\/IMG_E1077-1536x2048.jpg 1536w, https:\/\/aycastanaflamenco.com\/wp-content\/uploads\/2021\/08\/IMG_E1077-800x1067.jpg 800w, https:\/\/aycastanaflamenco.com\/wp-content\/uploads\/2021\/08\/IMG_E1077-scaled.jpg 1920w\" sizes=\"auto, (max-width: 768px) 100vw, 768px\" \/><\/a><\/figure><\/li><li class=\"blocks-gallery-item\"><figure><a href=\"https:\/\/aycastanaflamenco.com\/wp-content\/uploads\/2021\/08\/IMG_E0947-scaled.jpg\"><img loading=\"lazy\" decoding=\"async\" width=\"768\" height=\"1024\" src=\"https:\/\/aycastanaflamenco.com\/wp-content\/uploads\/2021\/08\/IMG_E0947-768x1024.jpg\" alt=\"Sortie de r\u00e9sidence Al lado tuyo 2020 2\" data-id=\"659\" data-full-url=\"https:\/\/aycastanaflamenco.com\/wp-content\/uploads\/2021\/08\/IMG_E0947-scaled.jpg\" data-link=\"https:\/\/aycastanaflamenco.com\/img_e0947\/\" class=\"wp-image-659\" srcset=\"https:\/\/aycastanaflamenco.com\/wp-content\/uploads\/2021\/08\/IMG_E0947-768x1024.jpg 768w, https:\/\/aycastanaflamenco.com\/wp-content\/uploads\/2021\/08\/IMG_E0947-225x300.jpg 225w, https:\/\/aycastanaflamenco.com\/wp-content\/uploads\/2021\/08\/IMG_E0947-300x400.jpg 300w, https:\/\/aycastanaflamenco.com\/wp-content\/uploads\/2021\/08\/IMG_E0947-1152x1536.jpg 1152w, https:\/\/aycastanaflamenco.com\/wp-content\/uploads\/2021\/08\/IMG_E0947-1536x2048.jpg 1536w, https:\/\/aycastanaflamenco.com\/wp-content\/uploads\/2021\/08\/IMG_E0947-800x1067.jpg 800w, https:\/\/aycastanaflamenco.com\/wp-content\/uploads\/2021\/08\/IMG_E0947-scaled.jpg 1920w\" sizes=\"auto, (max-width: 768px) 100vw, 768px\" \/><\/a><\/figure><\/li><li class=\"blocks-gallery-item\"><figure><a href=\"https:\/\/aycastanaflamenco.com\/wp-content\/uploads\/2021\/08\/IMG_E6884-scaled.jpg\"><img loading=\"lazy\" decoding=\"async\" width=\"768\" height=\"1024\" src=\"https:\/\/aycastanaflamenco.com\/wp-content\/uploads\/2021\/08\/IMG_E6884-768x1024.jpg\" alt=\"R\u00e9sidence Al lado tuyo 2020 2\" data-id=\"664\" data-full-url=\"https:\/\/aycastanaflamenco.com\/wp-content\/uploads\/2021\/08\/IMG_E6884-scaled.jpg\" data-link=\"https:\/\/aycastanaflamenco.com\/img_e6884\/\" class=\"wp-image-664\" srcset=\"https:\/\/aycastanaflamenco.com\/wp-content\/uploads\/2021\/08\/IMG_E6884-768x1024.jpg 768w, https:\/\/aycastanaflamenco.com\/wp-content\/uploads\/2021\/08\/IMG_E6884-225x300.jpg 225w, https:\/\/aycastanaflamenco.com\/wp-content\/uploads\/2021\/08\/IMG_E6884-300x400.jpg 300w, https:\/\/aycastanaflamenco.com\/wp-content\/uploads\/2021\/08\/IMG_E6884-1152x1536.jpg 1152w, https:\/\/aycastanaflamenco.com\/wp-content\/uploads\/2021\/08\/IMG_E6884-1536x2048.jpg 1536w, https:\/\/aycastanaflamenco.com\/wp-content\/uploads\/2021\/08\/IMG_E6884-800x1067.jpg 800w, https:\/\/aycastanaflamenco.com\/wp-content\/uploads\/2021\/08\/IMG_E6884-scaled.jpg 1920w\" sizes=\"auto, (max-width: 768px) 100vw, 768px\" \/><\/a><\/figure><\/li><li class=\"blocks-gallery-item\"><figure><a href=\"https:\/\/aycastanaflamenco.com\/wp-content\/uploads\/2021\/08\/IMG_E6974-scaled.jpg\"><img loading=\"lazy\" decoding=\"async\" width=\"1024\" height=\"768\" src=\"https:\/\/aycastanaflamenco.com\/wp-content\/uploads\/2021\/08\/IMG_E6974-1024x768.jpg\" alt=\"Spectacle Al lado tuyo R\u00e9sidence 2020\" data-id=\"640\" data-full-url=\"https:\/\/aycastanaflamenco.com\/wp-content\/uploads\/2021\/08\/IMG_E6974-scaled.jpg\" data-link=\"https:\/\/aycastanaflamenco.com\/img_e6974\/\" class=\"wp-image-640\" srcset=\"https:\/\/aycastanaflamenco.com\/wp-content\/uploads\/2021\/08\/IMG_E6974-1024x768.jpg 1024w, https:\/\/aycastanaflamenco.com\/wp-content\/uploads\/2021\/08\/IMG_E6974-300x225.jpg 300w, https:\/\/aycastanaflamenco.com\/wp-content\/uploads\/2021\/08\/IMG_E6974-768x576.jpg 768w, https:\/\/aycastanaflamenco.com\/wp-content\/uploads\/2021\/08\/IMG_E6974-1536x1152.jpg 1536w, https:\/\/aycastanaflamenco.com\/wp-content\/uploads\/2021\/08\/IMG_E6974-2048x1536.jpg 2048w, https:\/\/aycastanaflamenco.com\/wp-content\/uploads\/2021\/08\/IMG_E6974-800x600.jpg 800w\" sizes=\"auto, (max-width: 1024px) 100vw, 1024px\" \/><\/a><\/figure><\/li><\/ul><\/figure>\n\n\n\n<figure class=\"wp-block-embed is-type-video is-provider-youtube wp-block-embed-youtube wp-embed-aspect-16-9 wp-has-aspect-ratio\"><div class=\"wp-block-embed__wrapper\">\n<iframe loading=\"lazy\" title=\"Cie Flamenca \u00a1 Ay Casta\u00f1a ! - &quot;Al lado tuyo&quot; Teaser 2022\" width=\"640\" height=\"360\" src=\"https:\/\/www.youtube.com\/embed\/gL0zdhyl91c?feature=oembed\" frameborder=\"0\" allow=\"accelerometer; autoplay; clipboard-write; encrypted-media; gyroscope; picture-in-picture; web-share\" referrerpolicy=\"strict-origin-when-cross-origin\" allowfullscreen><\/iframe>\n<\/div><\/figure>\n\n\n\n<div class=\"wp-block-buttons is-layout-flex wp-block-buttons-is-layout-flex\">\n<div class=\"wp-block-button is-style-outline is-style-outline--2\"><a class=\"wp-block-button__link has-text-color\" href=\"https:\/\/aycastanaflamenco.com\/index.php\/contact\/\" style=\"color:#ff5757\" target=\"_blank\" rel=\"noreferrer noopener\">Nous contacter<\/a><\/div>\n<\/div>\n","protected":false},"excerpt":{"rendered":"<p>Propos\u00e9 par la Compagnie ! Ay Casta\u00f1a !, le spectacle Al lado tuyo (\u00ab A tes c\u00f4t\u00e9s\u2026<\/p>\n","protected":false},"author":1,"featured_media":0,"parent":0,"menu_order":0,"comment_status":"closed","ping_status":"closed","template":"","meta":{"_monsterinsights_skip_tracking":false,"_monsterinsights_sitenote_active":false,"_monsterinsights_sitenote_note":"","_monsterinsights_sitenote_category":0,"footnotes":""},"class_list":["post-655","page","type-page","status-publish","hentry"],"yoast_head":"<!-- This site is optimized with the Yoast SEO plugin v25.2 - https:\/\/yoast.com\/wordpress\/plugins\/seo\/ -->\n<title>Spectacle Al lado tuyo - \u00a1 Ay Casta\u00f1a ! Flamenco<\/title>\n<meta name=\"description\" content=\"Le spectacle Al lado tuyo (\u00ab A tes c\u00f4t\u00e9s \u00bb) est une r\u00e9flexion sur l\u2019importance des liens qui nous unissent\" \/>\n<meta name=\"robots\" content=\"index, follow, max-snippet:-1, max-image-preview:large, max-video-preview:-1\" \/>\n<link rel=\"canonical\" href=\"https:\/\/aycastanaflamenco.com\/index.php\/spectacle-al-lado-tuyo\/\" \/>\n<meta property=\"og:locale\" content=\"fr_FR\" \/>\n<meta property=\"og:type\" content=\"article\" \/>\n<meta property=\"og:title\" content=\"Spectacle Al lado tuyo - \u00a1 Ay Casta\u00f1a ! Flamenco\" \/>\n<meta property=\"og:description\" content=\"Le spectacle Al lado tuyo (\u00ab A tes c\u00f4t\u00e9s \u00bb) est une r\u00e9flexion sur l\u2019importance des liens qui nous unissent\" \/>\n<meta property=\"og:url\" content=\"https:\/\/aycastanaflamenco.com\/index.php\/spectacle-al-lado-tuyo\/\" \/>\n<meta property=\"og:site_name\" content=\"\u00a1 Ay Casta\u00f1a ! Flamenco\" \/>\n<meta property=\"article:modified_time\" content=\"2022-01-18T10:44:44+00:00\" \/>\n<meta property=\"og:image\" content=\"https:\/\/aycastanaflamenco.com\/wp-content\/uploads\/2021\/08\/IMG_E0934-768x1024.jpg\" \/>\n<meta name=\"twitter:card\" content=\"summary_large_image\" \/>\n<meta name=\"twitter:label1\" content=\"Dur\u00e9e de lecture estim\u00e9e\" \/>\n\t<meta name=\"twitter:data1\" content=\"2 minutes\" \/>\n<script type=\"application\/ld+json\" class=\"yoast-schema-graph\">{\"@context\":\"https:\/\/schema.org\",\"@graph\":[{\"@type\":\"WebPage\",\"@id\":\"https:\/\/aycastanaflamenco.com\/index.php\/spectacle-al-lado-tuyo\/\",\"url\":\"https:\/\/aycastanaflamenco.com\/index.php\/spectacle-al-lado-tuyo\/\",\"name\":\"Spectacle Al lado tuyo - \u00a1 Ay Casta\u00f1a ! Flamenco\",\"isPartOf\":{\"@id\":\"https:\/\/aycastanaflamenco.com\/#website\"},\"primaryImageOfPage\":{\"@id\":\"https:\/\/aycastanaflamenco.com\/index.php\/spectacle-al-lado-tuyo\/#primaryimage\"},\"image\":{\"@id\":\"https:\/\/aycastanaflamenco.com\/index.php\/spectacle-al-lado-tuyo\/#primaryimage\"},\"thumbnailUrl\":\"https:\/\/aycastanaflamenco.com\/wp-content\/uploads\/2021\/08\/IMG_E0934-768x1024.jpg\",\"datePublished\":\"2021-08-31T09:09:36+00:00\",\"dateModified\":\"2022-01-18T10:44:44+00:00\",\"description\":\"Le spectacle Al lado tuyo (\u00ab A tes c\u00f4t\u00e9s \u00bb) est une r\u00e9flexion sur l\u2019importance des liens qui nous unissent\",\"breadcrumb\":{\"@id\":\"https:\/\/aycastanaflamenco.com\/index.php\/spectacle-al-lado-tuyo\/#breadcrumb\"},\"inLanguage\":\"fr-FR\",\"potentialAction\":[{\"@type\":\"ReadAction\",\"target\":[\"https:\/\/aycastanaflamenco.com\/index.php\/spectacle-al-lado-tuyo\/\"]}]},{\"@type\":\"ImageObject\",\"inLanguage\":\"fr-FR\",\"@id\":\"https:\/\/aycastanaflamenco.com\/index.php\/spectacle-al-lado-tuyo\/#primaryimage\",\"url\":\"https:\/\/aycastanaflamenco.com\/wp-content\/uploads\/2021\/08\/IMG_E0934-768x1024.jpg\",\"contentUrl\":\"https:\/\/aycastanaflamenco.com\/wp-content\/uploads\/2021\/08\/IMG_E0934-768x1024.jpg\"},{\"@type\":\"BreadcrumbList\",\"@id\":\"https:\/\/aycastanaflamenco.com\/index.php\/spectacle-al-lado-tuyo\/#breadcrumb\",\"itemListElement\":[{\"@type\":\"ListItem\",\"position\":1,\"name\":\"Accueil\"},{\"@type\":\"ListItem\",\"position\":2,\"name\":\"Spectacle Al lado tuyo\"}]},{\"@type\":\"WebSite\",\"@id\":\"https:\/\/aycastanaflamenco.com\/#website\",\"url\":\"https:\/\/aycastanaflamenco.com\/\",\"name\":\"\u00a1 Ay Casta\u00f1a ! Flamenco\",\"description\":\"\",\"publisher\":{\"@id\":\"https:\/\/aycastanaflamenco.com\/#organization\"},\"potentialAction\":[{\"@type\":\"SearchAction\",\"target\":{\"@type\":\"EntryPoint\",\"urlTemplate\":\"https:\/\/aycastanaflamenco.com\/?s={search_term_string}\"},\"query-input\":{\"@type\":\"PropertyValueSpecification\",\"valueRequired\":true,\"valueName\":\"search_term_string\"}}],\"inLanguage\":\"fr-FR\"},{\"@type\":\"Organization\",\"@id\":\"https:\/\/aycastanaflamenco.com\/#organization\",\"name\":\"Ay Castana Flamenco\",\"url\":\"https:\/\/aycastanaflamenco.com\/\",\"logo\":{\"@type\":\"ImageObject\",\"inLanguage\":\"fr-FR\",\"@id\":\"https:\/\/aycastanaflamenco.com\/#\/schema\/logo\/image\/\",\"url\":\"https:\/\/aycastanaflamenco.com\/wp-content\/uploads\/2020\/04\/cropped-Logo-Playlist.png\",\"contentUrl\":\"https:\/\/aycastanaflamenco.com\/wp-content\/uploads\/2020\/04\/cropped-Logo-Playlist.png\",\"width\":500,\"height\":176,\"caption\":\"Ay Castana Flamenco\"},\"image\":{\"@id\":\"https:\/\/aycastanaflamenco.com\/#\/schema\/logo\/image\/\"}}]}<\/script>\n<!-- \/ Yoast SEO plugin. -->","yoast_head_json":{"title":"Spectacle Al lado tuyo - \u00a1 Ay Casta\u00f1a ! Flamenco","description":"Le spectacle Al lado tuyo (\u00ab A tes c\u00f4t\u00e9s \u00bb) est une r\u00e9flexion sur l\u2019importance des liens qui nous unissent","robots":{"index":"index","follow":"follow","max-snippet":"max-snippet:-1","max-image-preview":"max-image-preview:large","max-video-preview":"max-video-preview:-1"},"canonical":"https:\/\/aycastanaflamenco.com\/index.php\/spectacle-al-lado-tuyo\/","og_locale":"fr_FR","og_type":"article","og_title":"Spectacle Al lado tuyo - \u00a1 Ay Casta\u00f1a ! Flamenco","og_description":"Le spectacle Al lado tuyo (\u00ab A tes c\u00f4t\u00e9s \u00bb) est une r\u00e9flexion sur l\u2019importance des liens qui nous unissent","og_url":"https:\/\/aycastanaflamenco.com\/index.php\/spectacle-al-lado-tuyo\/","og_site_name":"\u00a1 Ay Casta\u00f1a ! Flamenco","article_modified_time":"2022-01-18T10:44:44+00:00","og_image":[{"url":"https:\/\/aycastanaflamenco.com\/wp-content\/uploads\/2021\/08\/IMG_E0934-768x1024.jpg","type":"","width":"","height":""}],"twitter_card":"summary_large_image","twitter_misc":{"Dur\u00e9e de lecture estim\u00e9e":"2 minutes"},"schema":{"@context":"https:\/\/schema.org","@graph":[{"@type":"WebPage","@id":"https:\/\/aycastanaflamenco.com\/index.php\/spectacle-al-lado-tuyo\/","url":"https:\/\/aycastanaflamenco.com\/index.php\/spectacle-al-lado-tuyo\/","name":"Spectacle Al lado tuyo - \u00a1 Ay Casta\u00f1a ! Flamenco","isPartOf":{"@id":"https:\/\/aycastanaflamenco.com\/#website"},"primaryImageOfPage":{"@id":"https:\/\/aycastanaflamenco.com\/index.php\/spectacle-al-lado-tuyo\/#primaryimage"},"image":{"@id":"https:\/\/aycastanaflamenco.com\/index.php\/spectacle-al-lado-tuyo\/#primaryimage"},"thumbnailUrl":"https:\/\/aycastanaflamenco.com\/wp-content\/uploads\/2021\/08\/IMG_E0934-768x1024.jpg","datePublished":"2021-08-31T09:09:36+00:00","dateModified":"2022-01-18T10:44:44+00:00","description":"Le spectacle Al lado tuyo (\u00ab A tes c\u00f4t\u00e9s \u00bb) est une r\u00e9flexion sur l\u2019importance des liens qui nous unissent","breadcrumb":{"@id":"https:\/\/aycastanaflamenco.com\/index.php\/spectacle-al-lado-tuyo\/#breadcrumb"},"inLanguage":"fr-FR","potentialAction":[{"@type":"ReadAction","target":["https:\/\/aycastanaflamenco.com\/index.php\/spectacle-al-lado-tuyo\/"]}]},{"@type":"ImageObject","inLanguage":"fr-FR","@id":"https:\/\/aycastanaflamenco.com\/index.php\/spectacle-al-lado-tuyo\/#primaryimage","url":"https:\/\/aycastanaflamenco.com\/wp-content\/uploads\/2021\/08\/IMG_E0934-768x1024.jpg","contentUrl":"https:\/\/aycastanaflamenco.com\/wp-content\/uploads\/2021\/08\/IMG_E0934-768x1024.jpg"},{"@type":"BreadcrumbList","@id":"https:\/\/aycastanaflamenco.com\/index.php\/spectacle-al-lado-tuyo\/#breadcrumb","itemListElement":[{"@type":"ListItem","position":1,"name":"Accueil"},{"@type":"ListItem","position":2,"name":"Spectacle Al lado tuyo"}]},{"@type":"WebSite","@id":"https:\/\/aycastanaflamenco.com\/#website","url":"https:\/\/aycastanaflamenco.com\/","name":"\u00a1 Ay Casta\u00f1a ! Flamenco","description":"","publisher":{"@id":"https:\/\/aycastanaflamenco.com\/#organization"},"potentialAction":[{"@type":"SearchAction","target":{"@type":"EntryPoint","urlTemplate":"https:\/\/aycastanaflamenco.com\/?s={search_term_string}"},"query-input":{"@type":"PropertyValueSpecification","valueRequired":true,"valueName":"search_term_string"}}],"inLanguage":"fr-FR"},{"@type":"Organization","@id":"https:\/\/aycastanaflamenco.com\/#organization","name":"Ay Castana Flamenco","url":"https:\/\/aycastanaflamenco.com\/","logo":{"@type":"ImageObject","inLanguage":"fr-FR","@id":"https:\/\/aycastanaflamenco.com\/#\/schema\/logo\/image\/","url":"https:\/\/aycastanaflamenco.com\/wp-content\/uploads\/2020\/04\/cropped-Logo-Playlist.png","contentUrl":"https:\/\/aycastanaflamenco.com\/wp-content\/uploads\/2020\/04\/cropped-Logo-Playlist.png","width":500,"height":176,"caption":"Ay Castana Flamenco"},"image":{"@id":"https:\/\/aycastanaflamenco.com\/#\/schema\/logo\/image\/"}}]}},"_links":{"self":[{"href":"https:\/\/aycastanaflamenco.com\/index.php\/wp-json\/wp\/v2\/pages\/655","targetHints":{"allow":["GET"]}}],"collection":[{"href":"https:\/\/aycastanaflamenco.com\/index.php\/wp-json\/wp\/v2\/pages"}],"about":[{"href":"https:\/\/aycastanaflamenco.com\/index.php\/wp-json\/wp\/v2\/types\/page"}],"author":[{"embeddable":true,"href":"https:\/\/aycastanaflamenco.com\/index.php\/wp-json\/wp\/v2\/users\/1"}],"replies":[{"embeddable":true,"href":"https:\/\/aycastanaflamenco.com\/index.php\/wp-json\/wp\/v2\/comments?post=655"}],"version-history":[{"count":7,"href":"https:\/\/aycastanaflamenco.com\/index.php\/wp-json\/wp\/v2\/pages\/655\/revisions"}],"predecessor-version":[{"id":871,"href":"https:\/\/aycastanaflamenco.com\/index.php\/wp-json\/wp\/v2\/pages\/655\/revisions\/871"}],"wp:attachment":[{"href":"https:\/\/aycastanaflamenco.com\/index.php\/wp-json\/wp\/v2\/media?parent=655"}],"curies":[{"name":"wp","href":"https:\/\/api.w.org\/{rel}","templated":true}]}}