{"id":744,"date":"2021-08-31T11:09:36","date_gmt":"2021-08-31T09:09:36","guid":{"rendered":"https:\/\/aycastanaflamenco.com\/?page_id=655"},"modified":"2022-01-18T11:42:34","modified_gmt":"2022-01-18T10:42:34","slug":"show-al-lado-tuyo","status":"publish","type":"page","link":"https:\/\/aycastanaflamenco.com\/index.php\/es\/show-al-lado-tuyo\/","title":{"rendered":"Al lado tuyo"},"content":{"rendered":"\n<hr class=\"wp-block-separator\"\/>\n\n\n\n<p>Propuesto por la compa\u00f1\u00eda \u00a1Ay Casta\u00f1a!, el espect\u00e1culo Al lado tuyo es una reflexi\u00f3n sobre la importancia de los v\u00ednculos que nos unen, en un contexto donde nuestras relaciones se trastoca.<\/p>\n\n\n\n<p>La idea surgi\u00f3 de forma natural en el momento de la esperada reuni\u00f3n art\u00edstica de la compa\u00f1\u00eda tras el primer confinamiento.<\/p>\n\n\n\n<p>Es un espect\u00e1culo flamenco tradicional que mezcla baile, cante, guitarra y palmas. Su car\u00e1cter crudo y po\u00e9tico se basa en una conexi\u00f3n inigualable entre los cuatro artistas que la componen.<\/p>\n\n\n\n<p>A pesar de que la idea de proximidad se debilita o incluso se proh\u00edbe, el espacio esc\u00e9nicos aparece como un lugar esencial para compartir e intercambiar, y es a trav\u00e9s de un espect\u00e1culo \u00edntimo que las bailaoras y sus m\u00fasicos quisieron firmar su reencuentro con su p\u00fablico.<\/p>\n\n\n\n<hr class=\"wp-block-separator\"\/>\n\n\n\n<figure class=\"wp-block-gallery columns-3 is-cropped wp-block-gallery-1 is-layout-flex wp-block-gallery-is-layout-flex\"><ul class=\"blocks-gallery-grid\"><li class=\"blocks-gallery-item\"><figure><a href=\"https:\/\/aycastanaflamenco.com\/wp-content\/uploads\/2021\/08\/IMG_E0934-scaled.jpg\"><img loading=\"lazy\" decoding=\"async\" width=\"768\" height=\"1024\" src=\"https:\/\/aycastanaflamenco.com\/wp-content\/uploads\/2021\/08\/IMG_E0934-768x1024.jpg\" alt=\"Salida de residencia Al lado tuyo 2020 1\" data-id=\"658\" data-full-url=\"https:\/\/aycastanaflamenco.com\/wp-content\/uploads\/2021\/08\/IMG_E0934-scaled.jpg\" data-link=\"https:\/\/aycastanaflamenco.com\/img_e0934\/\" class=\"wp-image-658\" srcset=\"https:\/\/aycastanaflamenco.com\/wp-content\/uploads\/2021\/08\/IMG_E0934-768x1024.jpg 768w, https:\/\/aycastanaflamenco.com\/wp-content\/uploads\/2021\/08\/IMG_E0934-225x300.jpg 225w, https:\/\/aycastanaflamenco.com\/wp-content\/uploads\/2021\/08\/IMG_E0934-300x400.jpg 300w, https:\/\/aycastanaflamenco.com\/wp-content\/uploads\/2021\/08\/IMG_E0934-1152x1536.jpg 1152w, https:\/\/aycastanaflamenco.com\/wp-content\/uploads\/2021\/08\/IMG_E0934-1536x2048.jpg 1536w, https:\/\/aycastanaflamenco.com\/wp-content\/uploads\/2021\/08\/IMG_E0934-800x1067.jpg 800w, https:\/\/aycastanaflamenco.com\/wp-content\/uploads\/2021\/08\/IMG_E0934-scaled.jpg 1920w\" sizes=\"auto, (max-width: 768px) 100vw, 768px\" \/><\/a><\/figure><\/li><li class=\"blocks-gallery-item\"><figure><a href=\"https:\/\/aycastanaflamenco.com\/wp-content\/uploads\/2021\/08\/IMG_E1084-scaled.jpg\"><img loading=\"lazy\" decoding=\"async\" width=\"768\" height=\"1024\" src=\"https:\/\/aycastanaflamenco.com\/wp-content\/uploads\/2021\/08\/IMG_E1084-768x1024.jpg\" alt=\"Salida de residencia Al lado tuyo 2020 4\" data-id=\"661\" data-full-url=\"https:\/\/aycastanaflamenco.com\/wp-content\/uploads\/2021\/08\/IMG_E1084-scaled.jpg\" data-link=\"https:\/\/aycastanaflamenco.com\/img_e1084\/\" class=\"wp-image-661\" srcset=\"https:\/\/aycastanaflamenco.com\/wp-content\/uploads\/2021\/08\/IMG_E1084-768x1024.jpg 768w, https:\/\/aycastanaflamenco.com\/wp-content\/uploads\/2021\/08\/IMG_E1084-225x300.jpg 225w, https:\/\/aycastanaflamenco.com\/wp-content\/uploads\/2021\/08\/IMG_E1084-300x400.jpg 300w, https:\/\/aycastanaflamenco.com\/wp-content\/uploads\/2021\/08\/IMG_E1084-1152x1536.jpg 1152w, https:\/\/aycastanaflamenco.com\/wp-content\/uploads\/2021\/08\/IMG_E1084-1536x2048.jpg 1536w, https:\/\/aycastanaflamenco.com\/wp-content\/uploads\/2021\/08\/IMG_E1084-800x1067.jpg 800w, https:\/\/aycastanaflamenco.com\/wp-content\/uploads\/2021\/08\/IMG_E1084-scaled.jpg 1920w\" sizes=\"auto, (max-width: 768px) 100vw, 768px\" \/><\/a><\/figure><\/li><li class=\"blocks-gallery-item\"><figure><a href=\"https:\/\/aycastanaflamenco.com\/wp-content\/uploads\/2021\/08\/IMG_E6925-scaled.jpg\"><img loading=\"lazy\" decoding=\"async\" width=\"1024\" height=\"768\" src=\"https:\/\/aycastanaflamenco.com\/wp-content\/uploads\/2021\/08\/IMG_E6925-1024x768.jpg\" alt=\"Residencia Al lado tuyo 2020 5\" data-id=\"667\" data-full-url=\"https:\/\/aycastanaflamenco.com\/wp-content\/uploads\/2021\/08\/IMG_E6925-scaled.jpg\" data-link=\"https:\/\/aycastanaflamenco.com\/img_e6925\/\" class=\"wp-image-667\" srcset=\"https:\/\/aycastanaflamenco.com\/wp-content\/uploads\/2021\/08\/IMG_E6925-1024x768.jpg 1024w, https:\/\/aycastanaflamenco.com\/wp-content\/uploads\/2021\/08\/IMG_E6925-300x225.jpg 300w, https:\/\/aycastanaflamenco.com\/wp-content\/uploads\/2021\/08\/IMG_E6925-768x576.jpg 768w, https:\/\/aycastanaflamenco.com\/wp-content\/uploads\/2021\/08\/IMG_E6925-1536x1152.jpg 1536w, https:\/\/aycastanaflamenco.com\/wp-content\/uploads\/2021\/08\/IMG_E6925-2048x1536.jpg 2048w, https:\/\/aycastanaflamenco.com\/wp-content\/uploads\/2021\/08\/IMG_E6925-800x600.jpg 800w\" sizes=\"auto, (max-width: 1024px) 100vw, 1024px\" \/><\/a><\/figure><\/li><li class=\"blocks-gallery-item\"><figure><a href=\"https:\/\/aycastanaflamenco.com\/wp-content\/uploads\/2021\/08\/IMG_E1077-scaled.jpg\"><img loading=\"lazy\" decoding=\"async\" width=\"768\" height=\"1024\" src=\"https:\/\/aycastanaflamenco.com\/wp-content\/uploads\/2021\/08\/IMG_E1077-768x1024.jpg\" alt=\"Salida de residencia Al lado tuyo 2020 3\" data-id=\"660\" data-full-url=\"https:\/\/aycastanaflamenco.com\/wp-content\/uploads\/2021\/08\/IMG_E1077-scaled.jpg\" data-link=\"https:\/\/aycastanaflamenco.com\/img_e1077\/\" class=\"wp-image-660\" srcset=\"https:\/\/aycastanaflamenco.com\/wp-content\/uploads\/2021\/08\/IMG_E1077-768x1024.jpg 768w, https:\/\/aycastanaflamenco.com\/wp-content\/uploads\/2021\/08\/IMG_E1077-225x300.jpg 225w, https:\/\/aycastanaflamenco.com\/wp-content\/uploads\/2021\/08\/IMG_E1077-300x400.jpg 300w, https:\/\/aycastanaflamenco.com\/wp-content\/uploads\/2021\/08\/IMG_E1077-1152x1536.jpg 1152w, https:\/\/aycastanaflamenco.com\/wp-content\/uploads\/2021\/08\/IMG_E1077-1536x2048.jpg 1536w, https:\/\/aycastanaflamenco.com\/wp-content\/uploads\/2021\/08\/IMG_E1077-800x1067.jpg 800w, https:\/\/aycastanaflamenco.com\/wp-content\/uploads\/2021\/08\/IMG_E1077-scaled.jpg 1920w\" sizes=\"auto, (max-width: 768px) 100vw, 768px\" \/><\/a><\/figure><\/li><li class=\"blocks-gallery-item\"><figure><a href=\"https:\/\/aycastanaflamenco.com\/wp-content\/uploads\/2021\/08\/IMG_E0947-scaled.jpg\"><img loading=\"lazy\" decoding=\"async\" width=\"768\" height=\"1024\" src=\"https:\/\/aycastanaflamenco.com\/wp-content\/uploads\/2021\/08\/IMG_E0947-768x1024.jpg\" alt=\"Salida de residencia Al lado tuyo 2020 2\" data-id=\"659\" data-full-url=\"https:\/\/aycastanaflamenco.com\/wp-content\/uploads\/2021\/08\/IMG_E0947-scaled.jpg\" data-link=\"https:\/\/aycastanaflamenco.com\/img_e0947\/\" class=\"wp-image-659\" srcset=\"https:\/\/aycastanaflamenco.com\/wp-content\/uploads\/2021\/08\/IMG_E0947-768x1024.jpg 768w, https:\/\/aycastanaflamenco.com\/wp-content\/uploads\/2021\/08\/IMG_E0947-225x300.jpg 225w, https:\/\/aycastanaflamenco.com\/wp-content\/uploads\/2021\/08\/IMG_E0947-300x400.jpg 300w, https:\/\/aycastanaflamenco.com\/wp-content\/uploads\/2021\/08\/IMG_E0947-1152x1536.jpg 1152w, https:\/\/aycastanaflamenco.com\/wp-content\/uploads\/2021\/08\/IMG_E0947-1536x2048.jpg 1536w, https:\/\/aycastanaflamenco.com\/wp-content\/uploads\/2021\/08\/IMG_E0947-800x1067.jpg 800w, https:\/\/aycastanaflamenco.com\/wp-content\/uploads\/2021\/08\/IMG_E0947-scaled.jpg 1920w\" sizes=\"auto, (max-width: 768px) 100vw, 768px\" \/><\/a><\/figure><\/li><li class=\"blocks-gallery-item\"><figure><a href=\"https:\/\/aycastanaflamenco.com\/wp-content\/uploads\/2021\/08\/IMG_E6884-scaled.jpg\"><img loading=\"lazy\" decoding=\"async\" width=\"768\" height=\"1024\" src=\"https:\/\/aycastanaflamenco.com\/wp-content\/uploads\/2021\/08\/IMG_E6884-768x1024.jpg\" alt=\"Residencia Al lado tuyo 2020 2\" data-id=\"664\" data-full-url=\"https:\/\/aycastanaflamenco.com\/wp-content\/uploads\/2021\/08\/IMG_E6884-scaled.jpg\" data-link=\"https:\/\/aycastanaflamenco.com\/img_e6884\/\" class=\"wp-image-664\" srcset=\"https:\/\/aycastanaflamenco.com\/wp-content\/uploads\/2021\/08\/IMG_E6884-768x1024.jpg 768w, https:\/\/aycastanaflamenco.com\/wp-content\/uploads\/2021\/08\/IMG_E6884-225x300.jpg 225w, https:\/\/aycastanaflamenco.com\/wp-content\/uploads\/2021\/08\/IMG_E6884-300x400.jpg 300w, https:\/\/aycastanaflamenco.com\/wp-content\/uploads\/2021\/08\/IMG_E6884-1152x1536.jpg 1152w, https:\/\/aycastanaflamenco.com\/wp-content\/uploads\/2021\/08\/IMG_E6884-1536x2048.jpg 1536w, https:\/\/aycastanaflamenco.com\/wp-content\/uploads\/2021\/08\/IMG_E6884-800x1067.jpg 800w, https:\/\/aycastanaflamenco.com\/wp-content\/uploads\/2021\/08\/IMG_E6884-scaled.jpg 1920w\" sizes=\"auto, (max-width: 768px) 100vw, 768px\" \/><\/a><\/figure><\/li><li class=\"blocks-gallery-item\"><figure><a href=\"https:\/\/aycastanaflamenco.com\/wp-content\/uploads\/2021\/08\/IMG_E6974-scaled.jpg\"><img loading=\"lazy\" decoding=\"async\" width=\"1024\" height=\"768\" src=\"https:\/\/aycastanaflamenco.com\/wp-content\/uploads\/2021\/08\/IMG_E6974-1024x768.jpg\" alt=\"Mostrar Al lado tuyo Residence 2020\" data-id=\"640\" data-full-url=\"https:\/\/aycastanaflamenco.com\/wp-content\/uploads\/2021\/08\/IMG_E6974-scaled.jpg\" data-link=\"https:\/\/aycastanaflamenco.com\/img_e6974\/\" class=\"wp-image-640\" srcset=\"https:\/\/aycastanaflamenco.com\/wp-content\/uploads\/2021\/08\/IMG_E6974-1024x768.jpg 1024w, https:\/\/aycastanaflamenco.com\/wp-content\/uploads\/2021\/08\/IMG_E6974-300x225.jpg 300w, https:\/\/aycastanaflamenco.com\/wp-content\/uploads\/2021\/08\/IMG_E6974-768x576.jpg 768w, https:\/\/aycastanaflamenco.com\/wp-content\/uploads\/2021\/08\/IMG_E6974-1536x1152.jpg 1536w, https:\/\/aycastanaflamenco.com\/wp-content\/uploads\/2021\/08\/IMG_E6974-2048x1536.jpg 2048w, https:\/\/aycastanaflamenco.com\/wp-content\/uploads\/2021\/08\/IMG_E6974-800x600.jpg 800w\" sizes=\"auto, (max-width: 1024px) 100vw, 1024px\" \/><\/a><\/figure><\/li><\/ul><\/figure>\n\n\n\n<figure class=\"wp-block-embed is-type-video is-provider-youtube wp-block-embed-youtube wp-embed-aspect-16-9 wp-has-aspect-ratio\"><div class=\"wp-block-embed__wrapper\">\n<iframe loading=\"lazy\" title=\"Cie Flamenca \u00a1 Ay Casta\u00f1a ! - &quot;Al lado tuyo&quot; Teaser 2022\" width=\"640\" height=\"360\" src=\"https:\/\/www.youtube.com\/embed\/gL0zdhyl91c?feature=oembed\" frameborder=\"0\" allow=\"accelerometer; autoplay; clipboard-write; encrypted-media; gyroscope; picture-in-picture; web-share\" referrerpolicy=\"strict-origin-when-cross-origin\" allowfullscreen><\/iframe>\n<\/div><\/figure>\n\n\n\n<div class=\"wp-block-buttons is-content-justification-center is-layout-flex wp-block-buttons-is-layout-flex\">\n<div class=\"wp-block-button is-style-outline is-style-outline--2\"><a class=\"wp-block-button__link has-text-color\" href=\"https:\/\/aycastanaflamenco.com\/index.php\/es\/pongase-en-contacto-con\/\" style=\"color:#ff5757\" target=\"_blank\" rel=\"noreferrer noopener\">Contacta con nosotros<\/a><\/div>\n<\/div>\n","protected":false},"excerpt":{"rendered":"<p>Propuesto por la compa\u00f1\u00eda \u00a1Ay Casta\u00f1a!, el espect\u00e1culo Al lado tuyo es una reflexi\u00f3n sobre la importancia\u2026<\/p>\n","protected":false},"author":1,"featured_media":0,"parent":0,"menu_order":0,"comment_status":"closed","ping_status":"closed","template":"","meta":{"_monsterinsights_skip_tracking":false,"_monsterinsights_sitenote_active":false,"_monsterinsights_sitenote_note":"","_monsterinsights_sitenote_category":0,"footnotes":""},"class_list":["post-744","page","type-page","status-publish","hentry"],"yoast_head":"<!-- This site is optimized with the Yoast SEO plugin v25.2 - https:\/\/yoast.com\/wordpress\/plugins\/seo\/ -->\n<title>Al lado tuyo - \u00a1 Ay Casta\u00f1a ! Flamenco<\/title>\n<meta name=\"robots\" content=\"index, follow, max-snippet:-1, max-image-preview:large, max-video-preview:-1\" \/>\n<link rel=\"canonical\" href=\"https:\/\/aycastanaflamenco.com\/index.php\/es\/show-al-lado-tuyo\/\" \/>\n<meta property=\"og:locale\" content=\"fr_FR\" \/>\n<meta property=\"og:type\" content=\"article\" \/>\n<meta property=\"og:title\" content=\"Al lado tuyo - \u00a1 Ay Casta\u00f1a ! Flamenco\" \/>\n<meta property=\"og:description\" content=\"Propuesto por la compa\u00f1\u00eda \u00a1Ay Casta\u00f1a!, el espect\u00e1culo Al lado tuyo es una reflexi\u00f3n sobre la importancia\u2026\" \/>\n<meta property=\"og:url\" content=\"https:\/\/aycastanaflamenco.com\/index.php\/es\/show-al-lado-tuyo\/\" \/>\n<meta property=\"og:site_name\" content=\"\u00a1 Ay Casta\u00f1a ! Flamenco\" \/>\n<meta property=\"article:modified_time\" content=\"2022-01-18T10:42:34+00:00\" \/>\n<meta property=\"og:image\" content=\"https:\/\/aycastanaflamenco.com\/wp-content\/uploads\/2021\/08\/IMG_E0934-768x1024.jpg\" \/>\n<meta name=\"twitter:card\" content=\"summary_large_image\" \/>\n<meta name=\"twitter:label1\" content=\"Dur\u00e9e de lecture estim\u00e9e\" \/>\n\t<meta name=\"twitter:data1\" content=\"2 minutes\" \/>\n<script type=\"application\/ld+json\" class=\"yoast-schema-graph\">{\"@context\":\"https:\/\/schema.org\",\"@graph\":[{\"@type\":\"WebPage\",\"@id\":\"https:\/\/aycastanaflamenco.com\/index.php\/es\/show-al-lado-tuyo\/\",\"url\":\"https:\/\/aycastanaflamenco.com\/index.php\/es\/show-al-lado-tuyo\/\",\"name\":\"Al lado tuyo - \u00a1 Ay Casta\u00f1a ! Flamenco\",\"isPartOf\":{\"@id\":\"https:\/\/aycastanaflamenco.com\/#website\"},\"primaryImageOfPage\":{\"@id\":\"https:\/\/aycastanaflamenco.com\/index.php\/es\/show-al-lado-tuyo\/#primaryimage\"},\"image\":{\"@id\":\"https:\/\/aycastanaflamenco.com\/index.php\/es\/show-al-lado-tuyo\/#primaryimage\"},\"thumbnailUrl\":\"https:\/\/aycastanaflamenco.com\/wp-content\/uploads\/2021\/08\/IMG_E0934-768x1024.jpg\",\"datePublished\":\"2021-08-31T09:09:36+00:00\",\"dateModified\":\"2022-01-18T10:42:34+00:00\",\"breadcrumb\":{\"@id\":\"https:\/\/aycastanaflamenco.com\/index.php\/es\/show-al-lado-tuyo\/#breadcrumb\"},\"inLanguage\":\"fr-FR\",\"potentialAction\":[{\"@type\":\"ReadAction\",\"target\":[\"https:\/\/aycastanaflamenco.com\/index.php\/es\/show-al-lado-tuyo\/\"]}]},{\"@type\":\"ImageObject\",\"inLanguage\":\"fr-FR\",\"@id\":\"https:\/\/aycastanaflamenco.com\/index.php\/es\/show-al-lado-tuyo\/#primaryimage\",\"url\":\"https:\/\/aycastanaflamenco.com\/wp-content\/uploads\/2021\/08\/IMG_E0934-768x1024.jpg\",\"contentUrl\":\"https:\/\/aycastanaflamenco.com\/wp-content\/uploads\/2021\/08\/IMG_E0934-768x1024.jpg\"},{\"@type\":\"BreadcrumbList\",\"@id\":\"https:\/\/aycastanaflamenco.com\/index.php\/es\/show-al-lado-tuyo\/#breadcrumb\",\"itemListElement\":[{\"@type\":\"ListItem\",\"position\":1,\"name\":\"Accueil\"},{\"@type\":\"ListItem\",\"position\":2,\"name\":\"Al lado tuyo\"}]},{\"@type\":\"WebSite\",\"@id\":\"https:\/\/aycastanaflamenco.com\/#website\",\"url\":\"https:\/\/aycastanaflamenco.com\/\",\"name\":\"\u00a1 Ay Casta\u00f1a ! Flamenco\",\"description\":\"\",\"publisher\":{\"@id\":\"https:\/\/aycastanaflamenco.com\/#organization\"},\"potentialAction\":[{\"@type\":\"SearchAction\",\"target\":{\"@type\":\"EntryPoint\",\"urlTemplate\":\"https:\/\/aycastanaflamenco.com\/?s={search_term_string}\"},\"query-input\":{\"@type\":\"PropertyValueSpecification\",\"valueRequired\":true,\"valueName\":\"search_term_string\"}}],\"inLanguage\":\"fr-FR\"},{\"@type\":\"Organization\",\"@id\":\"https:\/\/aycastanaflamenco.com\/#organization\",\"name\":\"Ay Castana Flamenco\",\"url\":\"https:\/\/aycastanaflamenco.com\/\",\"logo\":{\"@type\":\"ImageObject\",\"inLanguage\":\"fr-FR\",\"@id\":\"https:\/\/aycastanaflamenco.com\/#\/schema\/logo\/image\/\",\"url\":\"https:\/\/aycastanaflamenco.com\/wp-content\/uploads\/2020\/04\/cropped-Logo-Playlist.png\",\"contentUrl\":\"https:\/\/aycastanaflamenco.com\/wp-content\/uploads\/2020\/04\/cropped-Logo-Playlist.png\",\"width\":500,\"height\":176,\"caption\":\"Ay Castana Flamenco\"},\"image\":{\"@id\":\"https:\/\/aycastanaflamenco.com\/#\/schema\/logo\/image\/\"}}]}<\/script>\n<!-- \/ Yoast SEO plugin. -->","yoast_head_json":{"title":"Al lado tuyo - \u00a1 Ay Casta\u00f1a ! Flamenco","robots":{"index":"index","follow":"follow","max-snippet":"max-snippet:-1","max-image-preview":"max-image-preview:large","max-video-preview":"max-video-preview:-1"},"canonical":"https:\/\/aycastanaflamenco.com\/index.php\/es\/show-al-lado-tuyo\/","og_locale":"fr_FR","og_type":"article","og_title":"Al lado tuyo - \u00a1 Ay Casta\u00f1a ! Flamenco","og_description":"Propuesto por la compa\u00f1\u00eda \u00a1Ay Casta\u00f1a!, el espect\u00e1culo Al lado tuyo es una reflexi\u00f3n sobre la importancia\u2026","og_url":"https:\/\/aycastanaflamenco.com\/index.php\/es\/show-al-lado-tuyo\/","og_site_name":"\u00a1 Ay Casta\u00f1a ! Flamenco","article_modified_time":"2022-01-18T10:42:34+00:00","og_image":[{"url":"https:\/\/aycastanaflamenco.com\/wp-content\/uploads\/2021\/08\/IMG_E0934-768x1024.jpg","type":"","width":"","height":""}],"twitter_card":"summary_large_image","twitter_misc":{"Dur\u00e9e de lecture estim\u00e9e":"2 minutes"},"schema":{"@context":"https:\/\/schema.org","@graph":[{"@type":"WebPage","@id":"https:\/\/aycastanaflamenco.com\/index.php\/es\/show-al-lado-tuyo\/","url":"https:\/\/aycastanaflamenco.com\/index.php\/es\/show-al-lado-tuyo\/","name":"Al lado tuyo - \u00a1 Ay Casta\u00f1a ! Flamenco","isPartOf":{"@id":"https:\/\/aycastanaflamenco.com\/#website"},"primaryImageOfPage":{"@id":"https:\/\/aycastanaflamenco.com\/index.php\/es\/show-al-lado-tuyo\/#primaryimage"},"image":{"@id":"https:\/\/aycastanaflamenco.com\/index.php\/es\/show-al-lado-tuyo\/#primaryimage"},"thumbnailUrl":"https:\/\/aycastanaflamenco.com\/wp-content\/uploads\/2021\/08\/IMG_E0934-768x1024.jpg","datePublished":"2021-08-31T09:09:36+00:00","dateModified":"2022-01-18T10:42:34+00:00","breadcrumb":{"@id":"https:\/\/aycastanaflamenco.com\/index.php\/es\/show-al-lado-tuyo\/#breadcrumb"},"inLanguage":"fr-FR","potentialAction":[{"@type":"ReadAction","target":["https:\/\/aycastanaflamenco.com\/index.php\/es\/show-al-lado-tuyo\/"]}]},{"@type":"ImageObject","inLanguage":"fr-FR","@id":"https:\/\/aycastanaflamenco.com\/index.php\/es\/show-al-lado-tuyo\/#primaryimage","url":"https:\/\/aycastanaflamenco.com\/wp-content\/uploads\/2021\/08\/IMG_E0934-768x1024.jpg","contentUrl":"https:\/\/aycastanaflamenco.com\/wp-content\/uploads\/2021\/08\/IMG_E0934-768x1024.jpg"},{"@type":"BreadcrumbList","@id":"https:\/\/aycastanaflamenco.com\/index.php\/es\/show-al-lado-tuyo\/#breadcrumb","itemListElement":[{"@type":"ListItem","position":1,"name":"Accueil"},{"@type":"ListItem","position":2,"name":"Al lado tuyo"}]},{"@type":"WebSite","@id":"https:\/\/aycastanaflamenco.com\/#website","url":"https:\/\/aycastanaflamenco.com\/","name":"\u00a1 Ay Casta\u00f1a ! Flamenco","description":"","publisher":{"@id":"https:\/\/aycastanaflamenco.com\/#organization"},"potentialAction":[{"@type":"SearchAction","target":{"@type":"EntryPoint","urlTemplate":"https:\/\/aycastanaflamenco.com\/?s={search_term_string}"},"query-input":{"@type":"PropertyValueSpecification","valueRequired":true,"valueName":"search_term_string"}}],"inLanguage":"fr-FR"},{"@type":"Organization","@id":"https:\/\/aycastanaflamenco.com\/#organization","name":"Ay Castana Flamenco","url":"https:\/\/aycastanaflamenco.com\/","logo":{"@type":"ImageObject","inLanguage":"fr-FR","@id":"https:\/\/aycastanaflamenco.com\/#\/schema\/logo\/image\/","url":"https:\/\/aycastanaflamenco.com\/wp-content\/uploads\/2020\/04\/cropped-Logo-Playlist.png","contentUrl":"https:\/\/aycastanaflamenco.com\/wp-content\/uploads\/2020\/04\/cropped-Logo-Playlist.png","width":500,"height":176,"caption":"Ay Castana Flamenco"},"image":{"@id":"https:\/\/aycastanaflamenco.com\/#\/schema\/logo\/image\/"}}]}},"_links":{"self":[{"href":"https:\/\/aycastanaflamenco.com\/index.php\/wp-json\/wp\/v2\/pages\/744","targetHints":{"allow":["GET"]}}],"collection":[{"href":"https:\/\/aycastanaflamenco.com\/index.php\/wp-json\/wp\/v2\/pages"}],"about":[{"href":"https:\/\/aycastanaflamenco.com\/index.php\/wp-json\/wp\/v2\/types\/page"}],"author":[{"embeddable":true,"href":"https:\/\/aycastanaflamenco.com\/index.php\/wp-json\/wp\/v2\/users\/1"}],"replies":[{"embeddable":true,"href":"https:\/\/aycastanaflamenco.com\/index.php\/wp-json\/wp\/v2\/comments?post=744"}],"version-history":[{"count":4,"href":"https:\/\/aycastanaflamenco.com\/index.php\/wp-json\/wp\/v2\/pages\/744\/revisions"}],"predecessor-version":[{"id":869,"href":"https:\/\/aycastanaflamenco.com\/index.php\/wp-json\/wp\/v2\/pages\/744\/revisions\/869"}],"wp:attachment":[{"href":"https:\/\/aycastanaflamenco.com\/index.php\/wp-json\/wp\/v2\/media?parent=744"}],"curies":[{"name":"wp","href":"https:\/\/api.w.org\/{rel}","templated":true}]}}