{"id":905,"date":"2023-04-28T16:38:08","date_gmt":"2023-04-28T14:38:08","guid":{"rendered":"https:\/\/aycastanaflamenco.com\/?page_id=905"},"modified":"2025-08-08T18:25:21","modified_gmt":"2025-08-08T16:25:21","slug":"cours-a-paris","status":"publish","type":"page","link":"https:\/\/aycastanaflamenco.com\/index.php\/cours-a-paris\/","title":{"rendered":"Cours de flamenco \u00e0 Paris"},"content":{"rendered":"\n<hr class=\"wp-block-separator has-alpha-channel-opacity\"\/>\n\n\n<div class=\"wp-block-image\">\n<figure class=\"aligncenter size-large is-resized\"><img loading=\"lazy\" decoding=\"async\" width=\"724\" height=\"1024\" src=\"https:\/\/aycastanaflamenco.com\/wp-content\/uploads\/2025\/08\/Cours-2025-2026-724x1024.png\" alt=\"\" class=\"wp-image-1052\" style=\"width:450px\" srcset=\"https:\/\/aycastanaflamenco.com\/wp-content\/uploads\/2025\/08\/Cours-2025-2026-724x1024.png 724w, https:\/\/aycastanaflamenco.com\/wp-content\/uploads\/2025\/08\/Cours-2025-2026-212x300.png 212w, https:\/\/aycastanaflamenco.com\/wp-content\/uploads\/2025\/08\/Cours-2025-2026-768x1086.png 768w, https:\/\/aycastanaflamenco.com\/wp-content\/uploads\/2025\/08\/Cours-2025-2026-1086x1536.png 1086w, https:\/\/aycastanaflamenco.com\/wp-content\/uploads\/2025\/08\/Cours-2025-2026-800x1132.png 800w, https:\/\/aycastanaflamenco.com\/wp-content\/uploads\/2025\/08\/Cours-2025-2026.png 1414w\" sizes=\"auto, (max-width: 724px) 100vw, 724px\" \/><\/figure><\/div>\n\n\n<p><\/p>\n\n\n\n<hr class=\"wp-block-separator has-text-color has-black-color has-alpha-channel-opacity has-black-background-color has-background\"\/>\n\n\n\n<p style=\"font-size:16px\">La Cie flamenca \u00a1 Ay Casta\u00f1a ! est heureuse de vous annoncer que les inscriptions pour les cours de flamenco hebdomadaires 2025-2026 sont ouvertes.<\/p>\n\n\n\n<p style=\"font-size:16px\">Deux nouveaut\u00e9s pour l&rsquo;ann\u00e9e prochaine. Tout d&rsquo;abord, les cours n&rsquo;auront plus lieu aux Studios du Legato mais au Centre Momboye dans le 20e arrondissement. Par ailleurs, un nouveau cours \u00ab\u00a0d\u00e9butant 2\u00a0\u00bb (ouvert aux personnes ayant au moins 1 an de pratique) aura lieu le jeudi de 18h30 \u00e0 20h.<\/p>\n\n\n\n<p style=\"font-size:16px\">Les cours sont dispens\u00e9s par la danseuse et professeure Emilie Pathenay et sont organis\u00e9s en deux temps : un travail technique ax\u00e9 sur le corps (bras, mains, tours&#8230;) et le rythme (compas et zapateado), et l&rsquo;apprentissage d&rsquo;une chor\u00e9graphie sur un \u00ab\u00a0palo\u00a0\u00bb (style).<\/p>\n\n\n\n<h2 class=\"wp-block-heading has-vivid-red-color has-text-color has-link-color has-medium-font-size wp-elements-210625a3281df2a670d2ccbb509b3b59\"><strong><span style=\"text-decoration: underline;\">LIEU<\/span> :<\/strong><\/h2>\n\n\n\n<p style=\"font-size:16px\"><strong>Centre Momboye<\/strong>, 25 rue Boyer &#8211; 75020 Paris<\/p>\n\n\n\n<h2 class=\"wp-block-heading has-vivid-red-color has-text-color has-link-color has-medium-font-size wp-elements-cb50509ec6d2a41d4b96b694aa386550\"><strong><span style=\"text-decoration: underline;\">HORAIRES<\/span> :<\/strong><\/h2>\n\n\n\n<p style=\"font-size:16px\"><strong>LUNDI :<\/strong><br><strong>&#8211; de 18h \u00e0 19h : D\u00e9butant 1 (d\u00e9couverte du flamenco)<\/strong><br><strong>&#8211; de 19h \u00e0 20h30 : Interm\u00e9diaire 2 (minimum 5 ans de flamenco)<\/strong><br><strong>&#8211; de 20h30 \u00e0 22h : Interm\u00e9diaire 1 (minimum 3 ans de flamenco)<\/strong><\/p>\n\n\n\n<p style=\"font-size:16px\"><strong>JEUDI :<\/strong><br><strong>&#8211; de 18h30 \u00e0 20h : D\u00e9butant 2 (de 1 \u00e0 3 ans de flamenco)<\/strong><\/p>\n\n\n\n<h2 class=\"wp-block-heading has-vivid-red-color has-text-color has-link-color has-medium-font-size wp-elements-0e289f4b5a6f02b112f5f477c5c36d63\"><strong><span style=\"text-decoration: underline;\">TARIFS<\/span> :<\/strong><\/h2>\n\n\n\n<p style=\"font-size:16px\"><strong>1. Adh\u00e9sion annuelle<\/strong>&nbsp;\u00e0 l&rsquo;association \u00a1 Ay Casta\u00f1a ! :&nbsp;<strong>20\u20ac&nbsp;<\/strong>(obligatoire, elle vous donne acc\u00e8s \u00e0 nos stages et spectacles \u00e0 tarif r\u00e9duit)<\/p>\n\n\n\n<p style=\"font-size:16px\"><strong>2. Abonnement trimestriel<\/strong> :<br><span style=\"text-decoration: underline;\">Cours d&rsquo;1h par semaine<\/span> :<br>1er trimestre (12 cours) : <strong>156\u20ac<\/strong><br>2e et 3e trimestres (11 cours) : <strong>143\u20ac<\/strong><br><br><span style=\"text-decoration: underline;\">Cours d&rsquo;1h30 par semaine<\/span> :<br>1er trimestres (12 cours) : <strong>228\u20ac<\/strong><br>2e et 2e trimestres (11 cours) : <strong>209\u20ac<\/strong><\/p>\n\n\n\n<p style=\"font-size:16px\"><strong>3. Abonnement annuel<\/strong> (abattement de 10%) :<br><span style=\"text-decoration: underline;\">Cours d&rsquo;1h par semaine<\/span> (34 cours) : <strong>396\u20ac <\/strong>(3 pr\u00e9l\u00e8vements ou ch\u00e8ques de 132\u20ac)<br><span style=\"text-decoration: underline;\">Cours d&rsquo;1h30 par semaine<\/span> (34 cours) : <strong>582\u20ac <\/strong>(3 pr\u00e9l\u00e8vements ou ch\u00e8ques de 194\u20ac)<\/p>\n\n\n\n<p style=\"font-size:16px\"><strong>Cours d&rsquo;essai<\/strong> (d\u00e9duit d&rsquo;un \u00e9ventuel abonnement par la suite) :<br><span style=\"text-decoration: underline;\">Cours d&rsquo;1h par semaine<\/span> : <strong>13\u20ac<\/strong><br><span style=\"text-decoration: underline;\">Cours d&rsquo;1h30 par semaine<\/span> : <strong>19\u20ac<\/strong><\/p>\n\n\n\n<p style=\"font-size:16px\">L&rsquo;ann\u00e9e comptera 34 cours en tout, du 15 septembre 2024 au 2 juillet 2025 inclus.<\/p>\n\n\n\n<p style=\"font-size:16px\">L&rsquo;inscription aux cours \u00e0 l&rsquo;ann\u00e9e est soumise au paiement du 1er trimestre (ou 1\u00e8re \u00e9ch\u00e9ance annuelle) ainsi qu&rsquo;\u00e0 l&rsquo;adh\u00e9sion \u00e0 l&rsquo;association (valable du 1er septembre 2025 au 31 ao\u00fbt 2026).<\/p>\n\n\n\n<h2 class=\"wp-block-heading has-vivid-red-color has-text-color has-link-color has-medium-font-size wp-elements-afb246c9e904bc6e49a01cae4c70fb05\"><strong><span style=\"text-decoration: underline;\">LIENS INSCRIPTIONS<\/span> :<\/strong><\/h2>\n\n\n\n<p style=\"font-size:16px\"><strong>Abonnement trimestriel et cours d&rsquo;essai :<\/strong> <a href=\"https:\/\/www.helloasso.com\/associations\/cie-flamenca-ay-castana\/evenements\/cours-de-flamenco-2025-2026\"><span style=\"text-decoration: underline;\">https:\/\/www.helloasso.com\/associations\/cie-flamenca-ay-castana\/evenements\/cours-de-flamenco-2025-2026<\/span><\/a><\/p>\n\n\n\n<p style=\"font-size:16px\"><strong>Abonnement annuel :<\/strong> <a href=\"https:\/\/www.helloasso.com\/associations\/cie-flamenca-ay-castana\/adhesions\/cours-du-lundi-soir\">http<span style=\"text-decoration: underline;\">s:\/\/www.helloasso.com\/associations\/cie-flamenca-ay-castana\/adhesions\/abonnement-annuel-2025-2026<\/span><\/a><\/p>\n\n\n\n<p style=\"font-size:16px\"><strong>Adh\u00e9sion :<\/strong> <span style=\"text-decoration: underline;\"><a href=\"https:\/\/www.helloasso.com\/associations\/cie-flamenca-ay-castana\/adhesions\/adhesion-2025-2026\">https:\/\/www.helloasso.com\/associations\/cie-flamenca-ay-castana\/adhesions\/adhesion-2025-2026<\/a><\/span><\/p>\n\n\n\n<p class=\"has-black-color has-text-color\" style=\"font-size:16px\">Pour plus d&rsquo;informations sur nos cours de flamenco, n&rsquo;h\u00e9sitez pas \u00e0 nous \u00e9crire \u00e0 aycastana.flamenco@gmail.com ou \u00e0 nous appeler au 07.79 29.93.62 !<\/p>\n\n\n\n<hr class=\"wp-block-separator has-text-color has-black-color has-alpha-channel-opacity has-black-background-color has-background\"\/>\n\n\n\n<figure class=\"wp-block-embed is-type-video is-provider-youtube wp-block-embed-youtube wp-embed-aspect-16-9 wp-has-aspect-ratio\"><div class=\"wp-block-embed__wrapper\">\n<iframe loading=\"lazy\" title=\"Cours de flamenco avec Emilia la Clarita\" width=\"640\" height=\"360\" src=\"https:\/\/www.youtube.com\/embed\/sGxnetQl8-A?feature=oembed\" frameborder=\"0\" allow=\"accelerometer; autoplay; clipboard-write; encrypted-media; gyroscope; picture-in-picture; web-share\" referrerpolicy=\"strict-origin-when-cross-origin\" allowfullscreen><\/iframe>\n<\/div><\/figure>\n\n\n\n<hr class=\"wp-block-separator has-alpha-channel-opacity\"\/>\n\n\n\n<div class=\"wp-block-buttons is-layout-flex wp-block-buttons-is-layout-flex\">\n<div class=\"wp-block-button aligncenter is-style-outline is-style-outline--1\"><a class=\"wp-block-button__link has-white-background-color has-text-color has-background wp-element-button\" style=\"color:#ff5757\"><strong>\u00c9crivez-nous pour toute demande d&rsquo;information sur nos cours et nos stages<\/strong><\/a><\/div>\n<\/div>\n","protected":false},"excerpt":{"rendered":"<p>La Cie flamenca \u00a1 Ay Casta\u00f1a ! est heureuse de vous annoncer que les inscriptions pour les\u2026<\/p>\n","protected":false},"author":1,"featured_media":0,"parent":0,"menu_order":0,"comment_status":"closed","ping_status":"closed","template":"","meta":{"_monsterinsights_skip_tracking":false,"_monsterinsights_sitenote_active":false,"_monsterinsights_sitenote_note":"","_monsterinsights_sitenote_category":0,"footnotes":""},"class_list":["post-905","page","type-page","status-publish","hentry"],"yoast_head":"<!-- This site is optimized with the Yoast SEO plugin v25.2 - https:\/\/yoast.com\/wordpress\/plugins\/seo\/ -->\n<title>Cours de flamenco \u00e0 Paris - \u00a1 Ay Casta\u00f1a ! Flamenco<\/title>\n<meta name=\"description\" content=\"Cours et stages de flamenco \u00e0 Paris. Venez d\u00e9couvrir cette danse ou perfectionner votre pratique avec les danseuses de la compagnie !\" \/>\n<meta name=\"robots\" content=\"index, follow, max-snippet:-1, max-image-preview:large, max-video-preview:-1\" \/>\n<link rel=\"canonical\" href=\"https:\/\/aycastanaflamenco.com\/index.php\/cours-a-paris\/\" \/>\n<meta property=\"og:locale\" content=\"fr_FR\" \/>\n<meta property=\"og:type\" content=\"article\" \/>\n<meta property=\"og:title\" content=\"Cours de flamenco \u00e0 Paris - \u00a1 Ay Casta\u00f1a ! Flamenco\" \/>\n<meta property=\"og:description\" content=\"Cours et stages de flamenco \u00e0 Paris. Venez d\u00e9couvrir cette danse ou perfectionner votre pratique avec les danseuses de la compagnie !\" \/>\n<meta property=\"og:url\" content=\"https:\/\/aycastanaflamenco.com\/index.php\/cours-a-paris\/\" \/>\n<meta property=\"og:site_name\" content=\"\u00a1 Ay Casta\u00f1a ! Flamenco\" \/>\n<meta property=\"article:modified_time\" content=\"2025-08-08T16:25:21+00:00\" \/>\n<meta property=\"og:image\" content=\"https:\/\/aycastanaflamenco.com\/wp-content\/uploads\/2025\/08\/Cours-2025-2026-724x1024.png\" \/>\n\t<meta property=\"og:image:width\" content=\"724\" \/>\n\t<meta property=\"og:image:height\" content=\"1024\" \/>\n\t<meta property=\"og:image:type\" content=\"image\/png\" \/>\n<meta name=\"twitter:card\" content=\"summary_large_image\" \/>\n<meta name=\"twitter:label1\" content=\"Dur\u00e9e de lecture estim\u00e9e\" \/>\n\t<meta name=\"twitter:data1\" content=\"3 minutes\" \/>\n<script type=\"application\/ld+json\" class=\"yoast-schema-graph\">{\"@context\":\"https:\/\/schema.org\",\"@graph\":[{\"@type\":\"WebPage\",\"@id\":\"https:\/\/aycastanaflamenco.com\/index.php\/cours-a-paris\/\",\"url\":\"https:\/\/aycastanaflamenco.com\/index.php\/cours-a-paris\/\",\"name\":\"Cours de flamenco \u00e0 Paris - \u00a1 Ay Casta\u00f1a ! Flamenco\",\"isPartOf\":{\"@id\":\"https:\/\/aycastanaflamenco.com\/#website\"},\"primaryImageOfPage\":{\"@id\":\"https:\/\/aycastanaflamenco.com\/index.php\/cours-a-paris\/#primaryimage\"},\"image\":{\"@id\":\"https:\/\/aycastanaflamenco.com\/index.php\/cours-a-paris\/#primaryimage\"},\"thumbnailUrl\":\"https:\/\/aycastanaflamenco.com\/wp-content\/uploads\/2025\/08\/Cours-2025-2026-724x1024.png\",\"datePublished\":\"2023-04-28T14:38:08+00:00\",\"dateModified\":\"2025-08-08T16:25:21+00:00\",\"description\":\"Cours et stages de flamenco \u00e0 Paris. Venez d\u00e9couvrir cette danse ou perfectionner votre pratique avec les danseuses de la compagnie !\",\"breadcrumb\":{\"@id\":\"https:\/\/aycastanaflamenco.com\/index.php\/cours-a-paris\/#breadcrumb\"},\"inLanguage\":\"fr-FR\",\"potentialAction\":[{\"@type\":\"ReadAction\",\"target\":[\"https:\/\/aycastanaflamenco.com\/index.php\/cours-a-paris\/\"]}]},{\"@type\":\"ImageObject\",\"inLanguage\":\"fr-FR\",\"@id\":\"https:\/\/aycastanaflamenco.com\/index.php\/cours-a-paris\/#primaryimage\",\"url\":\"https:\/\/aycastanaflamenco.com\/wp-content\/uploads\/2025\/08\/Cours-2025-2026.png\",\"contentUrl\":\"https:\/\/aycastanaflamenco.com\/wp-content\/uploads\/2025\/08\/Cours-2025-2026.png\",\"width\":1414,\"height\":2000},{\"@type\":\"BreadcrumbList\",\"@id\":\"https:\/\/aycastanaflamenco.com\/index.php\/cours-a-paris\/#breadcrumb\",\"itemListElement\":[{\"@type\":\"ListItem\",\"position\":1,\"name\":\"Accueil\"},{\"@type\":\"ListItem\",\"position\":2,\"name\":\"Cours de flamenco \u00e0 Paris\"}]},{\"@type\":\"WebSite\",\"@id\":\"https:\/\/aycastanaflamenco.com\/#website\",\"url\":\"https:\/\/aycastanaflamenco.com\/\",\"name\":\"\u00a1 Ay Casta\u00f1a ! Flamenco\",\"description\":\"\",\"publisher\":{\"@id\":\"https:\/\/aycastanaflamenco.com\/#organization\"},\"potentialAction\":[{\"@type\":\"SearchAction\",\"target\":{\"@type\":\"EntryPoint\",\"urlTemplate\":\"https:\/\/aycastanaflamenco.com\/?s={search_term_string}\"},\"query-input\":{\"@type\":\"PropertyValueSpecification\",\"valueRequired\":true,\"valueName\":\"search_term_string\"}}],\"inLanguage\":\"fr-FR\"},{\"@type\":\"Organization\",\"@id\":\"https:\/\/aycastanaflamenco.com\/#organization\",\"name\":\"Ay Castana Flamenco\",\"url\":\"https:\/\/aycastanaflamenco.com\/\",\"logo\":{\"@type\":\"ImageObject\",\"inLanguage\":\"fr-FR\",\"@id\":\"https:\/\/aycastanaflamenco.com\/#\/schema\/logo\/image\/\",\"url\":\"https:\/\/aycastanaflamenco.com\/wp-content\/uploads\/2020\/04\/cropped-Logo-Playlist.png\",\"contentUrl\":\"https:\/\/aycastanaflamenco.com\/wp-content\/uploads\/2020\/04\/cropped-Logo-Playlist.png\",\"width\":500,\"height\":176,\"caption\":\"Ay Castana Flamenco\"},\"image\":{\"@id\":\"https:\/\/aycastanaflamenco.com\/#\/schema\/logo\/image\/\"}}]}<\/script>\n<!-- \/ Yoast SEO plugin. -->","yoast_head_json":{"title":"Cours de flamenco \u00e0 Paris - \u00a1 Ay Casta\u00f1a ! Flamenco","description":"Cours et stages de flamenco \u00e0 Paris. Venez d\u00e9couvrir cette danse ou perfectionner votre pratique avec les danseuses de la compagnie !","robots":{"index":"index","follow":"follow","max-snippet":"max-snippet:-1","max-image-preview":"max-image-preview:large","max-video-preview":"max-video-preview:-1"},"canonical":"https:\/\/aycastanaflamenco.com\/index.php\/cours-a-paris\/","og_locale":"fr_FR","og_type":"article","og_title":"Cours de flamenco \u00e0 Paris - \u00a1 Ay Casta\u00f1a ! Flamenco","og_description":"Cours et stages de flamenco \u00e0 Paris. Venez d\u00e9couvrir cette danse ou perfectionner votre pratique avec les danseuses de la compagnie !","og_url":"https:\/\/aycastanaflamenco.com\/index.php\/cours-a-paris\/","og_site_name":"\u00a1 Ay Casta\u00f1a ! Flamenco","article_modified_time":"2025-08-08T16:25:21+00:00","og_image":[{"width":724,"height":1024,"url":"https:\/\/aycastanaflamenco.com\/wp-content\/uploads\/2025\/08\/Cours-2025-2026-724x1024.png","type":"image\/png"}],"twitter_card":"summary_large_image","twitter_misc":{"Dur\u00e9e de lecture estim\u00e9e":"3 minutes"},"schema":{"@context":"https:\/\/schema.org","@graph":[{"@type":"WebPage","@id":"https:\/\/aycastanaflamenco.com\/index.php\/cours-a-paris\/","url":"https:\/\/aycastanaflamenco.com\/index.php\/cours-a-paris\/","name":"Cours de flamenco \u00e0 Paris - \u00a1 Ay Casta\u00f1a ! Flamenco","isPartOf":{"@id":"https:\/\/aycastanaflamenco.com\/#website"},"primaryImageOfPage":{"@id":"https:\/\/aycastanaflamenco.com\/index.php\/cours-a-paris\/#primaryimage"},"image":{"@id":"https:\/\/aycastanaflamenco.com\/index.php\/cours-a-paris\/#primaryimage"},"thumbnailUrl":"https:\/\/aycastanaflamenco.com\/wp-content\/uploads\/2025\/08\/Cours-2025-2026-724x1024.png","datePublished":"2023-04-28T14:38:08+00:00","dateModified":"2025-08-08T16:25:21+00:00","description":"Cours et stages de flamenco \u00e0 Paris. Venez d\u00e9couvrir cette danse ou perfectionner votre pratique avec les danseuses de la compagnie !","breadcrumb":{"@id":"https:\/\/aycastanaflamenco.com\/index.php\/cours-a-paris\/#breadcrumb"},"inLanguage":"fr-FR","potentialAction":[{"@type":"ReadAction","target":["https:\/\/aycastanaflamenco.com\/index.php\/cours-a-paris\/"]}]},{"@type":"ImageObject","inLanguage":"fr-FR","@id":"https:\/\/aycastanaflamenco.com\/index.php\/cours-a-paris\/#primaryimage","url":"https:\/\/aycastanaflamenco.com\/wp-content\/uploads\/2025\/08\/Cours-2025-2026.png","contentUrl":"https:\/\/aycastanaflamenco.com\/wp-content\/uploads\/2025\/08\/Cours-2025-2026.png","width":1414,"height":2000},{"@type":"BreadcrumbList","@id":"https:\/\/aycastanaflamenco.com\/index.php\/cours-a-paris\/#breadcrumb","itemListElement":[{"@type":"ListItem","position":1,"name":"Accueil"},{"@type":"ListItem","position":2,"name":"Cours de flamenco \u00e0 Paris"}]},{"@type":"WebSite","@id":"https:\/\/aycastanaflamenco.com\/#website","url":"https:\/\/aycastanaflamenco.com\/","name":"\u00a1 Ay Casta\u00f1a ! Flamenco","description":"","publisher":{"@id":"https:\/\/aycastanaflamenco.com\/#organization"},"potentialAction":[{"@type":"SearchAction","target":{"@type":"EntryPoint","urlTemplate":"https:\/\/aycastanaflamenco.com\/?s={search_term_string}"},"query-input":{"@type":"PropertyValueSpecification","valueRequired":true,"valueName":"search_term_string"}}],"inLanguage":"fr-FR"},{"@type":"Organization","@id":"https:\/\/aycastanaflamenco.com\/#organization","name":"Ay Castana Flamenco","url":"https:\/\/aycastanaflamenco.com\/","logo":{"@type":"ImageObject","inLanguage":"fr-FR","@id":"https:\/\/aycastanaflamenco.com\/#\/schema\/logo\/image\/","url":"https:\/\/aycastanaflamenco.com\/wp-content\/uploads\/2020\/04\/cropped-Logo-Playlist.png","contentUrl":"https:\/\/aycastanaflamenco.com\/wp-content\/uploads\/2020\/04\/cropped-Logo-Playlist.png","width":500,"height":176,"caption":"Ay Castana Flamenco"},"image":{"@id":"https:\/\/aycastanaflamenco.com\/#\/schema\/logo\/image\/"}}]}},"_links":{"self":[{"href":"https:\/\/aycastanaflamenco.com\/index.php\/wp-json\/wp\/v2\/pages\/905","targetHints":{"allow":["GET"]}}],"collection":[{"href":"https:\/\/aycastanaflamenco.com\/index.php\/wp-json\/wp\/v2\/pages"}],"about":[{"href":"https:\/\/aycastanaflamenco.com\/index.php\/wp-json\/wp\/v2\/types\/page"}],"author":[{"embeddable":true,"href":"https:\/\/aycastanaflamenco.com\/index.php\/wp-json\/wp\/v2\/users\/1"}],"replies":[{"embeddable":true,"href":"https:\/\/aycastanaflamenco.com\/index.php\/wp-json\/wp\/v2\/comments?post=905"}],"version-history":[{"count":73,"href":"https:\/\/aycastanaflamenco.com\/index.php\/wp-json\/wp\/v2\/pages\/905\/revisions"}],"predecessor-version":[{"id":1109,"href":"https:\/\/aycastanaflamenco.com\/index.php\/wp-json\/wp\/v2\/pages\/905\/revisions\/1109"}],"wp:attachment":[{"href":"https:\/\/aycastanaflamenco.com\/index.php\/wp-json\/wp\/v2\/media?parent=905"}],"curies":[{"name":"wp","href":"https:\/\/api.w.org\/{rel}","templated":true}]}}