{"id":982,"date":"2023-08-30T13:47:29","date_gmt":"2023-08-30T11:47:29","guid":{"rendered":"https:\/\/aycastanaflamenco.com\/?page_id=982"},"modified":"2023-08-30T14:27:34","modified_gmt":"2023-08-30T12:27:34","slug":"cours-en-ligne","status":"publish","type":"page","link":"https:\/\/aycastanaflamenco.com\/index.php\/cours-en-ligne\/","title":{"rendered":"Cours en ligne"},"content":{"rendered":"\n<hr class=\"wp-block-separator has-alpha-channel-opacity\"\/>\n\n\n<div class=\"wp-block-image\">\n<figure class=\"aligncenter size-large is-resized\"><img loading=\"lazy\" decoding=\"async\" src=\"https:\/\/aycastanaflamenco.com\/wp-content\/uploads\/2023\/08\/FLAMENCO-en-ligne-724x1024.png\" alt=\"\" class=\"wp-image-970\" width=\"362\" height=\"512\" srcset=\"https:\/\/aycastanaflamenco.com\/wp-content\/uploads\/2023\/08\/FLAMENCO-en-ligne-724x1024.png 724w, https:\/\/aycastanaflamenco.com\/wp-content\/uploads\/2023\/08\/FLAMENCO-en-ligne-212x300.png 212w, https:\/\/aycastanaflamenco.com\/wp-content\/uploads\/2023\/08\/FLAMENCO-en-ligne-768x1086.png 768w, https:\/\/aycastanaflamenco.com\/wp-content\/uploads\/2023\/08\/FLAMENCO-en-ligne-1086x1536.png 1086w, https:\/\/aycastanaflamenco.com\/wp-content\/uploads\/2023\/08\/FLAMENCO-en-ligne-1448x2048.png 1448w, https:\/\/aycastanaflamenco.com\/wp-content\/uploads\/2023\/08\/FLAMENCO-en-ligne-800x1132.png 800w, https:\/\/aycastanaflamenco.com\/wp-content\/uploads\/2023\/08\/FLAMENCO-en-ligne.png 1587w\" sizes=\"auto, (max-width: 362px) 100vw, 362px\" \/><figcaption class=\"wp-element-caption\">Cours avec la danseuse Ad\u00e8le Brugidou<\/figcaption><\/figure><\/div>\n\n\n<hr class=\"wp-block-separator has-alpha-channel-opacity\"\/>\n\n\n\n<p style=\"font-size:16px\">La Cie Flamenca \u00a1 Ay Casta\u00f1a ! proposera&nbsp;<strong>un atelier en ligne<\/strong>&nbsp;tous les&nbsp;<strong>mercredis de 19h45 \u00e0 20h45<\/strong>&nbsp;\u00e0 partir du&nbsp;<strong>20 septembre 2023,&nbsp;<\/strong>anim\u00e9 par la danseuse et professeure Ad\u00e8le Brugidou.<\/p>\n\n\n\n<p style=\"font-size:16px\">Cet atelier est ouvert \u00e0 toutes et tous et se focalise sur les styles festifs du flamenco tels que le tango et la buler\u00eda. Il permettra d&rsquo;appr\u00e9hender le flamenco sous un angle ludique tout en respectant les codes de cet art traditionnel (lien entre la danse, le chant, la guitare et les palmas).&nbsp;<\/p>\n\n\n\n<p style=\"font-size:16px\">Chaque atelier sera organis\u00e9 en deux temps :<\/p>\n\n\n\n<p style=\"font-size:16px\">&#8211; un bref \u00e9chauffement g\u00e9n\u00e9ral et un travail technique (bras, mains, pieds, marquages)<\/p>\n\n\n\n<p style=\"font-size:16px\">&#8211; l&rsquo;\u00e9tude d&rsquo;une \u00ab\u00a0pataita\u00a0\u00bb por buler\u00eda ou por tango<\/p>\n\n\n\n<p class=\"has-text-color\" style=\"color:#ff5757;font-size:16px\"><span style=\"text-decoration: underline;\"><strong><u>LIEU<\/u><\/strong> :<\/span><\/p>\n\n\n\n<p style=\"font-size:16px\">Via la plateforme&nbsp;<strong>Zoom<\/strong>&nbsp;: \u00e1 t\u00e9l\u00e9charger gratuitement via ce lien&nbsp;<a href=\"https:\/\/zoom.us\/fr\/download\" rel=\"noreferrer noopener\" target=\"_blank\">https:\/\/zoom.us\/fr\/download<\/a><\/p>\n\n\n\n<p class=\"has-text-color\" style=\"color:#ff5757;font-size:16px\"><span style=\"text-decoration: underline;\"><strong><u>HORAIRE<\/u><\/strong> :<\/span><\/p>\n\n\n\n<p style=\"font-size:16px\">Le mercredi de 19h45 \u00e0 20h45<\/p>\n\n\n\n<p style=\"font-size:16px\">\u00c0 partir du 20 septembre 2023<\/p>\n\n\n\n<p style=\"font-size:16px\">Tous niveaux<\/p>\n\n\n\n<p class=\"has-text-color\" style=\"color:#ff5757;font-size:16px\"><span style=\"text-decoration: underline;\"><strong><u>TARIF<\/u><\/strong> :<\/span><\/p>\n\n\n\n<p style=\"font-size:16px\">&#8211; Adh\u00e9sion annuelle \u00e0 l&rsquo;association \u00a1 Ay Casta\u00f1a ! :&nbsp;<strong>15\u20ac&nbsp;<\/strong>(obligatoire, elle vous donne acc\u00e8s \u00e0 nos stages et spectacles \u00e0 tarif r\u00e9duit)&nbsp;<\/p>\n\n\n\n<p style=\"font-size:16px\"><a href=\"https:\/\/www.helloasso.com\/associations\/cie-flamenca-ay-castana\/adhesions\/adhesion-compagnie-flamenca-ay-castana\">https:\/\/www.helloasso.com\/associations\/cie-flamenca-ay-castana\/adhesions\/adhesion-compagnie-flamenca-ay-castana<\/a><\/p>\n\n\n\n<p style=\"font-size:16px\">&#8211; Cours \u00e0 l&rsquo;unit\u00e9 :&nbsp;<strong>12\u20ac&nbsp;&nbsp;<\/strong><\/p>\n\n\n\n<p style=\"font-size:16px\"><a href=\"https:\/\/www.helloasso.com\/associations\/cie-flamenca-ay-castana\/evenements\/cours-de-baile-flamenco-online?\">https:\/\/www.helloasso.com\/associations\/cie-flamenca-ay-castana\/evenements\/cours-de-baile-flamenco-online?<\/a><\/p>\n\n\n\n<hr class=\"wp-block-separator has-alpha-channel-opacity\"\/>\n\n\n\n<div class=\"wp-block-buttons is-layout-flex wp-block-buttons-is-layout-flex\">\n<div class=\"wp-block-button aligncenter is-style-outline is-style-outline--1\"><a class=\"wp-block-button__link has-white-background-color has-text-color has-background wp-element-button\" style=\"color:#ff5757\"><strong>\u00c9crivez-nous pour toute demande d&rsquo;information sur nos cours et nos stages<\/strong><\/a><\/div>\n<\/div>\n","protected":false},"excerpt":{"rendered":"<p>La Cie Flamenca \u00a1 Ay Casta\u00f1a ! proposera&nbsp;un atelier en ligne&nbsp;tous les&nbsp;mercredis de 19h45 \u00e0 20h45&nbsp;\u00e0 partir\u2026<\/p>\n","protected":false},"author":1,"featured_media":0,"parent":0,"menu_order":0,"comment_status":"closed","ping_status":"closed","template":"","meta":{"_monsterinsights_skip_tracking":false,"_monsterinsights_sitenote_active":false,"_monsterinsights_sitenote_note":"","_monsterinsights_sitenote_category":0,"footnotes":""},"class_list":["post-982","page","type-page","status-publish","hentry"],"yoast_head":"<!-- This site is optimized with the Yoast SEO plugin v25.2 - https:\/\/yoast.com\/wordpress\/plugins\/seo\/ -->\n<title>Cours en ligne - \u00a1 Ay Casta\u00f1a ! Flamenco<\/title>\n<meta name=\"robots\" content=\"index, follow, max-snippet:-1, max-image-preview:large, max-video-preview:-1\" \/>\n<link rel=\"canonical\" href=\"https:\/\/aycastanaflamenco.com\/index.php\/cours-en-ligne\/\" \/>\n<meta property=\"og:locale\" content=\"fr_FR\" \/>\n<meta property=\"og:type\" content=\"article\" \/>\n<meta property=\"og:title\" content=\"Cours en ligne - \u00a1 Ay Casta\u00f1a ! Flamenco\" \/>\n<meta property=\"og:description\" content=\"La Cie Flamenca \u00a1 Ay Casta\u00f1a ! proposera&nbsp;un atelier en ligne&nbsp;tous les&nbsp;mercredis de 19h45 \u00e0 20h45&nbsp;\u00e0 partir\u2026\" \/>\n<meta property=\"og:url\" content=\"https:\/\/aycastanaflamenco.com\/index.php\/cours-en-ligne\/\" \/>\n<meta property=\"og:site_name\" content=\"\u00a1 Ay Casta\u00f1a ! Flamenco\" \/>\n<meta property=\"article:modified_time\" content=\"2023-08-30T12:27:34+00:00\" \/>\n<meta property=\"og:image\" content=\"https:\/\/aycastanaflamenco.com\/wp-content\/uploads\/2023\/08\/FLAMENCO-en-ligne-724x1024.png\" \/>\n<meta name=\"twitter:card\" content=\"summary_large_image\" \/>\n<meta name=\"twitter:label1\" content=\"Dur\u00e9e de lecture estim\u00e9e\" \/>\n\t<meta name=\"twitter:data1\" content=\"2 minutes\" \/>\n<script type=\"application\/ld+json\" class=\"yoast-schema-graph\">{\"@context\":\"https:\/\/schema.org\",\"@graph\":[{\"@type\":\"WebPage\",\"@id\":\"https:\/\/aycastanaflamenco.com\/index.php\/cours-en-ligne\/\",\"url\":\"https:\/\/aycastanaflamenco.com\/index.php\/cours-en-ligne\/\",\"name\":\"Cours en ligne - \u00a1 Ay Casta\u00f1a ! Flamenco\",\"isPartOf\":{\"@id\":\"https:\/\/aycastanaflamenco.com\/#website\"},\"primaryImageOfPage\":{\"@id\":\"https:\/\/aycastanaflamenco.com\/index.php\/cours-en-ligne\/#primaryimage\"},\"image\":{\"@id\":\"https:\/\/aycastanaflamenco.com\/index.php\/cours-en-ligne\/#primaryimage\"},\"thumbnailUrl\":\"https:\/\/aycastanaflamenco.com\/wp-content\/uploads\/2023\/08\/FLAMENCO-en-ligne-724x1024.png\",\"datePublished\":\"2023-08-30T11:47:29+00:00\",\"dateModified\":\"2023-08-30T12:27:34+00:00\",\"breadcrumb\":{\"@id\":\"https:\/\/aycastanaflamenco.com\/index.php\/cours-en-ligne\/#breadcrumb\"},\"inLanguage\":\"fr-FR\",\"potentialAction\":[{\"@type\":\"ReadAction\",\"target\":[\"https:\/\/aycastanaflamenco.com\/index.php\/cours-en-ligne\/\"]}]},{\"@type\":\"ImageObject\",\"inLanguage\":\"fr-FR\",\"@id\":\"https:\/\/aycastanaflamenco.com\/index.php\/cours-en-ligne\/#primaryimage\",\"url\":\"https:\/\/aycastanaflamenco.com\/wp-content\/uploads\/2023\/08\/FLAMENCO-en-ligne.png\",\"contentUrl\":\"https:\/\/aycastanaflamenco.com\/wp-content\/uploads\/2023\/08\/FLAMENCO-en-ligne.png\",\"width\":1587,\"height\":2245},{\"@type\":\"BreadcrumbList\",\"@id\":\"https:\/\/aycastanaflamenco.com\/index.php\/cours-en-ligne\/#breadcrumb\",\"itemListElement\":[{\"@type\":\"ListItem\",\"position\":1,\"name\":\"Accueil\"},{\"@type\":\"ListItem\",\"position\":2,\"name\":\"Cours en ligne\"}]},{\"@type\":\"WebSite\",\"@id\":\"https:\/\/aycastanaflamenco.com\/#website\",\"url\":\"https:\/\/aycastanaflamenco.com\/\",\"name\":\"\u00a1 Ay Casta\u00f1a ! Flamenco\",\"description\":\"\",\"publisher\":{\"@id\":\"https:\/\/aycastanaflamenco.com\/#organization\"},\"potentialAction\":[{\"@type\":\"SearchAction\",\"target\":{\"@type\":\"EntryPoint\",\"urlTemplate\":\"https:\/\/aycastanaflamenco.com\/?s={search_term_string}\"},\"query-input\":{\"@type\":\"PropertyValueSpecification\",\"valueRequired\":true,\"valueName\":\"search_term_string\"}}],\"inLanguage\":\"fr-FR\"},{\"@type\":\"Organization\",\"@id\":\"https:\/\/aycastanaflamenco.com\/#organization\",\"name\":\"Ay Castana Flamenco\",\"url\":\"https:\/\/aycastanaflamenco.com\/\",\"logo\":{\"@type\":\"ImageObject\",\"inLanguage\":\"fr-FR\",\"@id\":\"https:\/\/aycastanaflamenco.com\/#\/schema\/logo\/image\/\",\"url\":\"https:\/\/aycastanaflamenco.com\/wp-content\/uploads\/2020\/04\/cropped-Logo-Playlist.png\",\"contentUrl\":\"https:\/\/aycastanaflamenco.com\/wp-content\/uploads\/2020\/04\/cropped-Logo-Playlist.png\",\"width\":500,\"height\":176,\"caption\":\"Ay Castana Flamenco\"},\"image\":{\"@id\":\"https:\/\/aycastanaflamenco.com\/#\/schema\/logo\/image\/\"}}]}<\/script>\n<!-- \/ Yoast SEO plugin. -->","yoast_head_json":{"title":"Cours en ligne - \u00a1 Ay Casta\u00f1a ! Flamenco","robots":{"index":"index","follow":"follow","max-snippet":"max-snippet:-1","max-image-preview":"max-image-preview:large","max-video-preview":"max-video-preview:-1"},"canonical":"https:\/\/aycastanaflamenco.com\/index.php\/cours-en-ligne\/","og_locale":"fr_FR","og_type":"article","og_title":"Cours en ligne - \u00a1 Ay Casta\u00f1a ! Flamenco","og_description":"La Cie Flamenca \u00a1 Ay Casta\u00f1a ! proposera&nbsp;un atelier en ligne&nbsp;tous les&nbsp;mercredis de 19h45 \u00e0 20h45&nbsp;\u00e0 partir\u2026","og_url":"https:\/\/aycastanaflamenco.com\/index.php\/cours-en-ligne\/","og_site_name":"\u00a1 Ay Casta\u00f1a ! Flamenco","article_modified_time":"2023-08-30T12:27:34+00:00","og_image":[{"url":"https:\/\/aycastanaflamenco.com\/wp-content\/uploads\/2023\/08\/FLAMENCO-en-ligne-724x1024.png","type":"","width":"","height":""}],"twitter_card":"summary_large_image","twitter_misc":{"Dur\u00e9e de lecture estim\u00e9e":"2 minutes"},"schema":{"@context":"https:\/\/schema.org","@graph":[{"@type":"WebPage","@id":"https:\/\/aycastanaflamenco.com\/index.php\/cours-en-ligne\/","url":"https:\/\/aycastanaflamenco.com\/index.php\/cours-en-ligne\/","name":"Cours en ligne - \u00a1 Ay Casta\u00f1a ! Flamenco","isPartOf":{"@id":"https:\/\/aycastanaflamenco.com\/#website"},"primaryImageOfPage":{"@id":"https:\/\/aycastanaflamenco.com\/index.php\/cours-en-ligne\/#primaryimage"},"image":{"@id":"https:\/\/aycastanaflamenco.com\/index.php\/cours-en-ligne\/#primaryimage"},"thumbnailUrl":"https:\/\/aycastanaflamenco.com\/wp-content\/uploads\/2023\/08\/FLAMENCO-en-ligne-724x1024.png","datePublished":"2023-08-30T11:47:29+00:00","dateModified":"2023-08-30T12:27:34+00:00","breadcrumb":{"@id":"https:\/\/aycastanaflamenco.com\/index.php\/cours-en-ligne\/#breadcrumb"},"inLanguage":"fr-FR","potentialAction":[{"@type":"ReadAction","target":["https:\/\/aycastanaflamenco.com\/index.php\/cours-en-ligne\/"]}]},{"@type":"ImageObject","inLanguage":"fr-FR","@id":"https:\/\/aycastanaflamenco.com\/index.php\/cours-en-ligne\/#primaryimage","url":"https:\/\/aycastanaflamenco.com\/wp-content\/uploads\/2023\/08\/FLAMENCO-en-ligne.png","contentUrl":"https:\/\/aycastanaflamenco.com\/wp-content\/uploads\/2023\/08\/FLAMENCO-en-ligne.png","width":1587,"height":2245},{"@type":"BreadcrumbList","@id":"https:\/\/aycastanaflamenco.com\/index.php\/cours-en-ligne\/#breadcrumb","itemListElement":[{"@type":"ListItem","position":1,"name":"Accueil"},{"@type":"ListItem","position":2,"name":"Cours en ligne"}]},{"@type":"WebSite","@id":"https:\/\/aycastanaflamenco.com\/#website","url":"https:\/\/aycastanaflamenco.com\/","name":"\u00a1 Ay Casta\u00f1a ! Flamenco","description":"","publisher":{"@id":"https:\/\/aycastanaflamenco.com\/#organization"},"potentialAction":[{"@type":"SearchAction","target":{"@type":"EntryPoint","urlTemplate":"https:\/\/aycastanaflamenco.com\/?s={search_term_string}"},"query-input":{"@type":"PropertyValueSpecification","valueRequired":true,"valueName":"search_term_string"}}],"inLanguage":"fr-FR"},{"@type":"Organization","@id":"https:\/\/aycastanaflamenco.com\/#organization","name":"Ay Castana Flamenco","url":"https:\/\/aycastanaflamenco.com\/","logo":{"@type":"ImageObject","inLanguage":"fr-FR","@id":"https:\/\/aycastanaflamenco.com\/#\/schema\/logo\/image\/","url":"https:\/\/aycastanaflamenco.com\/wp-content\/uploads\/2020\/04\/cropped-Logo-Playlist.png","contentUrl":"https:\/\/aycastanaflamenco.com\/wp-content\/uploads\/2020\/04\/cropped-Logo-Playlist.png","width":500,"height":176,"caption":"Ay Castana Flamenco"},"image":{"@id":"https:\/\/aycastanaflamenco.com\/#\/schema\/logo\/image\/"}}]}},"_links":{"self":[{"href":"https:\/\/aycastanaflamenco.com\/index.php\/wp-json\/wp\/v2\/pages\/982","targetHints":{"allow":["GET"]}}],"collection":[{"href":"https:\/\/aycastanaflamenco.com\/index.php\/wp-json\/wp\/v2\/pages"}],"about":[{"href":"https:\/\/aycastanaflamenco.com\/index.php\/wp-json\/wp\/v2\/types\/page"}],"author":[{"embeddable":true,"href":"https:\/\/aycastanaflamenco.com\/index.php\/wp-json\/wp\/v2\/users\/1"}],"replies":[{"embeddable":true,"href":"https:\/\/aycastanaflamenco.com\/index.php\/wp-json\/wp\/v2\/comments?post=982"}],"version-history":[{"count":4,"href":"https:\/\/aycastanaflamenco.com\/index.php\/wp-json\/wp\/v2\/pages\/982\/revisions"}],"predecessor-version":[{"id":1011,"href":"https:\/\/aycastanaflamenco.com\/index.php\/wp-json\/wp\/v2\/pages\/982\/revisions\/1011"}],"wp:attachment":[{"href":"https:\/\/aycastanaflamenco.com\/index.php\/wp-json\/wp\/v2\/media?parent=982"}],"curies":[{"name":"wp","href":"https:\/\/api.w.org\/{rel}","templated":true}]}}