{"id":986,"date":"2023-08-30T13:58:37","date_gmt":"2023-08-30T11:58:37","guid":{"rendered":"https:\/\/aycastanaflamenco.com\/?page_id=986"},"modified":"2025-09-04T16:30:25","modified_gmt":"2025-09-04T14:30:25","slug":"stages","status":"publish","type":"page","link":"https:\/\/aycastanaflamenco.com\/index.php\/stages\/","title":{"rendered":"Stages de flamenco \u00e0 Paris"},"content":{"rendered":"\n<hr class=\"wp-block-separator has-alpha-channel-opacity\"\/>\n\n\n<div class=\"wp-block-image\">\n<figure class=\"aligncenter size-large is-resized\"><img loading=\"lazy\" decoding=\"async\" width=\"724\" height=\"1024\" src=\"https:\/\/aycastanaflamenco.com\/wp-content\/uploads\/2025\/08\/weekends-flamenco-724x1024.png\" alt=\"\" class=\"wp-image-1067\" style=\"width:450px\" srcset=\"https:\/\/aycastanaflamenco.com\/wp-content\/uploads\/2025\/08\/weekends-flamenco-724x1024.png 724w, https:\/\/aycastanaflamenco.com\/wp-content\/uploads\/2025\/08\/weekends-flamenco-212x300.png 212w, https:\/\/aycastanaflamenco.com\/wp-content\/uploads\/2025\/08\/weekends-flamenco-768x1086.png 768w, https:\/\/aycastanaflamenco.com\/wp-content\/uploads\/2025\/08\/weekends-flamenco-1086x1536.png 1086w, https:\/\/aycastanaflamenco.com\/wp-content\/uploads\/2025\/08\/weekends-flamenco-800x1132.png 800w, https:\/\/aycastanaflamenco.com\/wp-content\/uploads\/2025\/08\/weekends-flamenco.png 1414w\" sizes=\"auto, (max-width: 724px) 100vw, 724px\" \/><\/figure><\/div>\n\n\n<p><\/p>\n\n\n\n<hr class=\"wp-block-separator has-alpha-channel-opacity\"\/>\n\n\n\n<p style=\"font-size:16px\">Les dates des stages pour la saison 2025-2026 sont d&rsquo;ores et d\u00e9j\u00e0 programm\u00e9es alors, \u00e0 vos agendas !<br>Les stages se d\u00e9rouleront&nbsp;sur deux jours (samedi et dimanche) et seront divis\u00e9s en deux niveaux :<\/p>\n\n\n\n<p style=\"font-size:16px\">11h-12h30 : d\u00e9butant (Farruca)<br>12h30-14h : inter-avanc\u00e9 (Buler\u00edas)<\/p>\n\n\n\n<p style=\"font-size:16px\">Ils seront anim\u00e9s par les deux danseuses de la compagnie, Ad\u00e8le Brugidou et Emilie Pathenay. L&rsquo;une se chargera de la premi\u00e8re journ\u00e9e et l&rsquo;autre de la deuxi\u00e8me : un m\u00eame palo, une continuit\u00e9 dans l&rsquo;apprentissage mais deux p\u00e9dagogies et styles diff\u00e9rents !<\/p>\n\n\n\n<p style=\"font-size:16px\">La billetterie des stages est d\u00e9j\u00e0 en ligne, vous pouvez donc d&rsquo;ores et d\u00e9j\u00e0 r\u00e9server vos places :<br><a href=\"https:\/\/www.helloasso.com\/associations\/cie-flamenca-ay-castana\/evenements\/week-end-flamenco\">https:\/\/www.helloasso.com\/associations\/cie-flamenca-ay-castana\/evenements\/week-end-flamenco<\/a><\/p>\n\n\n\n<p style=\"font-size:16px\">Nous proposons un pack de 3 stages pour toute personne qui souhaiterait s&rsquo;inscrire d\u00e8s maintenant: 150\u20ac au lieu de 165\u20ac<\/p>\n\n\n\n<p style=\"font-size:16px\">Toute participation aux stages est soumise au r\u00e8glement de l&rsquo;adh\u00e9sion \u00e0 l&rsquo;association :<br><a href=\"https:\/\/www.helloasso.com\/associations\/cie-flamenca-ay-castana\/adhesions\/adhesion-2025-2026\"><span style=\"text-decoration: underline;\">https:\/\/www.helloasso.com\/associations\/cie-flamenca-ay-castana\/adhesions\/adhesion-2025-2026<\/span><\/a><\/p>\n\n\n\n<p style=\"font-size:16px\">Nous vous attendons nombreux et nombreuses !<\/p>\n\n\n\n<div class=\"wp-block-buttons is-layout-flex wp-block-buttons-is-layout-flex\">\n<div class=\"wp-block-button aligncenter is-style-outline is-style-outline--1\"><a class=\"wp-block-button__link has-white-background-color has-text-color has-background wp-element-button\" style=\"color:#ff5757\"><strong>\u00c9crivez-nous pour toute demande d&rsquo;information sur nos cours et nos stages<\/strong><\/a><\/div>\n<\/div>\n","protected":false},"excerpt":{"rendered":"<p>Les dates des stages pour la saison 2025-2026 sont d&rsquo;ores et d\u00e9j\u00e0 programm\u00e9es alors, \u00e0 vos agendas\u2026<\/p>\n","protected":false},"author":1,"featured_media":0,"parent":0,"menu_order":0,"comment_status":"closed","ping_status":"closed","template":"","meta":{"_monsterinsights_skip_tracking":false,"_monsterinsights_sitenote_active":false,"_monsterinsights_sitenote_note":"","_monsterinsights_sitenote_category":0,"footnotes":""},"class_list":["post-986","page","type-page","status-publish","hentry"],"yoast_head":"<!-- This site is optimized with the Yoast SEO plugin v25.2 - https:\/\/yoast.com\/wordpress\/plugins\/seo\/ -->\n<title>Stages de flamenco \u00e0 Paris - \u00a1 Ay Casta\u00f1a ! Flamenco<\/title>\n<meta name=\"robots\" content=\"index, follow, max-snippet:-1, max-image-preview:large, max-video-preview:-1\" \/>\n<link rel=\"canonical\" href=\"https:\/\/aycastanaflamenco.com\/index.php\/stages\/\" \/>\n<meta property=\"og:locale\" content=\"fr_FR\" \/>\n<meta property=\"og:type\" content=\"article\" \/>\n<meta property=\"og:title\" content=\"Stages de flamenco \u00e0 Paris - \u00a1 Ay Casta\u00f1a ! Flamenco\" \/>\n<meta property=\"og:description\" content=\"Les dates des stages pour la saison 2025-2026 sont d&rsquo;ores et d\u00e9j\u00e0 programm\u00e9es alors, \u00e0 vos agendas\u2026\" \/>\n<meta property=\"og:url\" content=\"https:\/\/aycastanaflamenco.com\/index.php\/stages\/\" \/>\n<meta property=\"og:site_name\" content=\"\u00a1 Ay Casta\u00f1a ! Flamenco\" \/>\n<meta property=\"article:modified_time\" content=\"2025-09-04T14:30:25+00:00\" \/>\n<meta property=\"og:image\" content=\"https:\/\/aycastanaflamenco.com\/wp-content\/uploads\/2025\/08\/weekends-flamenco-724x1024.png\" \/>\n\t<meta property=\"og:image:width\" content=\"724\" \/>\n\t<meta property=\"og:image:height\" content=\"1024\" \/>\n\t<meta property=\"og:image:type\" content=\"image\/png\" \/>\n<meta name=\"twitter:card\" content=\"summary_large_image\" \/>\n<meta name=\"twitter:label1\" content=\"Dur\u00e9e de lecture estim\u00e9e\" \/>\n\t<meta name=\"twitter:data1\" content=\"1 minute\" \/>\n<script type=\"application\/ld+json\" class=\"yoast-schema-graph\">{\"@context\":\"https:\/\/schema.org\",\"@graph\":[{\"@type\":\"WebPage\",\"@id\":\"https:\/\/aycastanaflamenco.com\/index.php\/stages\/\",\"url\":\"https:\/\/aycastanaflamenco.com\/index.php\/stages\/\",\"name\":\"Stages de flamenco \u00e0 Paris - \u00a1 Ay Casta\u00f1a ! Flamenco\",\"isPartOf\":{\"@id\":\"https:\/\/aycastanaflamenco.com\/#website\"},\"primaryImageOfPage\":{\"@id\":\"https:\/\/aycastanaflamenco.com\/index.php\/stages\/#primaryimage\"},\"image\":{\"@id\":\"https:\/\/aycastanaflamenco.com\/index.php\/stages\/#primaryimage\"},\"thumbnailUrl\":\"https:\/\/aycastanaflamenco.com\/wp-content\/uploads\/2025\/08\/weekends-flamenco-724x1024.png\",\"datePublished\":\"2023-08-30T11:58:37+00:00\",\"dateModified\":\"2025-09-04T14:30:25+00:00\",\"breadcrumb\":{\"@id\":\"https:\/\/aycastanaflamenco.com\/index.php\/stages\/#breadcrumb\"},\"inLanguage\":\"fr-FR\",\"potentialAction\":[{\"@type\":\"ReadAction\",\"target\":[\"https:\/\/aycastanaflamenco.com\/index.php\/stages\/\"]}]},{\"@type\":\"ImageObject\",\"inLanguage\":\"fr-FR\",\"@id\":\"https:\/\/aycastanaflamenco.com\/index.php\/stages\/#primaryimage\",\"url\":\"https:\/\/aycastanaflamenco.com\/wp-content\/uploads\/2025\/08\/weekends-flamenco.png\",\"contentUrl\":\"https:\/\/aycastanaflamenco.com\/wp-content\/uploads\/2025\/08\/weekends-flamenco.png\",\"width\":1414,\"height\":2000},{\"@type\":\"BreadcrumbList\",\"@id\":\"https:\/\/aycastanaflamenco.com\/index.php\/stages\/#breadcrumb\",\"itemListElement\":[{\"@type\":\"ListItem\",\"position\":1,\"name\":\"Accueil\"},{\"@type\":\"ListItem\",\"position\":2,\"name\":\"Stages de flamenco \u00e0 Paris\"}]},{\"@type\":\"WebSite\",\"@id\":\"https:\/\/aycastanaflamenco.com\/#website\",\"url\":\"https:\/\/aycastanaflamenco.com\/\",\"name\":\"\u00a1 Ay Casta\u00f1a ! Flamenco\",\"description\":\"\",\"publisher\":{\"@id\":\"https:\/\/aycastanaflamenco.com\/#organization\"},\"potentialAction\":[{\"@type\":\"SearchAction\",\"target\":{\"@type\":\"EntryPoint\",\"urlTemplate\":\"https:\/\/aycastanaflamenco.com\/?s={search_term_string}\"},\"query-input\":{\"@type\":\"PropertyValueSpecification\",\"valueRequired\":true,\"valueName\":\"search_term_string\"}}],\"inLanguage\":\"fr-FR\"},{\"@type\":\"Organization\",\"@id\":\"https:\/\/aycastanaflamenco.com\/#organization\",\"name\":\"Ay Castana Flamenco\",\"url\":\"https:\/\/aycastanaflamenco.com\/\",\"logo\":{\"@type\":\"ImageObject\",\"inLanguage\":\"fr-FR\",\"@id\":\"https:\/\/aycastanaflamenco.com\/#\/schema\/logo\/image\/\",\"url\":\"https:\/\/aycastanaflamenco.com\/wp-content\/uploads\/2020\/04\/cropped-Logo-Playlist.png\",\"contentUrl\":\"https:\/\/aycastanaflamenco.com\/wp-content\/uploads\/2020\/04\/cropped-Logo-Playlist.png\",\"width\":500,\"height\":176,\"caption\":\"Ay Castana Flamenco\"},\"image\":{\"@id\":\"https:\/\/aycastanaflamenco.com\/#\/schema\/logo\/image\/\"}}]}<\/script>\n<!-- \/ Yoast SEO plugin. -->","yoast_head_json":{"title":"Stages de flamenco \u00e0 Paris - \u00a1 Ay Casta\u00f1a ! Flamenco","robots":{"index":"index","follow":"follow","max-snippet":"max-snippet:-1","max-image-preview":"max-image-preview:large","max-video-preview":"max-video-preview:-1"},"canonical":"https:\/\/aycastanaflamenco.com\/index.php\/stages\/","og_locale":"fr_FR","og_type":"article","og_title":"Stages de flamenco \u00e0 Paris - \u00a1 Ay Casta\u00f1a ! Flamenco","og_description":"Les dates des stages pour la saison 2025-2026 sont d&rsquo;ores et d\u00e9j\u00e0 programm\u00e9es alors, \u00e0 vos agendas\u2026","og_url":"https:\/\/aycastanaflamenco.com\/index.php\/stages\/","og_site_name":"\u00a1 Ay Casta\u00f1a ! Flamenco","article_modified_time":"2025-09-04T14:30:25+00:00","og_image":[{"width":724,"height":1024,"url":"https:\/\/aycastanaflamenco.com\/wp-content\/uploads\/2025\/08\/weekends-flamenco-724x1024.png","type":"image\/png"}],"twitter_card":"summary_large_image","twitter_misc":{"Dur\u00e9e de lecture estim\u00e9e":"1 minute"},"schema":{"@context":"https:\/\/schema.org","@graph":[{"@type":"WebPage","@id":"https:\/\/aycastanaflamenco.com\/index.php\/stages\/","url":"https:\/\/aycastanaflamenco.com\/index.php\/stages\/","name":"Stages de flamenco \u00e0 Paris - \u00a1 Ay Casta\u00f1a ! Flamenco","isPartOf":{"@id":"https:\/\/aycastanaflamenco.com\/#website"},"primaryImageOfPage":{"@id":"https:\/\/aycastanaflamenco.com\/index.php\/stages\/#primaryimage"},"image":{"@id":"https:\/\/aycastanaflamenco.com\/index.php\/stages\/#primaryimage"},"thumbnailUrl":"https:\/\/aycastanaflamenco.com\/wp-content\/uploads\/2025\/08\/weekends-flamenco-724x1024.png","datePublished":"2023-08-30T11:58:37+00:00","dateModified":"2025-09-04T14:30:25+00:00","breadcrumb":{"@id":"https:\/\/aycastanaflamenco.com\/index.php\/stages\/#breadcrumb"},"inLanguage":"fr-FR","potentialAction":[{"@type":"ReadAction","target":["https:\/\/aycastanaflamenco.com\/index.php\/stages\/"]}]},{"@type":"ImageObject","inLanguage":"fr-FR","@id":"https:\/\/aycastanaflamenco.com\/index.php\/stages\/#primaryimage","url":"https:\/\/aycastanaflamenco.com\/wp-content\/uploads\/2025\/08\/weekends-flamenco.png","contentUrl":"https:\/\/aycastanaflamenco.com\/wp-content\/uploads\/2025\/08\/weekends-flamenco.png","width":1414,"height":2000},{"@type":"BreadcrumbList","@id":"https:\/\/aycastanaflamenco.com\/index.php\/stages\/#breadcrumb","itemListElement":[{"@type":"ListItem","position":1,"name":"Accueil"},{"@type":"ListItem","position":2,"name":"Stages de flamenco \u00e0 Paris"}]},{"@type":"WebSite","@id":"https:\/\/aycastanaflamenco.com\/#website","url":"https:\/\/aycastanaflamenco.com\/","name":"\u00a1 Ay Casta\u00f1a ! Flamenco","description":"","publisher":{"@id":"https:\/\/aycastanaflamenco.com\/#organization"},"potentialAction":[{"@type":"SearchAction","target":{"@type":"EntryPoint","urlTemplate":"https:\/\/aycastanaflamenco.com\/?s={search_term_string}"},"query-input":{"@type":"PropertyValueSpecification","valueRequired":true,"valueName":"search_term_string"}}],"inLanguage":"fr-FR"},{"@type":"Organization","@id":"https:\/\/aycastanaflamenco.com\/#organization","name":"Ay Castana Flamenco","url":"https:\/\/aycastanaflamenco.com\/","logo":{"@type":"ImageObject","inLanguage":"fr-FR","@id":"https:\/\/aycastanaflamenco.com\/#\/schema\/logo\/image\/","url":"https:\/\/aycastanaflamenco.com\/wp-content\/uploads\/2020\/04\/cropped-Logo-Playlist.png","contentUrl":"https:\/\/aycastanaflamenco.com\/wp-content\/uploads\/2020\/04\/cropped-Logo-Playlist.png","width":500,"height":176,"caption":"Ay Castana Flamenco"},"image":{"@id":"https:\/\/aycastanaflamenco.com\/#\/schema\/logo\/image\/"}}]}},"_links":{"self":[{"href":"https:\/\/aycastanaflamenco.com\/index.php\/wp-json\/wp\/v2\/pages\/986","targetHints":{"allow":["GET"]}}],"collection":[{"href":"https:\/\/aycastanaflamenco.com\/index.php\/wp-json\/wp\/v2\/pages"}],"about":[{"href":"https:\/\/aycastanaflamenco.com\/index.php\/wp-json\/wp\/v2\/types\/page"}],"author":[{"embeddable":true,"href":"https:\/\/aycastanaflamenco.com\/index.php\/wp-json\/wp\/v2\/users\/1"}],"replies":[{"embeddable":true,"href":"https:\/\/aycastanaflamenco.com\/index.php\/wp-json\/wp\/v2\/comments?post=986"}],"version-history":[{"count":13,"href":"https:\/\/aycastanaflamenco.com\/index.php\/wp-json\/wp\/v2\/pages\/986\/revisions"}],"predecessor-version":[{"id":1122,"href":"https:\/\/aycastanaflamenco.com\/index.php\/wp-json\/wp\/v2\/pages\/986\/revisions\/1122"}],"wp:attachment":[{"href":"https:\/\/aycastanaflamenco.com\/index.php\/wp-json\/wp\/v2\/media?parent=986"}],"curies":[{"name":"wp","href":"https:\/\/api.w.org\/{rel}","templated":true}]}}